{"id":60504,"date":"2026-04-01T15:26:06","date_gmt":"2026-04-01T14:26:06","guid":{"rendered":"https:\/\/bigbuy.tupique.com\/produto\/combined-refrigerator-sharp-sjftb30itxlees-steel\/"},"modified":"2026-05-11T19:56:36","modified_gmt":"2026-05-11T17:56:36","slug":"combined-refrigerator-sharp-sjftb30itxlees-steel","status":"publish","type":"product","link":"https:\/\/bigbuy.tupique.com\/en\/produto\/combined-refrigerator-sharp-sjftb30itxlees-steel\/","title":{"rendered":"R\u00e9frig\u00e9rateur Combin\u00e9 Sharp SJFTB30ITXLEES Acier"},"content":{"rendered":"<p>Si vous pensez r\u00e9nover votre cuisine, achetez <b>R\u00e9frig\u00e9rateur Combin\u00e9 Sharp SJFTB30ITXLEES Acier<\/b> et d\u00b4autres <b>produits Sharp<\/b> !<\/p>\n<p>Le <b>Sharp SJFTB30ITXLEES<\/b> est un <b>r\u00e9frig\u00e9rateur combin\u00e9<\/b> en pose libre con\u00e7u pour ceux qui recherchent fonctionnalit\u00e9 et efficacit\u00e9 dans leur cuisine. Avec une <b>capacit\u00e9 totale de 242 litres<\/b>, ce r\u00e9frig\u00e9rateur s\u2019adapte parfaitement au stockage quotidien des aliments frais et surgel\u00e9s, offrant un espace suffisant pour une famille moyenne. Ses <b>dimensions compactes de 175 x 60 cm<\/b> permettent une installation facile dans la plupart des cuisines, proposant une solution efficace sans occuper trop de place. La finition en <b>acier inoxydable<\/b> apporte non seulement un aspect moderne et \u00e9l\u00e9gant, mais facilite aussi le nettoyage et assure une grande durabilit\u00e9 face \u00e0 l\u2019usage quotidien. Sa <b>classe \u00e9nerg\u00e9tique E<\/b> repr\u00e9sente un \u00e9quilibre entre consommation d\u2019\u00e9nergie et performance, permettant un fonctionnement responsable en mati\u00e8re de consommation \u00e9lectrique. Le design ind\u00e9pendant et la pr\u00e9sence d\u2019une <b>prise europ\u00e9enne<\/b> garantissent une installation simple et flexible dans tout foyer \u00e9quip\u00e9 d\u2019un r\u00e9seau \u00e9lectrique standard. Dans l\u2019ensemble, ce mod\u00e8le Sharp allie fiabilit\u00e9, capacit\u00e9 optimale et facilit\u00e9 d\u2019utilisation, se positionnant comme un choix pratique et robuste parmi les r\u00e9frig\u00e9rateurs combin\u00e9s de dimensions standards.<\/p>\n<ul>\n<li>Produit \u00e0 brancher: Oui<\/li>\n<li>Type de prise: Prise EU<\/li>\n<li>Bloc d\u2019Alimentation: r\u00e9seau \u00e9lectrique<\/li>\n<li>Couleur: Acier<\/li>\n<li>Largeur: 60 cm<\/li>\n<li>Classification \u00e9nerg\u00e9tique: E<\/li>\n<li>\u00c9lev\u00e9: 175 cm<\/li>\n<li>Capacit\u00e9 du cong\u00e9lateur: 70 L<\/li>\n<li>Capacit\u00e9: 242 l<\/li>\n<li>Dimensions approx.: 175 x 60 cm<\/li>\n<li>Mati\u00e8re: Acier inoxydable<\/li>\n<li>Type d&#8217;installation: Auto-assemblage<\/li>\n<li>Portes: 2 portes<\/li>\n<\/ul>","protected":false},"excerpt":{"rendered":"<p><span class=\"unit-info\">2.4958 &euro; \/ 1 l<\/span><\/p>","protected":false},"featured_media":60503,"comment_status":"open","ping_status":"closed","template":"","meta":[],"product_brand":[1088],"product_cat":[60,77,226],"product_tag":[56],"class_list":{"0":"post-60504","1":"product","2":"type-product","3":"status-publish","4":"has-post-thumbnail","6":"product_brand-brandp_3340","7":"product_cat-cuisine-gourmet","8":"product_cat-petit-electromenager","9":"product_cat-refrigerateurs-et-congelateurs","10":"product_tag-tag_930","12":"first","13":"instock","14":"taxable","15":"shipping-taxable","16":"purchasable","17":"product-type-simple"},"_links":{"self":[{"href":"https:\/\/bigbuy.tupique.com\/en\/wp-json\/wp\/v2\/product\/60504","targetHints":{"allow":["GET"]}}],"collection":[{"href":"https:\/\/bigbuy.tupique.com\/en\/wp-json\/wp\/v2\/product"}],"about":[{"href":"https:\/\/bigbuy.tupique.com\/en\/wp-json\/wp\/v2\/types\/product"}],"replies":[{"embeddable":true,"href":"https:\/\/bigbuy.tupique.com\/en\/wp-json\/wp\/v2\/comments?post=60504"}],"wp:featuredmedia":[{"embeddable":true,"href":"https:\/\/bigbuy.tupique.com\/en\/wp-json\/wp\/v2\/media\/60503"}],"wp:attachment":[{"href":"https:\/\/bigbuy.tupique.com\/en\/wp-json\/wp\/v2\/media?parent=60504"}],"wp:term":[{"taxonomy":"product_brand","embeddable":true,"href":"https:\/\/bigbuy.tupique.com\/en\/wp-json\/wp\/v2\/product_brand?post=60504"},{"taxonomy":"product_cat","embeddable":true,"href":"https:\/\/bigbuy.tupique.com\/en\/wp-json\/wp\/v2\/product_cat?post=60504"},{"taxonomy":"product_tag","embeddable":true,"href":"https:\/\/bigbuy.tupique.com\/en\/wp-json\/wp\/v2\/product_tag?post=60504"}],"curies":[{"name":"wp","href":"https:\/\/api.w.org\/{rel}","templated":true}]}}