{"id":60380,"date":"2026-04-01T15:20:23","date_gmt":"2026-04-01T14:20:23","guid":{"rendered":"https:\/\/bigbuy.tupique.com\/produto\/sports-camera-gopro-hero12-black\/"},"modified":"2026-04-15T01:23:44","modified_gmt":"2026-04-15T00:23:44","slug":"sports-camera-gopro-hero12-black","status":"publish","type":"product","link":"https:\/\/bigbuy.tupique.com\/en\/produto\/sports-camera-gopro-hero12-black\/","title":{"rendered":"Cam\u00e9ra de sport GoPro HERO12 Noir"},"content":{"rendered":"<p>Si vous \u00eates passionn\u00e9 d&#8217;<b>informatique et d&#8217;\u00e9lectronique<\/b>, si vous \u00eates \u00e0 la pointe de la technologie et qu&#8217;aucun d\u00e9tail ne vous \u00e9chappe, achetez <b>Cam\u00e9ra de sport GoPro HERO12 Noir<\/b> au meilleur prix.<\/p>\n<p>La <b>GoPro HERO12<\/b> est une <b>cam\u00e9ra sportive<\/b> avanc\u00e9e con\u00e7ue pour capturer des images et vid\u00e9os d\u2019une qualit\u00e9 exceptionnelle dans tous types d\u2019environnements et conditions. Avec une <b>r\u00e9solution maximale d\u2019image de 5568 x 4872 pixels<\/b> et un enregistrement en <b>5K Ultra HD<\/b>, cette cam\u00e9ra offre une nettet\u00e9 et un d\u00e9tail remarquables, id\u00e9aux pour les utilisateurs recherchant des r\u00e9sultats professionnels ou un haut niveau de qualit\u00e9 dans leurs contenus audiovisuels. Sa finition en <b>noir<\/b> lui conf\u00e8re un design sobre et r\u00e9sistant, adapt\u00e9 aux activit\u00e9s en ext\u00e9rieur ou aux sports d\u2019action. Elle int\u00e8gre un <b>\u00e9cran LCD tactile<\/b> facilitant la visualisation et la gestion intuitive de ses fonctions, tandis que son <b>microphone int\u00e9gr\u00e9<\/b> et ses <b>haut-parleurs incorpor\u00e9s<\/b> permettent une capture et une restitution audio claires, am\u00e9liorant l\u2019exp\u00e9rience multim\u00e9dia sans accessoires suppl\u00e9mentaires. C\u00f4t\u00e9 connectivit\u00e9, elle dispose des technologies <b>Bluetooth<\/b> et <b>Wi-Fi<\/b>, permettant un transfert rapide et simple des fichiers, ainsi que la possibilit\u00e9 de piloter la cam\u00e9ra \u00e0 distance via des appareils compatibles. Sa connexion <b>USB-C<\/b> assure une charge et un transfert de donn\u00e9es efficaces, optimisant l\u2019usage pour les sports ou situations o\u00f9 le temps est crucial. Elle p\u00e8se environ <b>154 grammes avec batterie<\/b>, ce qui en fait une cam\u00e9ra l\u00e9g\u00e8re et facile \u00e0 transporter, sans sacrifier robustesse ni autonomie. La GoPro HERO12 r\u00e9unit toutes ces caract\u00e9ristiques dans un format compact et polyvalent, id\u00e9al pour cyclistes, sportifs, voyageurs et cr\u00e9ateurs de contenu qui exigent un \u00e9quipement fiable, agile et capable de capturer chaque d\u00e9tail de leurs aventures. Ce mod\u00e8le repr\u00e9sente une solution technique compl\u00e8te dans la gamme des cam\u00e9ras sportives haute d\u00e9finition, alliant qualit\u00e9 d\u2019image, connectivit\u00e9 et facilit\u00e9 d\u2019utilisation pour les utilisateurs exigeants.<\/p>\n<ul>\n<li>Type: Cam\u00e9ra de sport<\/li>\n<li>Produit \u00e0 brancher: Oui<\/li>\n<li>Type de prise: Prise EU<\/li>\n<li>Bloc d\u2019Alimentation:\n<ul>\n<li>r\u00e9seau \u00e9lectrique<\/li>\n<li>Batterie<\/li>\n<\/ul>\n<\/li>\n<li>Couleur: Noir<\/li>\n<li>Caract\u00e9ristiques:\n<ul>\n<li>Ecran tactile<\/li>\n<li>\u00c9cran integr\u00e9<\/li>\n<li>Haut-parleurs int\u00e9gr\u00e9s<\/li>\n<li>\u00c9cran LCD<\/li>\n<li>Microphone int\u00e9gr\u00e9<\/li>\n<li>Mode nuit<\/li>\n<\/ul>\n<\/li>\n<li>Connexions:\n<ul>\n<li>USB-C<\/li>\n<li>Jack 3.5 mm<\/li>\n<\/ul>\n<\/li>\n<li>Connectivit\u00e9:\n<ul>\n<li>Bluetooth<\/li>\n<li>Wi-Fi<\/li>\n<\/ul>\n<\/li>\n<li>Technologie: LCD<\/li>\n<li>Batterie: Oui<\/li>\n<li>Capteur: CMOS<\/li>\n<li>Inclut: Batterie au lithium rechargeable<\/li>\n<li>Cartes M\u00e9moire Compatibles: MicroSD (TransFlash)<\/li>\n<li>Type de batterie:\n<ul>\n<li>Litio Ion<\/li>\n<li>Batterie au lithium rechargeable<\/li>\n<\/ul>\n<\/li>\n<\/ul>","protected":false},"excerpt":{"rendered":"<p>Si vous \u00eates passionn\u00e9 d&#8217;informatique et d&#8217;\u00e9lectronique, si vous \u00eates \u00e0 la pointe de la technologie et qu&#8217;aucun d\u00e9tail ne vous \u00e9chappe, achetez Cam\u00e9ra de sport GoPro HERO12 Noir au meilleur prix. La GoPro HERO12 est une cam\u00e9ra sportive avanc\u00e9e con\u00e7ue pour capturer des images et vid\u00e9os d\u2019une qualit\u00e9 exceptionnelle dans tous types d\u2019environnements et [&hellip;]<\/p>\n","protected":false},"featured_media":60377,"comment_status":"open","ping_status":"closed","template":"","meta":[],"product_brand":[1575],"product_cat":[1281,600,65],"product_tag":[571,163],"class_list":{"0":"post-60380","1":"product","2":"type-product","3":"status-publish","4":"has-post-thumbnail","6":"product_brand-brandp_1056","7":"product_cat-appareils-photo-sport","8":"product_cat-electronique-photo-et-video","9":"product_cat-informatique-electronique","10":"product_tag-tag_27","11":"product_tag-tag_17","13":"first","14":"instock","15":"taxable","16":"shipping-taxable","17":"purchasable","18":"product-type-simple"},"_links":{"self":[{"href":"https:\/\/bigbuy.tupique.com\/en\/wp-json\/wp\/v2\/product\/60380","targetHints":{"allow":["GET"]}}],"collection":[{"href":"https:\/\/bigbuy.tupique.com\/en\/wp-json\/wp\/v2\/product"}],"about":[{"href":"https:\/\/bigbuy.tupique.com\/en\/wp-json\/wp\/v2\/types\/product"}],"replies":[{"embeddable":true,"href":"https:\/\/bigbuy.tupique.com\/en\/wp-json\/wp\/v2\/comments?post=60380"}],"wp:featuredmedia":[{"embeddable":true,"href":"https:\/\/bigbuy.tupique.com\/en\/wp-json\/wp\/v2\/media\/60377"}],"wp:attachment":[{"href":"https:\/\/bigbuy.tupique.com\/en\/wp-json\/wp\/v2\/media?parent=60380"}],"wp:term":[{"taxonomy":"product_brand","embeddable":true,"href":"https:\/\/bigbuy.tupique.com\/en\/wp-json\/wp\/v2\/product_brand?post=60380"},{"taxonomy":"product_cat","embeddable":true,"href":"https:\/\/bigbuy.tupique.com\/en\/wp-json\/wp\/v2\/product_cat?post=60380"},{"taxonomy":"product_tag","embeddable":true,"href":"https:\/\/bigbuy.tupique.com\/en\/wp-json\/wp\/v2\/product_tag?post=60380"}],"curies":[{"name":"wp","href":"https:\/\/api.w.org\/{rel}","templated":true}]}}