{"id":60362,"date":"2026-04-01T15:19:55","date_gmt":"2026-04-01T14:19:55","guid":{"rendered":"https:\/\/bigbuy.tupique.com\/produto\/sink-with-one-basin-interbany-oceano-terral\/"},"modified":"2026-05-11T19:56:19","modified_gmt":"2026-05-11T17:56:19","slug":"sink-with-one-basin-interbany-oceano-terral","status":"publish","type":"product","link":"https:\/\/bigbuy.tupique.com\/en\/produto\/sink-with-one-basin-interbany-oceano-terral\/","title":{"rendered":"\u00c9vier simple Interbany OCEANO TERRAL"},"content":{"rendered":"<p>Si vous pensez r\u00e9nover votre cuisine, achetez <b>\u00c9vier simple Interbany OCEANO TERRAL<\/b> et d\u00b4autres <b>produits Interbany<\/b> !<\/p>","protected":false},"excerpt":{"rendered":"<p>Si vous pensez r\u00e9nover votre cuisine, achetez \u00c9vier simple Interbany OCEANO TERRAL et d\u00b4autres produits Interbany !<\/p>","protected":false},"featured_media":60361,"comment_status":"open","ping_status":"closed","template":"","meta":[],"product_brand":[1600],"product_cat":[60,61,779],"product_tag":[210],"class_list":{"0":"post-60362","1":"product","2":"type-product","3":"status-publish","4":"has-post-thumbnail","6":"product_brand-brandp_2237","7":"product_cat-cuisine-gourmet","8":"product_cat-equipement-de-cuisine","9":"product_cat-eviers","10":"product_tag-tag_25","12":"first","13":"instock","14":"taxable","15":"shipping-taxable","16":"purchasable","17":"product-type-simple"},"_links":{"self":[{"href":"https:\/\/bigbuy.tupique.com\/en\/wp-json\/wp\/v2\/product\/60362","targetHints":{"allow":["GET"]}}],"collection":[{"href":"https:\/\/bigbuy.tupique.com\/en\/wp-json\/wp\/v2\/product"}],"about":[{"href":"https:\/\/bigbuy.tupique.com\/en\/wp-json\/wp\/v2\/types\/product"}],"replies":[{"embeddable":true,"href":"https:\/\/bigbuy.tupique.com\/en\/wp-json\/wp\/v2\/comments?post=60362"}],"wp:featuredmedia":[{"embeddable":true,"href":"https:\/\/bigbuy.tupique.com\/en\/wp-json\/wp\/v2\/media\/60361"}],"wp:attachment":[{"href":"https:\/\/bigbuy.tupique.com\/en\/wp-json\/wp\/v2\/media?parent=60362"}],"wp:term":[{"taxonomy":"product_brand","embeddable":true,"href":"https:\/\/bigbuy.tupique.com\/en\/wp-json\/wp\/v2\/product_brand?post=60362"},{"taxonomy":"product_cat","embeddable":true,"href":"https:\/\/bigbuy.tupique.com\/en\/wp-json\/wp\/v2\/product_cat?post=60362"},{"taxonomy":"product_tag","embeddable":true,"href":"https:\/\/bigbuy.tupique.com\/en\/wp-json\/wp\/v2\/product_tag?post=60362"}],"curies":[{"name":"wp","href":"https:\/\/api.w.org\/{rel}","templated":true}]}}