{"id":60349,"date":"2026-04-01T15:19:40","date_gmt":"2026-04-01T14:19:40","guid":{"rendered":"https:\/\/bigbuy.tupique.com\/produto\/multifunction-oven-bosch-hrg5785s6-wifi-71-l-3600-w\/"},"modified":"2026-04-14T23:38:32","modified_gmt":"2026-04-14T22:38:32","slug":"multifunction-oven-bosch-hrg5785s6-wifi-71-l-3600-w","status":"publish","type":"product","link":"https:\/\/bigbuy.tupique.com\/en\/produto\/multifunction-oven-bosch-hrg5785s6-wifi-71-l-3600-w\/","title":{"rendered":"Four polyvalent BOSCH HRG5785S6 Wi-Fi 71 L 3600 W"},"content":{"rendered":"<p>Si vous pensez r\u00e9nover votre cuisine, achetez <b>Four polyvalent BOSCH HRG5785S6 Wi-Fi 71 L 3600 W<\/b> et d\u00b4autres <b>produits BOSCH<\/b> !<\/p>\n<ul>\n<li>Caract\u00e9ristiques:\n<ul>\n<li>\u00c9cran LCD<\/li>\n<li>Lumi\u00e8re int\u00e9rieure<\/li>\n<li>\u00c9cran integr\u00e9<\/li>\n<li>\u00c9lectrique<\/li>\n<li>Grill<\/li>\n<\/ul>\n<\/li>\n<li>Dimensions approx.: 59,4 x 54,8 x 59,5 cm<\/li>\n<li>Inclut:\n<ul>\n<li>Grill<\/li>\n<li>Plateau<\/li>\n<\/ul>\n<\/li>\n<li>Capacit\u00e9: 71 L<\/li>\n<li>Fonctions:\n<ul>\n<li>30<\/li>\n<li>Cuisiner \u00e0 la vapeur<\/li>\n<li>Cuisson vapeur<\/li>\n<\/ul>\n<\/li>\n<li>consommation d&#8217;\u00e9nergie: 0,99 kWh<\/li>\n<li>puissance: 3600 W<\/li>\n<li>Type de four: Four polyvalent<\/li>\n<li>Technologie: LCD<\/li>\n<li>Connectivit\u00e9: Wi-Fi<\/li>\n<li>Couleur:\n<ul>\n<li>Acier<\/li>\n<li>Gris<\/li>\n<\/ul>\n<\/li>\n<li>Produit \u00e0 brancher: Oui<\/li>\n<li>Type de prise: Prise EU<\/li>\n<li>Type:\n<ul>\n<li>Four \u00e0 convection<\/li>\n<li>Cuisson par convection<\/li>\n<\/ul>\n<\/li>\n<li>Type de commande: Boutons, rotatif<\/li>\n<li>Programmes: 30<\/li>\n<li>Bloc d\u2019Alimentation:\n<ul>\n<li>r\u00e9seau \u00e9lectrique<\/li>\n<li>\u00c9lectrique<\/li>\n<\/ul>\n<\/li>\n<li>Fonction de d\u00e9givrage: Oui<\/li>\n<li>Classification \u00e9nerg\u00e9tique: A<\/li>\n<li>Largeur: 59,4 cm<\/li>\n<li>Taille: Moyen<\/li>\n<li>Mat\u00e9riel: verre<\/li>\n<li>Langue: Anglais<\/li>\n<li>Tension: 240 V<\/li>\n<li>Auto-nettoyant: Oui<\/li>\n<li>Temp\u00e9rature max.: 275 \u00baC<\/li>\n<li>Tension d&#8217;entr\u00e9e AC: 220-240 V<\/li>\n<li>Amp\u00e9rage: 16A<\/li>\n<li>Ventillateur: Oui<\/li>\n<li>Thermostat: 30-275 \u00baC<\/li>\n<li>Type d&#8217;installation: Int\u00e9gr\u00e9<\/li>\n<\/ul>\n<p><\/p>\n<p>Bosch Serie 6 HRG5785S6. Taille du four: Moyenne, Type de four: Four \u00e9lectrique, La capacit\u00e9 totale de l&#8217;int\u00e9rieur du four (s): 71 L. Couleur du produit: Acier inoxydable, Type de commande: Boutons, Rotatif, Position de contr\u00f4le: En haut \u00e0 droite \/ gauche. Classe d&#8217;efficacit\u00e9 \u00e9nerg\u00e9tique: A, Consommation d&#8217;\u00e9nergie (conventionnelle): 0,99 kWh, Consommation d&#8217;\u00e9nergie (convection forc\u00e9e): 0,81 kWh. Quantit\u00e9 de lampes: 1 lampe(s), Type de lampe: Halog\u00e8ne. Largeur: 594 mm, Profondeur: 548 mm, Hauteur: 595 mm<\/p>\n<p><\/p>\n<ul>\n<li>Nombre de fours: 1<\/li>\n<li>Taille du four: Moyenne<\/li>\n<li>Type de four: Four \u00e9lectrique<\/li>\n<li>La capacit\u00e9 totale de l&#8217;int\u00e9rieur du four (s): 71 L<\/li>\n<li>Capacit\u00e9 nette du four: 71 L<\/li>\n<li>Zone de chauffe sup\u00e9rieure: Oui<\/li>\n<li>Zone de chauffe inf\u00e9rieure: Oui<\/li>\n<li>Chauffage haut et en bas: Oui<\/li>\n<li>Chauffage rapide: Oui<\/li>\n<li>Grill: Oui<\/li>\n<li>Gril \u00e0 surface compl\u00e8te: Oui<\/li>\n<li>Gril \u00e0 air chaud: Oui<\/li>\n<li>Cuisson par convection: Oui<\/li>\n<li>Cuisson au micro-ondes: Non<\/li>\n<li>Cuisson vapeur: Oui<\/li>\n<li>Cuisine conventionnelle: Oui<\/li>\n<li>Cuisson lente: Non<\/li>\n<li>Fonction de d\u00e9cong\u00e9lation: Oui<\/li>\n<li>Fonction de cuisson de pizza: Oui<\/li>\n<li>Autonettoyant: Oui<\/li>\n<li>Plage de thermostat du four: 30 &#8211; 275 \u00b0C<\/li>\n<li>Temp\u00e9rature maximale (convection): 275 \u00b0C<\/li>\n<li>Temp\u00e9rature maximale (conventionnel): 275 \u00b0C<\/li>\n<li>Quantit\u00e9 de programmes automatiques: 30<\/li>\n<li>Type de nettoyage: A pyrolyse<\/li>\n<li>Couleur du produit: Acier inoxydable<\/li>\n<li>Type de commande: Boutons, Rotatif<\/li>\n<li>\u00c9cran integr\u00e9: Oui<\/li>\n<li>Position de contr\u00f4le: En haut \u00e0 droite \/ gauche<\/li>\n<li>Horloge int\u00e9gr\u00e9e: Oui<\/li>\n<li>Type d&#8217;horloge: \u00c9lectronique<\/li>\n<li>Longueur du c\u00e2ble: 1,2 m<\/li>\n<li>Type d&#8217;\u00e9cran: LCD<\/li>\n<li>Emplacement charni\u00e8re de porte: Bas<\/li>\n<li>Temp\u00e9rature de porte (max): 30 \u00b0C<\/li>\n<li>Ventilateur de refroidissement de porte: Oui<\/li>\n<li>Mat\u00e9riau de la porte: Verre<\/li>\n<li>Capacit\u00e9 du r\u00e9servoir d&#8217;eau: 0,22 L<\/li>\n<li>\u00c0 compter surface bac: 1290 cm\u00b2<\/li>\n<li>Certification: CE, VDE<\/li>\n<li>Contr\u00f4l\u00e9 par Wi-Fi: Oui<\/li>\n<li>Classe d&#8217;efficacit\u00e9 \u00e9nerg\u00e9tique: A<\/li>\n<li>Consommation d&#8217;\u00e9nergie (conventionnelle): 0,99 kWh<\/li>\n<li>Consommation d&#8217;\u00e9nergie (convection forc\u00e9e): 0,81 kWh<\/li>\n<li>Charge connect\u00e9e: 3600 W<\/li>\n<li>Tension d&#8217;entr\u00e9e AC: 220-240 V<\/li>\n<li>Fr\u00e9quence d&#8217;entr\u00e9e AC: 50\/60 Hz<\/li>\n<li>Indice d&#8217;efficacit\u00e9 \u00e9nerg\u00e9tique (EEI): 95,3<\/li>\n<li>Actuel: 16 A<\/li>\n<li>capacit\u00e9 de fabrication de pain: Non<\/li>\n<li>Lumi\u00e8re int\u00e9rieure: Oui<\/li>\n<li>Quantit\u00e9 de lampes: 1 lampe(s)<\/li>\n<li>Type de lampe: Halog\u00e8ne<\/li>\n<li>Largeur: 594 mm<\/li>\n<li>Profondeur: 548 mm<\/li>\n<li>Hauteur: 595 mm<\/li>\n<li>Largeur de compartiment d&#8217;installation: 56,8 cm<\/li>\n<li>Profondeur de compartiment d&#8217;installation: 55 cm<\/li>\n<li>Hauteur de compartiment d&#8217;installation: 59,5 cm<\/li>\n<li>Poids: 40,8 kg<\/li>\n<li>Profondeur lorsque la porte est ouverte: 104 cm<\/li>\n<li>Dimensions int\u00e9rieures (L x P x H): 480 x 415 x 357 mm<\/li>\n<li>Largeur du compartiment d&#8217;installation (min): 56 cm<\/li>\n<li>La hauteur des compartiments d&#8217;installation (min): 58,5 cm<\/li>\n<li>Largeur du colis: 690 mm<\/li>\n<li>Profondeur du colis: 660 mm<\/li>\n<li>Hauteur du colis: 670 mm<\/li>\n<li>Plateau de cuisson: Oui<\/li>\n<li>Rail t\u00e9lescopique inclus: Oui<\/li>\n<\/ul>","protected":false},"excerpt":{"rendered":"<p><span class=\"unit-info\">20.5069 &euro; \/ 1 l<\/span><\/p>","protected":false},"featured_media":60345,"comment_status":"open","ping_status":"closed","template":"","meta":[],"product_brand":[162],"product_cat":[60,747,77],"product_tag":[55],"class_list":{"0":"post-60349","1":"product","2":"type-product","3":"status-publish","4":"has-post-thumbnail","6":"product_brand-brandp_959","7":"product_cat-cuisine-gourmet","8":"product_cat-fours","9":"product_cat-petit-electromenager","10":"product_tag-tag_926","12":"first","13":"instock","14":"taxable","15":"shipping-taxable","16":"purchasable","17":"product-type-simple"},"_links":{"self":[{"href":"https:\/\/bigbuy.tupique.com\/en\/wp-json\/wp\/v2\/product\/60349","targetHints":{"allow":["GET"]}}],"collection":[{"href":"https:\/\/bigbuy.tupique.com\/en\/wp-json\/wp\/v2\/product"}],"about":[{"href":"https:\/\/bigbuy.tupique.com\/en\/wp-json\/wp\/v2\/types\/product"}],"replies":[{"embeddable":true,"href":"https:\/\/bigbuy.tupique.com\/en\/wp-json\/wp\/v2\/comments?post=60349"}],"wp:featuredmedia":[{"embeddable":true,"href":"https:\/\/bigbuy.tupique.com\/en\/wp-json\/wp\/v2\/media\/60345"}],"wp:attachment":[{"href":"https:\/\/bigbuy.tupique.com\/en\/wp-json\/wp\/v2\/media?parent=60349"}],"wp:term":[{"taxonomy":"product_brand","embeddable":true,"href":"https:\/\/bigbuy.tupique.com\/en\/wp-json\/wp\/v2\/product_brand?post=60349"},{"taxonomy":"product_cat","embeddable":true,"href":"https:\/\/bigbuy.tupique.com\/en\/wp-json\/wp\/v2\/product_cat?post=60349"},{"taxonomy":"product_tag","embeddable":true,"href":"https:\/\/bigbuy.tupique.com\/en\/wp-json\/wp\/v2\/product_tag?post=60349"}],"curies":[{"name":"wp","href":"https:\/\/api.w.org\/{rel}","templated":true}]}}