{"id":60337,"date":"2026-04-01T15:19:25","date_gmt":"2026-04-01T14:19:25","guid":{"rendered":"https:\/\/bigbuy.tupique.com\/produto\/refrigerator-samsung-white\/"},"modified":"2026-04-15T07:03:25","modified_gmt":"2026-04-15T06:03:25","slug":"refrigerator-samsung-white","status":"publish","type":"product","link":"https:\/\/bigbuy.tupique.com\/en\/produto\/refrigerator-samsung-white\/","title":{"rendered":"R\u00e9frig\u00e9rateur Samsung Blanc"},"content":{"rendered":"<p>Si vous pensez r\u00e9nover votre cuisine, achetez <b>R\u00e9frig\u00e9rateur Samsung Blanc<\/b> et d\u00b4autres <b>produits Samsung<\/b> !<\/p>\n<ul>\n<li>Produit \u00e0 brancher: Oui<\/li>\n<li>Type de prise: Prise EU<\/li>\n<li>Bloc d\u2019Alimentation: r\u00e9seau \u00e9lectrique<\/li>\n<li>Couleur: Blanc<\/li>\n<li>Largeur:\n<ul>\n<li>60 cm<\/li>\n<li>59,5 cm<\/li>\n<\/ul>\n<\/li>\n<li>Classification \u00e9nerg\u00e9tique: E<\/li>\n<li>Type: LED<\/li>\n<li>\u00c9cran integr\u00e9: Non<\/li>\n<li>Dimensions approx.: 185 x 60 cm<\/li>\n<li>Tension: 220 V<\/li>\n<li>Niveau sonore: 39 dB<\/li>\n<li>\u00c9lev\u00e9: 186 cm<\/li>\n<li>Portes: 1 porte<\/li>\n<\/ul>","protected":false},"excerpt":{"rendered":"<p>Si vous pensez r\u00e9nover votre cuisine, achetez R\u00e9frig\u00e9rateur Samsung Blanc et d\u00b4autres produits Samsung ! Produit \u00e0 brancher: Oui Type de prise: Prise EU Bloc d\u2019Alimentation: r\u00e9seau \u00e9lectrique Couleur: Blanc Largeur: 60 cm 59,5 cm Classification \u00e9nerg\u00e9tique: E Type: LED \u00c9cran integr\u00e9: Non Dimensions approx.: 185 x 60 cm Tension: 220 V Niveau sonore: 39 [&hellip;]<\/p>\n","protected":false},"featured_media":60336,"comment_status":"open","ping_status":"closed","template":"","meta":[],"product_brand":[183],"product_cat":[60,77,226],"product_tag":[56],"class_list":{"0":"post-60337","1":"product","2":"type-product","3":"status-publish","4":"has-post-thumbnail","6":"product_brand-brandp_576","7":"product_cat-cuisine-gourmet","8":"product_cat-petit-electromenager","9":"product_cat-refrigerateurs-et-congelateurs","10":"product_tag-tag_930","12":"first","13":"instock","14":"taxable","15":"shipping-taxable","16":"purchasable","17":"product-type-simple"},"_links":{"self":[{"href":"https:\/\/bigbuy.tupique.com\/en\/wp-json\/wp\/v2\/product\/60337","targetHints":{"allow":["GET"]}}],"collection":[{"href":"https:\/\/bigbuy.tupique.com\/en\/wp-json\/wp\/v2\/product"}],"about":[{"href":"https:\/\/bigbuy.tupique.com\/en\/wp-json\/wp\/v2\/types\/product"}],"replies":[{"embeddable":true,"href":"https:\/\/bigbuy.tupique.com\/en\/wp-json\/wp\/v2\/comments?post=60337"}],"wp:featuredmedia":[{"embeddable":true,"href":"https:\/\/bigbuy.tupique.com\/en\/wp-json\/wp\/v2\/media\/60336"}],"wp:attachment":[{"href":"https:\/\/bigbuy.tupique.com\/en\/wp-json\/wp\/v2\/media?parent=60337"}],"wp:term":[{"taxonomy":"product_brand","embeddable":true,"href":"https:\/\/bigbuy.tupique.com\/en\/wp-json\/wp\/v2\/product_brand?post=60337"},{"taxonomy":"product_cat","embeddable":true,"href":"https:\/\/bigbuy.tupique.com\/en\/wp-json\/wp\/v2\/product_cat?post=60337"},{"taxonomy":"product_tag","embeddable":true,"href":"https:\/\/bigbuy.tupique.com\/en\/wp-json\/wp\/v2\/product_tag?post=60337"}],"curies":[{"name":"wp","href":"https:\/\/api.w.org\/{rel}","templated":true}]}}