{"id":60280,"date":"2026-04-01T15:16:27","date_gmt":"2026-04-01T14:16:27","guid":{"rendered":"https:\/\/bigbuy.tupique.com\/produto\/refrigerator-hisense-rl3b303sawe-white\/"},"modified":"2026-04-15T03:32:09","modified_gmt":"2026-04-15T02:32:09","slug":"refrigerator-hisense-rl3b303sawe-white","status":"publish","type":"product","link":"https:\/\/bigbuy.tupique.com\/en\/produto\/refrigerator-hisense-rl3b303sawe-white\/","title":{"rendered":"R\u00e9frig\u00e9rateur Hisense RL3B303SAWE Blanc"},"content":{"rendered":"<p>Si vous pensez r\u00e9nover votre cuisine, achetez <b>R\u00e9frig\u00e9rateur Hisense RL3B303SAWE Blanc<\/b> et d\u00b4autres <b>produits Hisense<\/b> !<\/p>\n<p>Le <b>r\u00e9frig\u00e9rateur Hisense mod\u00e8le RL3B303SAWE<\/b> est un appareil encastrable con\u00e7u pour offrir des solutions efficaces et esth\u00e9tiques dans les espaces r\u00e9duits gr\u00e2ce \u00e0 sa <b>largeur de 54 cm<\/b> et une hauteur de <b>177 cm<\/b>, facilitant son int\u00e9gration dans les cuisines modernes sans rompre la ligne visuelle du mobilier. Ce r\u00e9frig\u00e9rateur de couleur <b>blanche<\/b> dispose d\u2019une <b>capacit\u00e9 nette de 300 litres<\/b>, offrant un espace suffisant pour le stockage quotidien des aliments et boissons, id\u00e9al pour les foyers aux besoins moyens. Sa <b>classe \u00e9nerg\u00e9tique E<\/b> indique une consommation mod\u00e9r\u00e9e d\u2019\u00e9lectricit\u00e9, \u00e9quilibrant performance et efficacit\u00e9, ce qui se traduit par un moindre impact \u00e9nerg\u00e9tique et des \u00e9conomies \u00e0 long terme. Parmi ses caract\u00e9ristiques techniques, on note la <b>pr\u00e9sence d\u2019un \u00e9cran int\u00e9gr\u00e9<\/b>, facilitant le contr\u00f4le et la visualisation des r\u00e9glages, apportant confort et maniabilit\u00e9 intuitive. De plus, il est \u00e9quip\u00e9 d\u2019un \u00e9clairage de type <b>LED<\/b>, am\u00e9liorant la visibilit\u00e9 int\u00e9rieure avec une consommation r\u00e9duite et une plus grande durabilit\u00e9 compar\u00e9e aux technologies traditionnelles. Fabriqu\u00e9 en Chine, ce mod\u00e8le s\u2019adresse \u00e0 ceux qui recherchent un \u00e9quilibre entre fonctionnalit\u00e9, design discret et facilit\u00e9 d\u2019int\u00e9gration dans le mobilier de cuisine, sans renoncer aux performances modernes. En r\u00e9sum\u00e9, le <b>Hisense RL3B303SAWE<\/b> est une option pratique et efficace pour les utilisateurs n\u00e9cessitant un r\u00e9frig\u00e9rateur encastrable aux bonnes dimensions, capacit\u00e9 adapt\u00e9e et technologie contemporaine en \u00e9clairage et contr\u00f4le.<\/p>\n<ul>\n<li>Produit \u00e0 brancher: Oui<\/li>\n<li>Type de prise: Prise EU<\/li>\n<li>Bloc d\u2019Alimentation: r\u00e9seau \u00e9lectrique<\/li>\n<li>Couleur: Blanc<\/li>\n<li>Largeur: 54 cm<\/li>\n<li>Type d&#8217;installation: Int\u00e9grable<\/li>\n<li>Classification \u00e9nerg\u00e9tique: E<\/li>\n<li>\u00c9lev\u00e9: 177 cm<\/li>\n<li>Capacit\u00e9: 300 L<\/li>\n<li>Type:\n<ul>\n<li>LED<\/li>\n<li>Int\u00e9gr\u00e9<\/li>\n<\/ul>\n<\/li>\n<li>Niveau sonore: 35 dB<\/li>\n<li>Dimensions approx.: 177 x 54 cm<\/li>\n<li>Caract\u00e9ristiques:\n<ul>\n<li>\u00c9cran integr\u00e9<\/li>\n<li>Commande tactile<\/li>\n<\/ul>\n<\/li>\n<li>Technologie: LED<\/li>\n<li>Direction d&#8217;ouverture: Droite<\/li>\n<li>Longueur du c\u00e2ble: 2 m<\/li>\n<li>Fr\u00e9quence: 50 Hz<\/li>\n<li>Thermostat: R\u00e9glable<\/li>\n<li>Tension: 220-240 V<\/li>\n<li>Pieds: Ajustables<\/li>\n<\/ul>","protected":false},"excerpt":{"rendered":"<p><span class=\"unit-info\">3.0933 &euro; \/ 1 l<\/span><\/p>","protected":false},"featured_media":60277,"comment_status":"open","ping_status":"closed","template":"","meta":[],"product_brand":[1341],"product_cat":[60,77,226],"product_tag":[56],"class_list":{"0":"post-60280","1":"product","2":"type-product","3":"status-publish","4":"has-post-thumbnail","6":"product_brand-brandp_612","7":"product_cat-cuisine-gourmet","8":"product_cat-petit-electromenager","9":"product_cat-refrigerateurs-et-congelateurs","10":"product_tag-tag_930","12":"first","13":"instock","14":"taxable","15":"shipping-taxable","16":"purchasable","17":"product-type-simple"},"_links":{"self":[{"href":"https:\/\/bigbuy.tupique.com\/en\/wp-json\/wp\/v2\/product\/60280","targetHints":{"allow":["GET"]}}],"collection":[{"href":"https:\/\/bigbuy.tupique.com\/en\/wp-json\/wp\/v2\/product"}],"about":[{"href":"https:\/\/bigbuy.tupique.com\/en\/wp-json\/wp\/v2\/types\/product"}],"replies":[{"embeddable":true,"href":"https:\/\/bigbuy.tupique.com\/en\/wp-json\/wp\/v2\/comments?post=60280"}],"wp:featuredmedia":[{"embeddable":true,"href":"https:\/\/bigbuy.tupique.com\/en\/wp-json\/wp\/v2\/media\/60277"}],"wp:attachment":[{"href":"https:\/\/bigbuy.tupique.com\/en\/wp-json\/wp\/v2\/media?parent=60280"}],"wp:term":[{"taxonomy":"product_brand","embeddable":true,"href":"https:\/\/bigbuy.tupique.com\/en\/wp-json\/wp\/v2\/product_brand?post=60280"},{"taxonomy":"product_cat","embeddable":true,"href":"https:\/\/bigbuy.tupique.com\/en\/wp-json\/wp\/v2\/product_cat?post=60280"},{"taxonomy":"product_tag","embeddable":true,"href":"https:\/\/bigbuy.tupique.com\/en\/wp-json\/wp\/v2\/product_tag?post=60280"}],"curies":[{"name":"wp","href":"https:\/\/api.w.org\/{rel}","templated":true}]}}