{"id":60234,"date":"2026-04-01T15:15:26","date_gmt":"2026-04-01T14:15:26","guid":{"rendered":"https:\/\/bigbuy.tupique.com\/produto\/electric-scooter-youin-sc4002-xl3-black-800-w\/"},"modified":"2026-05-11T19:56:35","modified_gmt":"2026-05-11T17:56:35","slug":"electric-scooter-youin-sc4002-xl3-black-800-w","status":"publish","type":"product","link":"https:\/\/bigbuy.tupique.com\/en\/produto\/electric-scooter-youin-sc4002-xl3-black-800-w\/","title":{"rendered":"Trottinette \u00c9lectrique Youin SC4002 XL3 Noir 800 W"},"content":{"rendered":"<p>Restez en forme et d\u00e9couvrez les derni\u00e8res nouveaut\u00e9s du secteur pour faire du sport avec les meilleures garanties ! Achetez <b>Trottinette \u00c9lectrique Youin SC4002 XL3 Noir 800 W<\/b> au meilleur prix et profitez d&#8217;une vie saine !<\/p>\n<p>Le <b>Youin SC4002 XL3<\/b> est une <b>trottinette \u00e9lectrique<\/b> polyvalente et robuste, con\u00e7ue pour r\u00e9pondre aux besoins de la mobilit\u00e9 urbaine moderne en alliant performance et s\u00e9curit\u00e9. Ce mod\u00e8le est \u00e9quip\u00e9 d\u2019un <b>moteur de 800 W de puissance maximale<\/b>, offrant une acc\u00e9l\u00e9ration fluide et une capacit\u00e9 suffisante pour affronter les pentes et les trajets longs tout en maintenant une <b>vitesse maximale de 25 km\/h<\/b> conforme \u00e0 la r\u00e9glementation en vigueur. Il int\u00e8gre une <b>batterie haute capacit\u00e9 de 12 500 mAh et 48 V<\/b>, optimis\u00e9e pour garantir une grande autonomie lors des d\u00e9placements quotidiens, permettant de parcourir de longues distances sans se soucier de recharges fr\u00e9quentes. Sa structure supporte un <b>poids utilisateur maximal de 120 kg<\/b>, assurant stabilit\u00e9 et r\u00e9sistance m\u00eame sur des parcours exigeants. Le design comprend des <b>roues de 10\u201d<\/b>, id\u00e9ales pour absorber les petites irr\u00e9gularit\u00e9s de la route, ainsi qu\u2019un <b>syst\u00e8me de double suspension<\/b> qui am\u00e9liore nettement le confort et la s\u00e9curit\u00e9 de conduite. Le SC4002 XL3 est dot\u00e9 d\u2019un <b>frein \u00e0 disque<\/b> pour une r\u00e9ponse de freinage efficace, est fabriqu\u00e9 en noir et dispose de fonctions pliable et r\u00e9glable, facilitant le rangement et le transport dans les espaces restreints ou les transports en commun. L\u2019homologation DGT garantit que cette trottinette r\u00e9pond aux normes de s\u00e9curit\u00e9 et de r\u00e9glementation requises pour circuler en milieu urbain. Un mod\u00e8le pens\u00e9 pour ceux qui souhaitent allier puissance, autonomie et s\u00e9curit\u00e9 lors de leurs d\u00e9placements quotidiens en ville.<\/p>\n<ul>\n<li>Produit \u00e0 brancher: Oui<\/li>\n<li>Type de prise: Prise EU<\/li>\n<li>Type:\n<ul>\n<li>Trottinette \u00c9lectrique<\/li>\n<li>Disque de frein<\/li>\n<li>Frontal<\/li>\n<li>Trottinette<\/li>\n<\/ul>\n<\/li>\n<li>Bloc d\u2019Alimentation:\n<ul>\n<li>r\u00e9seau \u00e9lectrique<\/li>\n<li>Batterie<\/li>\n<\/ul>\n<\/li>\n<li>Couleur: Noir<\/li>\n<li>Autonomie approx.: 45 Km<\/li>\n<li>vitesse: 25 km\/h<\/li>\n<li>Taille: 10&#8243;<\/li>\n<li>Tension: 48 V<\/li>\n<li>Capacit\u00e9 de la batterie: 12500 mAh<\/li>\n<li>puissance:\n<ul>\n<li>800 W<\/li>\n<li>500 W<\/li>\n<\/ul>\n<\/li>\n<li>Caract\u00e9ristiques:\n<ul>\n<li>Pliable<\/li>\n<li>\u00c9cran integr\u00e9<\/li>\n<li>R\u00e9glable<\/li>\n<li>Garantie<\/li>\n<li>Indicateur de surcharge<\/li>\n<li>Pied de biche<\/li>\n<li>protection contre la surchauffe<\/li>\n<\/ul>\n<\/li>\n<li>Largeur: 50 cm<\/li>\n<li>Poids Max. support\u00e9: 120 kg<\/li>\n<li>Type de batterie:\n<ul>\n<li>Batterie rechargeable<\/li>\n<li>Litio Ion<\/li>\n<\/ul>\n<\/li>\n<li>Profondeur: 50 cm<\/li>\n<li>Technologie: LED<\/li>\n<li>Type poign\u00e9e: Caoutchouc<\/li>\n<li>roues: 2 roues<\/li>\n<li>Genre: Unisexe<\/li>\n<li>Batterie au lithium rechargeable: 12500 mAh<\/li>\n<li>\u00c2ge recommand\u00e9: Adultes<\/li>\n<li>Non Inclus:\n<ul>\n<li>Adaptateur AC<\/li>\n<li>Si\u00e8ge<\/li>\n<\/ul>\n<\/li>\n<li>Propri\u00e9t\u00e9s: amortissement<\/li>\n<li>Inclut:\n<ul>\n<li>Chargeur de batterie<\/li>\n<li>Manuel de l&#8217;utilisateur<\/li>\n<\/ul>\n<\/li>\n<li>Certificat: CE<\/li>\n<li>Classification IP: IPX4<\/li>\n<li>Angle: 10\u00ba<\/li>\n<\/ul>\n<p>Informations importantes: Si la marque n&#8217;a pas immatricul\u00e9 la trotinette, le propi\u00e9taire devra passer le ITV ou le T\u00dbV pour obtenir un &#8220;EBE&#8221; ou un permis de circulation individuel.<\/p>","protected":false},"excerpt":{"rendered":"<p>Restez en forme et d\u00e9couvrez les derni\u00e8res nouveaut\u00e9s du secteur pour faire du sport avec les meilleures garanties ! Achetez Trottinette \u00c9lectrique Youin SC4002 XL3 Noir 800 W au meilleur prix et profitez d&#8217;une vie saine ! Le Youin SC4002 XL3 est une trottinette \u00e9lectrique polyvalente et robuste, con\u00e7ue pour r\u00e9pondre aux besoins de la [&hellip;]<\/p>\n","protected":false},"featured_media":60233,"comment_status":"open","ping_status":"closed","template":"","meta":[],"product_brand":[1595],"product_cat":[609,65,1146],"product_tag":[104,163],"class_list":{"0":"post-60234","1":"product","2":"type-product","3":"status-publish","4":"has-post-thumbnail","6":"product_brand-brandp_3382","7":"product_cat-electronique-jouets-electroniques","8":"product_cat-informatique-electronique","9":"product_cat-trottinettes-electriques","10":"product_tag-tag_1279","11":"product_tag-tag_17","13":"first","14":"instock","15":"taxable","16":"shipping-taxable","17":"purchasable","18":"product-type-simple"},"_links":{"self":[{"href":"https:\/\/bigbuy.tupique.com\/en\/wp-json\/wp\/v2\/product\/60234","targetHints":{"allow":["GET"]}}],"collection":[{"href":"https:\/\/bigbuy.tupique.com\/en\/wp-json\/wp\/v2\/product"}],"about":[{"href":"https:\/\/bigbuy.tupique.com\/en\/wp-json\/wp\/v2\/types\/product"}],"replies":[{"embeddable":true,"href":"https:\/\/bigbuy.tupique.com\/en\/wp-json\/wp\/v2\/comments?post=60234"}],"wp:featuredmedia":[{"embeddable":true,"href":"https:\/\/bigbuy.tupique.com\/en\/wp-json\/wp\/v2\/media\/60233"}],"wp:attachment":[{"href":"https:\/\/bigbuy.tupique.com\/en\/wp-json\/wp\/v2\/media?parent=60234"}],"wp:term":[{"taxonomy":"product_brand","embeddable":true,"href":"https:\/\/bigbuy.tupique.com\/en\/wp-json\/wp\/v2\/product_brand?post=60234"},{"taxonomy":"product_cat","embeddable":true,"href":"https:\/\/bigbuy.tupique.com\/en\/wp-json\/wp\/v2\/product_cat?post=60234"},{"taxonomy":"product_tag","embeddable":true,"href":"https:\/\/bigbuy.tupique.com\/en\/wp-json\/wp\/v2\/product_tag?post=60234"}],"curies":[{"name":"wp","href":"https:\/\/api.w.org\/{rel}","templated":true}]}}