{"id":60117,"date":"2026-04-01T15:11:15","date_gmt":"2026-04-01T14:11:15","guid":{"rendered":"https:\/\/bigbuy.tupique.com\/produto\/conventional-hood-balay-3bc067ex-60-cm-730-m%c2%b3-h-255w-a\/"},"modified":"2026-04-15T17:56:25","modified_gmt":"2026-04-15T16:56:25","slug":"conventional-hood-balay-3bc067ex-60-cm-730-m%c2%b3-h-255w-a","status":"publish","type":"product","link":"https:\/\/bigbuy.tupique.com\/en\/produto\/conventional-hood-balay-3bc067ex-60-cm-730-m%c2%b3-h-255w-a\/","title":{"rendered":"Hotte standard Balay 3BC067EX 60 cm 730 m\u00b3\/h 255W A"},"content":{"rendered":"<p>Si vous pensez r\u00e9nover votre cuisine, achetez <b>Hotte standard Balay 3BC067EX 60 cm 730 m\u00b3\/h 255W A<\/b> et d\u00b4autres <b>produits Balay<\/b> !<\/p>\n<ul>\n<li>puissance:\n<ul>\n<li>255 W<\/li>\n<li>250 W<\/li>\n<\/ul>\n<\/li>\n<li>Filtres:\n<ul>\n<li>Acrylique<\/li>\n<li>2<\/li>\n<\/ul>\n<\/li>\n<li>Lumi\u00e8re: Oui<\/li>\n<li>Illumination: LED<\/li>\n<li>Contr\u00f4le facile avec bouton<\/li>\n<li>Bloc d\u2019Alimentation: r\u00e9seau \u00e9lectrique<\/li>\n<li>Longueur du c\u00e2ble: 1,3 m<\/li>\n<li>Tube t\u00e9l\u00e9scopique pour hotte: Oui<\/li>\n<li>consommation d&#8217;\u00e9nergie: 54,1 kWh<\/li>\n<li>Classification \u00e9nerg\u00e9tique: A<\/li>\n<li>Dimensions approx.: 60 x 50 x 107,5 cm<\/li>\n<li>Type:\n<ul>\n<li>Paroi<\/li>\n<li>Hotte standard<\/li>\n<li>Mural<\/li>\n<\/ul>\n<\/li>\n<li>Type d&#8217;installation: Montage mural<\/li>\n<li>Largeur: 60 cm<\/li>\n<li>Couleur: Acier<\/li>\n<li>Produit \u00e0 brancher: Oui<\/li>\n<li>Type de prise: Prise EU<\/li>\n<li>Mat\u00e9riel:\n<ul>\n<li>Acier inoxydable<\/li>\n<li>Acier<\/li>\n<\/ul>\n<\/li>\n<li>Capacit\u00e9 d\u2019extraction: 730 m3\/h<\/li>\n<li>Filtre: Lavable<\/li>\n<li>Niveau sonore:\n<ul>\n<li>64 dB<\/li>\n<li>52 dB<\/li>\n<li>14 dB<\/li>\n<\/ul>\n<\/li>\n<li>Type de commande: Boutons<\/li>\n<li>Moteur: 1<\/li>\n<li>Type d&#8217;ampoule: LED<\/li>\n<li>Profondeur: 50 cm<\/li>\n<li>Pays \/ r\u00e9gion de fabrication: Espagne<\/li>\n<\/ul>","protected":false},"excerpt":{"rendered":"<p>Si vous pensez r\u00e9nover votre cuisine, achetez Hotte standard Balay 3BC067EX 60 cm 730 m\u00b3\/h 255W A et d\u00b4autres produits Balay ! puissance: 255 W 250 W Filtres: Acrylique 2 Lumi\u00e8re: Oui Illumination: LED Contr\u00f4le facile avec bouton Bloc d\u2019Alimentation: r\u00e9seau \u00e9lectrique Longueur du c\u00e2ble: 1,3 m Tube t\u00e9l\u00e9scopique pour hotte: Oui consommation d&#8217;\u00e9nergie: 54,1 [&hellip;]<\/p>\n","protected":false},"featured_media":60115,"comment_status":"open","ping_status":"closed","template":"","meta":[],"product_brand":[114],"product_cat":[60,61,62],"product_tag":[56],"class_list":{"0":"post-60117","1":"product","2":"type-product","3":"status-publish","4":"has-post-thumbnail","6":"product_brand-brandp_1251","7":"product_cat-cuisine-gourmet","8":"product_cat-equipement-de-cuisine","9":"product_cat-hottes-de-cuisine","10":"product_tag-tag_930","12":"first","13":"instock","14":"taxable","15":"shipping-taxable","16":"purchasable","17":"product-type-simple"},"_links":{"self":[{"href":"https:\/\/bigbuy.tupique.com\/en\/wp-json\/wp\/v2\/product\/60117","targetHints":{"allow":["GET"]}}],"collection":[{"href":"https:\/\/bigbuy.tupique.com\/en\/wp-json\/wp\/v2\/product"}],"about":[{"href":"https:\/\/bigbuy.tupique.com\/en\/wp-json\/wp\/v2\/types\/product"}],"replies":[{"embeddable":true,"href":"https:\/\/bigbuy.tupique.com\/en\/wp-json\/wp\/v2\/comments?post=60117"}],"wp:featuredmedia":[{"embeddable":true,"href":"https:\/\/bigbuy.tupique.com\/en\/wp-json\/wp\/v2\/media\/60115"}],"wp:attachment":[{"href":"https:\/\/bigbuy.tupique.com\/en\/wp-json\/wp\/v2\/media?parent=60117"}],"wp:term":[{"taxonomy":"product_brand","embeddable":true,"href":"https:\/\/bigbuy.tupique.com\/en\/wp-json\/wp\/v2\/product_brand?post=60117"},{"taxonomy":"product_cat","embeddable":true,"href":"https:\/\/bigbuy.tupique.com\/en\/wp-json\/wp\/v2\/product_cat?post=60117"},{"taxonomy":"product_tag","embeddable":true,"href":"https:\/\/bigbuy.tupique.com\/en\/wp-json\/wp\/v2\/product_tag?post=60117"}],"curies":[{"name":"wp","href":"https:\/\/api.w.org\/{rel}","templated":true}]}}