{"id":60071,"date":"2026-04-01T15:08:42","date_gmt":"2026-04-01T14:08:42","guid":{"rendered":"https:\/\/bigbuy.tupique.com\/produto\/express-coffee-machine-siemens-ct718l1b0-black-1600-w-24-l\/"},"modified":"2026-04-15T07:03:51","modified_gmt":"2026-04-15T06:03:51","slug":"express-coffee-machine-siemens-ct718l1b0-black-1600-w-24-l","status":"publish","type":"product","link":"https:\/\/bigbuy.tupique.com\/en\/produto\/express-coffee-machine-siemens-ct718l1b0-black-1600-w-24-l\/","title":{"rendered":"Cafeti\u00e8re express Siemens CT718L1B0 Noir 1600 W 2,4 L"},"content":{"rendered":"<p>Si vous recherchez des \u00e9lectrom\u00e9nagers pour votre maison aux meilleurs prix, ne manquez pas <b>Cafeti\u00e8re express Siemens CT718L1B0 Noir 1600 W 2,4 L<\/b> et une large s\u00e9lection de petits \u00e9lectrom\u00e9nagers de qualit\u00e9 !<\/p>\n<p>La <b>cafeti\u00e8re Siemens AG<\/b> en couleur <b>noir<\/b> est une <b>machine \u00e0 espresso<\/b> con\u00e7ue pour offrir confort et fonctionnalit\u00e9 dans la pr\u00e9paration du caf\u00e9. Elle int\u00e8gre un <b>r\u00e9servoir d\u2019eau amovible<\/b>, facilitant le remplissage et le nettoyage, un \u00e9l\u00e9ment cl\u00e9 pour pr\u00e9server la fra\u00eecheur de l\u2019eau et garantir une hygi\u00e8ne optimale \u00e0 chaque utilisation. Elle dispose d\u2019un <b>bac d\u2019\u00e9gouttage amovible<\/b> qui permet une vidange simple et \u00e9vite les d\u00e9bordements ou accumulations g\u00eanantes, contribuant \u00e0 un nettoyage rapide de l\u2019appareil apr\u00e8s usage. L\u2019inclusion d\u2019un <b>filtre \u00e0 caf\u00e9<\/b> assure un go\u00fbt plus pur en s\u00e9parant le marc, am\u00e9liorant l\u2019exp\u00e9rience de l\u2019espresso. De plus, cette cafeti\u00e8re est \u00e9quip\u00e9e d\u2019un syst\u00e8me de <b>mise hors tension automatique<\/b> qui apporte une valeur ajout\u00e9e en termes de s\u00e9curit\u00e9 et d\u2019efficacit\u00e9 \u00e9nerg\u00e9tique, s\u2019\u00e9teignant apr\u00e8s une p\u00e9riode d\u2019inactivit\u00e9 pour \u00e9viter les consommations inutiles et pr\u00e9venir les accidents. Gr\u00e2ce \u00e0 ces caract\u00e9ristiques, cette cafeti\u00e8re allie praticit\u00e9 et pr\u00e9paration de caf\u00e9 r\u00e9pondant aux besoins des amateurs comme des utilisateurs exigeants, avec la garantie et la qualit\u00e9 associ\u00e9es \u00e0 la marque Siemens AG.<\/p>\n<ul>\n<li>Produit \u00e0 brancher: Oui<\/li>\n<li>Type de prise: Prise EU<\/li>\n<li>Type:\n<ul>\n<li>Cafeti\u00e8re express<\/li>\n<li>Cafeti\u00e8re superautomatique<\/li>\n<li>Machine \u00e0 espresso<\/li>\n<\/ul>\n<\/li>\n<li>Caract\u00e9ristiques:\n<ul>\n<li>Intensit\u00e9 r\u00e9glable<\/li>\n<li>Broyeur int\u00e9gr\u00e9<\/li>\n<li>\u00c9cran integr\u00e9<\/li>\n<li>Filtre \u00e0 caf\u00e9<\/li>\n<li>Arr\u00eat Automatique<\/li>\n<li>Bac d&#8217;\u00e9gouttage amovible<\/li>\n<li>R\u00e9servoir d&#8217;eau amovible<\/li>\n<\/ul>\n<\/li>\n<li>Tension:\n<ul>\n<li>220 -240 V<\/li>\n<li>220-240 V<\/li>\n<\/ul>\n<\/li>\n<li>Pression: 19 bar<\/li>\n<li>Capacit\u00e9:\n<ul>\n<li>1,2 L<\/li>\n<li>2,4 L<\/li>\n<\/ul>\n<\/li>\n<li>Amp\u00e9rage: 10 A<\/li>\n<li>\u00c9lev\u00e9: 45,5 cm<\/li>\n<li>Longueur du c\u00e2ble: 1,7 m<\/li>\n<li>Largeur: 59,4 cm<\/li>\n<li>Long: 38,5 cm<\/li>\n<li>Bloc d\u2019Alimentation: r\u00e9seau \u00e9lectrique<\/li>\n<li>Couleur:\n<ul>\n<li>Noir<\/li>\n<li>Blanc<\/li>\n<\/ul>\n<\/li>\n<li>Arr\u00eat Automatique: Oui<\/li>\n<li>Mati\u00e8re:\n<ul>\n<li>Acier inoxydable<\/li>\n<li>Plastique<\/li>\n<\/ul>\n<\/li>\n<li>puissance: 1600 W<\/li>\n<li>Fr\u00e9quence d&#8217;entr\u00e9e AC: 50-60 Hz<\/li>\n<li>Inclut:\n<ul>\n<li>Ecran<\/li>\n<li>Mousseur \u00e0 Lait<\/li>\n<\/ul>\n<\/li>\n<li>Multifonction: Oui<\/li>\n<li>Type de commande: Tactile<\/li>\n<li>Tasses: 1 Tasse<\/li>\n<li>Compatible avec: Caf\u00e9 moulu<\/li>\n<li>Capacit\u00e9 du r\u00e9servoir d&#8217;eau: 1,1 l<\/li>\n<li>Capacit\u00e9 du r\u00e9servoir de caf\u00e9: 150 g<\/li>\n<\/ul>","protected":false},"excerpt":{"rendered":"<p>Si vous recherchez des \u00e9lectrom\u00e9nagers pour votre maison aux meilleurs prix, ne manquez pas Cafeti\u00e8re express Siemens CT718L1B0 Noir 1600 W 2,4 L et une large s\u00e9lection de petits \u00e9lectrom\u00e9nagers de qualit\u00e9 ! La cafeti\u00e8re Siemens AG en couleur noir est une machine \u00e0 espresso con\u00e7ue pour offrir confort et fonctionnalit\u00e9 dans la pr\u00e9paration du [&hellip;]<\/p>\n","protected":false},"featured_media":60063,"comment_status":"open","ping_status":"closed","template":"","meta":[],"product_brand":[1590],"product_cat":[725,60,77],"product_tag":[56],"class_list":{"0":"post-60071","1":"product","2":"type-product","3":"status-publish","4":"has-post-thumbnail","6":"product_brand-brandp_10139","7":"product_cat-cafetieres","8":"product_cat-cuisine-gourmet","9":"product_cat-petit-electromenager","10":"product_tag-tag_930","12":"first","13":"instock","14":"taxable","15":"shipping-taxable","16":"purchasable","17":"product-type-simple"},"_links":{"self":[{"href":"https:\/\/bigbuy.tupique.com\/en\/wp-json\/wp\/v2\/product\/60071","targetHints":{"allow":["GET"]}}],"collection":[{"href":"https:\/\/bigbuy.tupique.com\/en\/wp-json\/wp\/v2\/product"}],"about":[{"href":"https:\/\/bigbuy.tupique.com\/en\/wp-json\/wp\/v2\/types\/product"}],"replies":[{"embeddable":true,"href":"https:\/\/bigbuy.tupique.com\/en\/wp-json\/wp\/v2\/comments?post=60071"}],"wp:featuredmedia":[{"embeddable":true,"href":"https:\/\/bigbuy.tupique.com\/en\/wp-json\/wp\/v2\/media\/60063"}],"wp:attachment":[{"href":"https:\/\/bigbuy.tupique.com\/en\/wp-json\/wp\/v2\/media?parent=60071"}],"wp:term":[{"taxonomy":"product_brand","embeddable":true,"href":"https:\/\/bigbuy.tupique.com\/en\/wp-json\/wp\/v2\/product_brand?post=60071"},{"taxonomy":"product_cat","embeddable":true,"href":"https:\/\/bigbuy.tupique.com\/en\/wp-json\/wp\/v2\/product_cat?post=60071"},{"taxonomy":"product_tag","embeddable":true,"href":"https:\/\/bigbuy.tupique.com\/en\/wp-json\/wp\/v2\/product_tag?post=60071"}],"curies":[{"name":"wp","href":"https:\/\/api.w.org\/{rel}","templated":true}]}}