{"id":60053,"date":"2026-04-01T15:08:17","date_gmt":"2026-04-01T14:08:17","guid":{"rendered":"https:\/\/bigbuy.tupique.com\/produto\/induction-hot-plate-lg-ci5z2420bn\/"},"modified":"2026-04-15T10:31:38","modified_gmt":"2026-04-15T09:31:38","slug":"induction-hot-plate-lg-ci5z2420bn","status":"publish","type":"product","link":"https:\/\/bigbuy.tupique.com\/en\/produto\/induction-hot-plate-lg-ci5z2420bn\/","title":{"rendered":"Plaque \u00e0 Induction LG CI5Z2420BN"},"content":{"rendered":"<p>Si vous \u00eates \u00e0 la recherche de nouvelles tendances sur le march\u00e9, nous vous pr\u00e9sentons <b>Plaque \u00e0 Induction LG CI5Z2420BN<\/b> !<\/p>\n<p>La <b>plaque \u00e0 induction<\/b> <b>LG CI5Z2420BN<\/b> en <b>noir<\/b> est con\u00e7ue pour offrir une exp\u00e9rience de cuisson efficace et moderne dans toute cuisine domestique. Ce mod\u00e8le dispose de <b>3 zones de cuisson ind\u00e9pendantes<\/b>, permettant de pr\u00e9parer plusieurs plats simultan\u00e9ment avec un contr\u00f4le pr\u00e9cis de chaque niveau de chaleur. Avec une <b>puissance totale de 7 400 W<\/b>, la plaque assure un chauffage rapide et uniforme, optimisant la consommation d&#8217;\u00e9nergie gr\u00e2ce \u00e0 la technologie d&#8217;induction avanc\u00e9e qui chauffe uniquement le r\u00e9cipient, gardant la zone environnante froide et s\u00fbre au toucher. Son format <b>rectangulaire<\/b> facilite l&#8217;int\u00e9gration dans les plans de travail standards et maximise l&#8217;utilisation de l&#8217;espace, s&#8217;adaptant parfaitement \u00e0 diff\u00e9rents besoins d&#8217;organisation en cuisine. Elle est \u00e9quip\u00e9e d&#8217;un <b>minuteur programmable<\/b> permettant de r\u00e9gler facilement le temps de cuisson souhait\u00e9 pour chaque zone, am\u00e9liorant le confort et r\u00e9duisant les risques de distraction ou de surchauffe. Aliment\u00e9e par le <b>secteur<\/b>, elle garantit une stabilit\u00e9 et une efficacit\u00e9 \u00e9nerg\u00e9tique continues sans variation de performance. La surface en verre tremp\u00e9 noir, en plus d&#8217;apporter une touche d&#8217;\u00e9l\u00e9gance minimaliste, est facile \u00e0 nettoyer et r\u00e9sistante aux rayures et petites abrasions, conservant son aspect impeccable apr\u00e8s chaque utilisation. La LG CI5Z2420BN se pr\u00e9sente comme une solution pratique et s\u00fbre, id\u00e9ale pour ceux qui recherchent des fonctionnalit\u00e9s avanc\u00e9es et un design contemporain dans leur cuisine.<\/p>\n<ul>\n<li>Type:\n<ul>\n<li>Plaque \u00e0 Induction<\/li>\n<li>Int\u00e9gr\u00e9<\/li>\n<\/ul>\n<\/li>\n<li>Produit \u00e0 brancher: Oui<\/li>\n<li>Bloc d\u2019Alimentation: r\u00e9seau \u00e9lectrique<\/li>\n<li>puissance: 7400 W<\/li>\n<li>Niveaux de puissance: 15<\/li>\n<li>Zones de cuisson: 3<\/li>\n<li>Couleur: Noir<\/li>\n<li>Fonctions: Minuterie<\/li>\n<li>Forme: Rectangulaire<\/li>\n<li>Inclut: Ecran<\/li>\n<li>Contr\u00f4le: Touch Control<\/li>\n<li>Type de commande: Tactile<\/li>\n<li>Type d&#8217;installation: Encastrable<\/li>\n<li>Connectivit\u00e9: No<\/li>\n<li>Mati\u00e8re: Vitroc\u00e9ramique<\/li>\n<\/ul>","protected":false},"excerpt":{"rendered":"<p>Si vous \u00eates \u00e0 la recherche de nouvelles tendances sur le march\u00e9, nous vous pr\u00e9sentons Plaque \u00e0 Induction LG CI5Z2420BN ! La plaque \u00e0 induction LG CI5Z2420BN en noir est con\u00e7ue pour offrir une exp\u00e9rience de cuisson efficace et moderne dans toute cuisine domestique. Ce mod\u00e8le dispose de 3 zones de cuisson ind\u00e9pendantes, permettant de [&hellip;]<\/p>\n","protected":false},"featured_media":60049,"comment_status":"open","ping_status":"closed","template":"","meta":[],"product_brand":[662],"product_cat":[60,77,78],"product_tag":[55,56],"class_list":{"0":"post-60053","1":"product","2":"type-product","3":"status-publish","4":"has-post-thumbnail","6":"product_brand-brandp_559","7":"product_cat-cuisine-gourmet","8":"product_cat-petit-electromenager","9":"product_cat-plaques-de-cuisson","10":"product_tag-tag_926","11":"product_tag-tag_930","13":"first","14":"instock","15":"taxable","16":"shipping-taxable","17":"purchasable","18":"product-type-simple"},"_links":{"self":[{"href":"https:\/\/bigbuy.tupique.com\/en\/wp-json\/wp\/v2\/product\/60053","targetHints":{"allow":["GET"]}}],"collection":[{"href":"https:\/\/bigbuy.tupique.com\/en\/wp-json\/wp\/v2\/product"}],"about":[{"href":"https:\/\/bigbuy.tupique.com\/en\/wp-json\/wp\/v2\/types\/product"}],"replies":[{"embeddable":true,"href":"https:\/\/bigbuy.tupique.com\/en\/wp-json\/wp\/v2\/comments?post=60053"}],"wp:featuredmedia":[{"embeddable":true,"href":"https:\/\/bigbuy.tupique.com\/en\/wp-json\/wp\/v2\/media\/60049"}],"wp:attachment":[{"href":"https:\/\/bigbuy.tupique.com\/en\/wp-json\/wp\/v2\/media?parent=60053"}],"wp:term":[{"taxonomy":"product_brand","embeddable":true,"href":"https:\/\/bigbuy.tupique.com\/en\/wp-json\/wp\/v2\/product_brand?post=60053"},{"taxonomy":"product_cat","embeddable":true,"href":"https:\/\/bigbuy.tupique.com\/en\/wp-json\/wp\/v2\/product_cat?post=60053"},{"taxonomy":"product_tag","embeddable":true,"href":"https:\/\/bigbuy.tupique.com\/en\/wp-json\/wp\/v2\/product_tag?post=60053"}],"curies":[{"name":"wp","href":"https:\/\/api.w.org\/{rel}","templated":true}]}}