{"id":60025,"date":"2026-04-01T15:07:36","date_gmt":"2026-04-01T14:07:36","guid":{"rendered":"https:\/\/bigbuy.tupique.com\/produto\/duct-air-conditioning-daitsu-electric-acd42kdbs-a-a-12468-w\/"},"modified":"2026-04-15T04:09:19","modified_gmt":"2026-04-15T03:09:19","slug":"duct-air-conditioning-daitsu-electric-acd42kdbs-a-a-12468-w","status":"publish","type":"product","link":"https:\/\/bigbuy.tupique.com\/en\/produto\/duct-air-conditioning-daitsu-electric-acd42kdbs-a-a-12468-w\/","title":{"rendered":"Air Conditionn\u00e9 pour Conduits DAITSU ELECTRIC ACD42KDBS A+ A++ 12468 w"},"content":{"rendered":"<p>Si vous recherchez des \u00e9lectrom\u00e9nagers pour votre maison aux meilleurs prix, ne manquez pas <b>Air Conditionn\u00e9 pour Conduits DAITSU ELECTRIC ACD42KDBS A+ A++ 12468 w<\/b> et une large s\u00e9lection de petits \u00e9lectrom\u00e9nagers de qualit\u00e9 !<\/p>\n<p>Le <b>climatiseur gainable Daitsu ACD42KDBS<\/b> est une solution efficace et discr\u00e8te pour climatiser uniform\u00e9ment les espaces, sp\u00e9cialement con\u00e7u pour les installations int\u00e9gr\u00e9es dans des faux plafonds ou derri\u00e8re des murs. Cet appareil se distingue par sa <b>puissance \u00e9lev\u00e9e de 12 468 W<\/b>, garantissant des performances adapt\u00e9es aussi bien en refroidissement qu\u2019en chauffage, id\u00e9al pour de grandes surfaces ou des logements de taille moyenne \u00e0 grande. Il b\u00e9n\u00e9ficie d\u2019une double <b>classe \u00e9nerg\u00e9tique A++ en refroidissement et A+ en chauffage<\/b>, refl\u00e9tant sa capacit\u00e9 \u00e0 optimiser la consommation \u00e9lectrique, r\u00e9duire les co\u00fbts et minimiser l\u2019impact environnemental gr\u00e2ce \u00e0 l\u2019utilisation du gaz r\u00e9frig\u00e9rant <b>R32<\/b>, reconnu pour son efficacit\u00e9 et son faible potentiel de r\u00e9chauffement atmosph\u00e9rique. Sa finition en <b>gris<\/b> offre un design sobre qui s\u2019int\u00e8gre facilement dans tout environnement, avec un profil esth\u00e9tique propre et fonctionnel. Ce mod\u00e8le est con\u00e7u pour ceux qui recherchent un syst\u00e8me centralis\u00e9 offrant un confort thermique uniforme et un contr\u00f4le adaptable selon les besoins, apportant un \u00e9quilibre entre puissance, efficacit\u00e9 \u00e9nerg\u00e9tique et design discret. La gamme Daitsu, r\u00e9put\u00e9e pour ses produits au bon rapport qualit\u00e9-prix, positionne ce mod\u00e8le comme une option pratique et fiable dans le segment des climatiseurs gainables, id\u00e9ale pour les utilisateurs souhaitant des performances techniques avanc\u00e9es sans renoncer \u00e0 l\u2019efficacit\u00e9 et \u00e0 la facilit\u00e9 d\u2019installation. Dans l\u2019ensemble, l\u2019ACD42KDBS repr\u00e9sente une alternative technique et \u00e9quilibr\u00e9e pour une climatisation int\u00e9grale, ax\u00e9e sur la performance et la durabilit\u00e9 \u00e9nerg\u00e9tique.<\/p>\n<ul>\n<li>Couleur: Gris<\/li>\n<li>Classification \u00e9nerg\u00e9tique:\n<ul>\n<li>A+<\/li>\n<li>A++<\/li>\n<\/ul>\n<\/li>\n<li>puissance: 12468 w<\/li>\n<li>Gaz: R32<\/li>\n<li>Connectivit\u00e9: Wi-Fi<\/li>\n<li>Technologie: Inverter<\/li>\n<li>Puissance calorifique: 6449 kcal\/h<\/li>\n<\/ul>","protected":false},"excerpt":{"rendered":"<p>Si vous recherchez des \u00e9lectrom\u00e9nagers pour votre maison aux meilleurs prix, ne manquez pas Air Conditionn\u00e9 pour Conduits DAITSU ELECTRIC ACD42KDBS A+ A++ 12468 w et une large s\u00e9lection de petits \u00e9lectrom\u00e9nagers de qualit\u00e9 ! Le climatiseur gainable Daitsu ACD42KDBS est une solution efficace et discr\u00e8te pour climatiser uniform\u00e9ment les espaces, sp\u00e9cialement con\u00e7u pour les [&hellip;]<\/p>\n","protected":false},"featured_media":60023,"comment_status":"open","ping_status":"closed","template":"","meta":[],"product_brand":[1548],"product_cat":[732,1334,239],"product_tag":[721,210],"class_list":{"0":"post-60025","1":"product","2":"type-product","3":"status-publish","4":"has-post-thumbnail","6":"product_brand-brandp_1177","7":"product_cat-climatisation-et-chauffage","8":"product_cat-climatiseurs-et-ventilateurs","9":"product_cat-maison-jardin","10":"product_tag-tag_124","11":"product_tag-tag_25","13":"first","14":"instock","15":"taxable","16":"shipping-taxable","17":"purchasable","18":"product-type-simple"},"_links":{"self":[{"href":"https:\/\/bigbuy.tupique.com\/en\/wp-json\/wp\/v2\/product\/60025","targetHints":{"allow":["GET"]}}],"collection":[{"href":"https:\/\/bigbuy.tupique.com\/en\/wp-json\/wp\/v2\/product"}],"about":[{"href":"https:\/\/bigbuy.tupique.com\/en\/wp-json\/wp\/v2\/types\/product"}],"replies":[{"embeddable":true,"href":"https:\/\/bigbuy.tupique.com\/en\/wp-json\/wp\/v2\/comments?post=60025"}],"wp:featuredmedia":[{"embeddable":true,"href":"https:\/\/bigbuy.tupique.com\/en\/wp-json\/wp\/v2\/media\/60023"}],"wp:attachment":[{"href":"https:\/\/bigbuy.tupique.com\/en\/wp-json\/wp\/v2\/media?parent=60025"}],"wp:term":[{"taxonomy":"product_brand","embeddable":true,"href":"https:\/\/bigbuy.tupique.com\/en\/wp-json\/wp\/v2\/product_brand?post=60025"},{"taxonomy":"product_cat","embeddable":true,"href":"https:\/\/bigbuy.tupique.com\/en\/wp-json\/wp\/v2\/product_cat?post=60025"},{"taxonomy":"product_tag","embeddable":true,"href":"https:\/\/bigbuy.tupique.com\/en\/wp-json\/wp\/v2\/product_tag?post=60025"}],"curies":[{"name":"wp","href":"https:\/\/api.w.org\/{rel}","templated":true}]}}