{"id":59986,"date":"2026-04-01T15:06:48","date_gmt":"2026-04-01T14:06:48","guid":{"rendered":"https:\/\/bigbuy.tupique.com\/produto\/induction-hot-plate-balay-3eb999lh\/"},"modified":"2026-04-15T02:57:29","modified_gmt":"2026-04-15T01:57:29","slug":"induction-hot-plate-balay-3eb999lh","status":"publish","type":"product","link":"https:\/\/bigbuy.tupique.com\/en\/produto\/induction-hot-plate-balay-3eb999lh\/","title":{"rendered":"Plaque \u00e0 Induction Balay 3EB999LH"},"content":{"rendered":"<p>Si vous pensez r\u00e9nover votre cuisine, achetez <b>Plaque \u00e0 Induction Balay 3EB999LH<\/b> et d\u00b4autres <b>produits Balay<\/b> !<\/p>\n<p>La <b>plaque \u00e0 induction Balay 3EB999LH<\/b> est un appareil encastrable con\u00e7u pour offrir une cuisson efficace et s\u00fbre dans toute cuisine moderne. Elle dispose de <b>trois zones de cuisson<\/b>, permettant de g\u00e9rer simultan\u00e9ment plusieurs r\u00e9cipients avec pr\u00e9cision et contr\u00f4le. Sa finition en <b>noir<\/b> lui conf\u00e8re un aspect \u00e9l\u00e9gant et sobre, facile \u00e0 assortir \u00e0 diff\u00e9rents styles d\u00e9coratifs. Cette plaque se distingue par son syst\u00e8me de commande via une <b>barre tactile coulissante<\/b>, qui facilite la s\u00e9lection rapide et pr\u00e9cise de la puissance souhait\u00e9e d\u2019un simple geste, optimisant le confort lors de la pr\u00e9paration des repas. Parmi ses fonctions cl\u00e9s figure le <b>verrouillage enfant<\/b>, une s\u00e9curit\u00e9 emp\u00eachant l\u2019activation accidentelle des zones de cuisson, apportant s\u00e9r\u00e9nit\u00e9 dans les foyers avec enfants. De plus, la plaque int\u00e8gre un <b>\u00e9cran int\u00e9gr\u00e9<\/b> qui affiche clairement l\u2019\u00e9tat et le niveau de chaleur de chaque zone, am\u00e9liorant l\u2019exp\u00e9rience utilisateur gr\u00e2ce \u00e0 une information en temps r\u00e9el. Son installation encastrable garantit une int\u00e9gration parfaite dans tout plan de travail compatible, contribuant \u00e0 un design \u00e9pur\u00e9 et fonctionnel. La technologie \u00e0 induction assure une r\u00e9partition rapide et efficace de la chaleur, augmentant les \u00e9conomies d\u2019\u00e9nergie et la rapidit\u00e9 de cuisson. En r\u00e9sum\u00e9, la Balay 3EB999LH est une solution pratique et avanc\u00e9e pour ceux qui recherchent une plaque \u00e0 induction alliant pr\u00e9cision, s\u00e9curit\u00e9 et design discret, adapt\u00e9e aux besoins quotidiens de la cuisine.<\/p>\n<ul>\n<li>Type: Plaque \u00e0 Induction<\/li>\n<li>Produit \u00e0 brancher: Oui<\/li>\n<li>Type de prise: Prise EU<\/li>\n<li>Bloc d\u2019Alimentation: r\u00e9seau \u00e9lectrique<\/li>\n<li>Couleur: Noir<\/li>\n<li>Caract\u00e9ristiques:\n<ul>\n<li>Verrouillage pour enfants<\/li>\n<li>\u00c9cran integr\u00e9<\/li>\n<\/ul>\n<\/li>\n<li>Type d&#8217;installation: Int\u00e9grable<\/li>\n<li>Zones de cuisson: 3<\/li>\n<li>Arr\u00eat Automatique: Oui<\/li>\n<\/ul>","protected":false},"excerpt":{"rendered":"<p>Si vous pensez r\u00e9nover votre cuisine, achetez Plaque \u00e0 Induction Balay 3EB999LH et d\u00b4autres produits Balay ! La plaque \u00e0 induction Balay 3EB999LH est un appareil encastrable con\u00e7u pour offrir une cuisson efficace et s\u00fbre dans toute cuisine moderne. Elle dispose de trois zones de cuisson, permettant de g\u00e9rer simultan\u00e9ment plusieurs r\u00e9cipients avec pr\u00e9cision et [&hellip;]<\/p>\n","protected":false},"featured_media":59985,"comment_status":"open","ping_status":"closed","template":"","meta":[],"product_brand":[114],"product_cat":[60,77,78],"product_tag":[55,56],"class_list":{"0":"post-59986","1":"product","2":"type-product","3":"status-publish","4":"has-post-thumbnail","6":"product_brand-brandp_1251","7":"product_cat-cuisine-gourmet","8":"product_cat-petit-electromenager","9":"product_cat-plaques-de-cuisson","10":"product_tag-tag_926","11":"product_tag-tag_930","13":"first","14":"instock","15":"taxable","16":"shipping-taxable","17":"purchasable","18":"product-type-simple"},"_links":{"self":[{"href":"https:\/\/bigbuy.tupique.com\/en\/wp-json\/wp\/v2\/product\/59986","targetHints":{"allow":["GET"]}}],"collection":[{"href":"https:\/\/bigbuy.tupique.com\/en\/wp-json\/wp\/v2\/product"}],"about":[{"href":"https:\/\/bigbuy.tupique.com\/en\/wp-json\/wp\/v2\/types\/product"}],"replies":[{"embeddable":true,"href":"https:\/\/bigbuy.tupique.com\/en\/wp-json\/wp\/v2\/comments?post=59986"}],"wp:featuredmedia":[{"embeddable":true,"href":"https:\/\/bigbuy.tupique.com\/en\/wp-json\/wp\/v2\/media\/59985"}],"wp:attachment":[{"href":"https:\/\/bigbuy.tupique.com\/en\/wp-json\/wp\/v2\/media?parent=59986"}],"wp:term":[{"taxonomy":"product_brand","embeddable":true,"href":"https:\/\/bigbuy.tupique.com\/en\/wp-json\/wp\/v2\/product_brand?post=59986"},{"taxonomy":"product_cat","embeddable":true,"href":"https:\/\/bigbuy.tupique.com\/en\/wp-json\/wp\/v2\/product_cat?post=59986"},{"taxonomy":"product_tag","embeddable":true,"href":"https:\/\/bigbuy.tupique.com\/en\/wp-json\/wp\/v2\/product_tag?post=59986"}],"curies":[{"name":"wp","href":"https:\/\/api.w.org\/{rel}","templated":true}]}}