{"id":59979,"date":"2026-04-01T15:06:40","date_gmt":"2026-04-01T14:06:40","guid":{"rendered":"https:\/\/bigbuy.tupique.com\/produto\/soundbar-lg-s70tr-aeusllk-black-500-w\/"},"modified":"2026-05-11T19:56:47","modified_gmt":"2026-05-11T17:56:47","slug":"soundbar-lg-s70tr-aeusllk-black-500-w","status":"publish","type":"product","link":"https:\/\/bigbuy.tupique.com\/en\/produto\/soundbar-lg-s70tr-aeusllk-black-500-w\/","title":{"rendered":"Barre audio LG S70TR.AEUSLLK Noir 500 W"},"content":{"rendered":"<p>Si vous \u00eates passionn\u00e9 d&#8217;<b>informatique et d&#8217;\u00e9lectronique<\/b>, si vous \u00eates \u00e0 la pointe de la technologie et qu&#8217;aucun d\u00e9tail ne vous \u00e9chappe, achetez <b>Barre audio LG S70TR.AEUSLLK Noir 500 W<\/b> au meilleur prix.<\/p>\n<p>La <b>LG S70TR.AEUSLLK<\/b> est une <b>barre de son<\/b> avanc\u00e9e con\u00e7ue pour offrir une exp\u00e9rience audio cin\u00e9matographique \u00e0 domicile gr\u00e2ce \u00e0 sa configuration <b>5.1.1 canaux<\/b> et une puissance totale de <b>500 W<\/b>. Sa structure noire avec finition en plastique r\u00e9sistant s\u2019int\u00e8gre \u00e0 tout int\u00e9rieur, tandis que le <b>caisson de basses sans fil<\/b> fournit des graves profonds et pr\u00e9cis, assurant une immersion sonore optimale pour les films, la musique et les jeux vid\u00e9o. Elle int\u00e8gre la connectivit\u00e9 <b>Bluetooth 5.1<\/b>, permettant une transmission sans fil de haute qualit\u00e9 depuis divers appareils mobiles ou t\u00e9l\u00e9viseurs, et propose la <b>compatibilit\u00e9 eARC<\/b> pour transporter l\u2019audio haute r\u00e9solution via un seul c\u00e2ble HDMI, facilitant l\u2019int\u00e9gration avec les t\u00e9l\u00e9viseurs de derni\u00e8re g\u00e9n\u00e9ration. Elle dispose <b>d\u2019une entr\u00e9e et d\u2019une sortie HDMI<\/b>, ainsi que d\u2019un port USB, offrant une grande polyvalence pour connecter diff\u00e9rentes sources de contenu. Le syst\u00e8me \u00e9teint automatiquement l\u2019appareil lorsqu\u2019il n\u2019est pas utilis\u00e9, optimisant la consommation d\u2019\u00e9nergie, et la fonction de <b>haut-parleur<\/b> principal associ\u00e9e au caisson de basses garantit une r\u00e9partition \u00e9quilibr\u00e9e et puissante du son dans toute la pi\u00e8ce. La barre n\u2019est pas \u00e9quip\u00e9e de Wi-Fi ni de sortie optique, se concentrant sur des technologies de transmission et de connexion plus actuelles et efficaces. Ce mod\u00e8le LG constitue ainsi une solution compl\u00e8te et moderne pour ceux qui souhaitent am\u00e9liorer la qualit\u00e9 audio de leur t\u00e9l\u00e9viseur avec une installation rapide et des performances fiables ax\u00e9es sur le confort et la haute performance.<\/p>\n<ul>\n<li>Type:\n<ul>\n<li>Haut-parleur<\/li>\n<li>Subwoofer<\/li>\n<li>Wireless<\/li>\n<\/ul>\n<\/li>\n<li>Produit \u00e0 brancher: Oui<\/li>\n<li>Type de prise: Prise EU<\/li>\n<li>Mati\u00e8re: Plastique<\/li>\n<li>Non Inclus:\n<ul>\n<li>C\u00e2ble Optique<\/li>\n<li>Wi-Fi<\/li>\n<\/ul>\n<\/li>\n<li>Bloc d\u2019Alimentation: r\u00e9seau \u00e9lectrique<\/li>\n<li>Couleur: Noir<\/li>\n<li>Caract\u00e9ristiques:\n<ul>\n<li>Port USB<\/li>\n<li>Arr\u00eat Automatique<\/li>\n<li>Equalizer<\/li>\n<li>Garantie<\/li>\n<li>Guide d&#8217;installation inclus<\/li>\n<li>SimpLink<\/li>\n<li>Canal de retour audio (ARC)<\/li>\n<\/ul>\n<\/li>\n<li>Connexions:\n<ul>\n<li>HDMI x 2<\/li>\n<li>HDMI<\/li>\n<li>USB<\/li>\n<li>Optique<\/li>\n<\/ul>\n<\/li>\n<li>Connectivit\u00e9:\n<ul>\n<li>Bluetooth<\/li>\n<li>Bluetooth 5.1<\/li>\n<li>eARC<\/li>\n<\/ul>\n<\/li>\n<li>Inclut:\n<ul>\n<li>Subwoofer<\/li>\n<li>T\u00e9l\u00e9commande<\/li>\n<\/ul>\n<\/li>\n<li>Radio FM: Non<\/li>\n<li>puissance: 500 W<\/li>\n<li>Puissance RMS: 220 W<\/li>\n<li>Piles incluses: Oui<\/li>\n<li>Compatible: Android, iOS<\/li>\n<li>Technologie: HDR10<\/li>\n<li>Imp\u00e9dance: 3 \u03a9<\/li>\n<\/ul>","protected":false},"excerpt":{"rendered":"<p>Si vous \u00eates passionn\u00e9 d&#8217;informatique et d&#8217;\u00e9lectronique, si vous \u00eates \u00e0 la pointe de la technologie et qu&#8217;aucun d\u00e9tail ne vous \u00e9chappe, achetez Barre audio LG S70TR.AEUSLLK Noir 500 W au meilleur prix. La LG S70TR.AEUSLLK est une barre de son avanc\u00e9e con\u00e7ue pour offrir une exp\u00e9rience audio cin\u00e9matographique \u00e0 domicile gr\u00e2ce \u00e0 sa configuration [&hellip;]<\/p>\n","protected":false},"featured_media":59977,"comment_status":"open","ping_status":"closed","template":"","meta":[],"product_brand":[662],"product_cat":[1278,755,65],"product_tag":[106],"class_list":{"0":"post-59979","1":"product","2":"type-product","3":"status-publish","4":"has-post-thumbnail","6":"product_brand-brandp_559","7":"product_cat-barres-de-son","8":"product_cat-electronique-son","9":"product_cat-informatique-electronique","10":"product_tag-tag_1295","12":"first","13":"instock","14":"taxable","15":"shipping-taxable","16":"purchasable","17":"product-type-simple"},"_links":{"self":[{"href":"https:\/\/bigbuy.tupique.com\/en\/wp-json\/wp\/v2\/product\/59979","targetHints":{"allow":["GET"]}}],"collection":[{"href":"https:\/\/bigbuy.tupique.com\/en\/wp-json\/wp\/v2\/product"}],"about":[{"href":"https:\/\/bigbuy.tupique.com\/en\/wp-json\/wp\/v2\/types\/product"}],"replies":[{"embeddable":true,"href":"https:\/\/bigbuy.tupique.com\/en\/wp-json\/wp\/v2\/comments?post=59979"}],"wp:featuredmedia":[{"embeddable":true,"href":"https:\/\/bigbuy.tupique.com\/en\/wp-json\/wp\/v2\/media\/59977"}],"wp:attachment":[{"href":"https:\/\/bigbuy.tupique.com\/en\/wp-json\/wp\/v2\/media?parent=59979"}],"wp:term":[{"taxonomy":"product_brand","embeddable":true,"href":"https:\/\/bigbuy.tupique.com\/en\/wp-json\/wp\/v2\/product_brand?post=59979"},{"taxonomy":"product_cat","embeddable":true,"href":"https:\/\/bigbuy.tupique.com\/en\/wp-json\/wp\/v2\/product_cat?post=59979"},{"taxonomy":"product_tag","embeddable":true,"href":"https:\/\/bigbuy.tupique.com\/en\/wp-json\/wp\/v2\/product_tag?post=59979"}],"curies":[{"name":"wp","href":"https:\/\/api.w.org\/{rel}","templated":true}]}}