{"id":59970,"date":"2026-04-01T15:06:29","date_gmt":"2026-04-01T14:06:29","guid":{"rendered":"https:\/\/bigbuy.tupique.com\/produto\/american-fridge-lg-gsle91mbac-ambqeur-metallic\/"},"modified":"2026-04-15T02:20:32","modified_gmt":"2026-04-15T01:20:32","slug":"american-fridge-lg-gsle91mbac-ambqeur-metallic","status":"publish","type":"product","link":"https:\/\/bigbuy.tupique.com\/en\/produto\/american-fridge-lg-gsle91mbac-ambqeur-metallic\/","title":{"rendered":"R\u00e9frig\u00e9rateur am\u00e9ricain LG GSLE91MBAC.AMBQEUR M\u00e9tallis\u00e9"},"content":{"rendered":"<p>Si vous pensez r\u00e9nover votre cuisine, achetez <b>R\u00e9frig\u00e9rateur am\u00e9ricain LG GSLE91MBAC.AMBQEUR M\u00e9tallis\u00e9<\/b> et d\u00b4autres <b>produits LG<\/b> !<\/p>\n<p>Le <b>r\u00e9frig\u00e9rateur am\u00e9ricain GSLE91MBAC.AMBQEUR<\/b> de <b>LG<\/b> est un appareil con\u00e7u pour ceux qui recherchent une grande capacit\u00e9 et une efficacit\u00e9 optimale en cuisine. Avec une <b>capacit\u00e9 totale de 628 litres<\/b>, r\u00e9partie en <b>407 litres pour la zone de r\u00e9frig\u00e9ration<\/b> et <b>221 litres pour le cong\u00e9lateur<\/b>, il offre un vaste espace pour conserver aliments frais et surgel\u00e9s de mani\u00e8re optimale. Il pr\u00e9sente un design moderne en <b>acier inoxydable m\u00e9tallique<\/b>, alliant \u00e9l\u00e9gance et r\u00e9sistance, id\u00e9al pour les cuisines contemporaines. Ses dimensions de <b>179 cm de hauteur<\/b> et <b>91,3 cm de largeur<\/b> assurent une pr\u00e9sence imposante sans sacrifier la fonctionnalit\u00e9. De plus, il b\u00e9n\u00e9ficie d\u2019une <b>classe \u00e9nerg\u00e9tique C<\/b>, garantissant une utilisation responsable et efficace de l\u2019\u00e9nergie dans sa cat\u00e9gorie, \u00e9quilibrant puissance et consommation. Ce mod\u00e8le int\u00e8gre un <b>\u00e9cran LED int\u00e9gr\u00e9<\/b> facilitant le contr\u00f4le et le r\u00e9glage de ses fonctions, pour plus de confort et de pr\u00e9cision dans la gestion du r\u00e9frig\u00e9rateur et du cong\u00e9lateur. Sa construction en acier et ses d\u00e9tails m\u00e9talliques assurent un nettoyage facile et une bonne durabilit\u00e9. En r\u00e9sum\u00e9, ce r\u00e9frig\u00e9rateur am\u00e9ricain LG combine une capacit\u00e9 remarquable avec des caract\u00e9ristiques techniques soigneusement choisies pour offrir une solution de stockage adapt\u00e9e aussi bien aux familles nombreuses qu\u2019\u00e0 ceux qui privil\u00e9gient un grand espace et la fonctionnalit\u00e9 dans un seul appareil. C\u2019est une option fiable r\u00e9pondant aux exigences de qualit\u00e9 et de vie quotidienne dans le segment des grands r\u00e9frig\u00e9rateurs.<\/p>\n<ul>\n<li>Produit \u00e0 brancher: Oui<\/li>\n<li>Classification \u00e9nerg\u00e9tique: C<\/li>\n<li>Couleur:\n<ul>\n<li>Acier<\/li>\n<li>m\u00e9tallique<\/li>\n<li>M\u00e9tallis\u00e9<\/li>\n<\/ul>\n<\/li>\n<li>\u00c9lev\u00e9: 179 cm<\/li>\n<li>Largeur: 91,3 cm<\/li>\n<li>Capacit\u00e9: 628 L<\/li>\n<li>Type: R\u00e9frig\u00e9rateur am\u00e9ricain<\/li>\n<li>Type de prise: Prise EU<\/li>\n<li>Bloc d\u2019Alimentation: r\u00e9seau \u00e9lectrique<\/li>\n<li>Capacit\u00e9 du r\u00e9frig\u00e9rateur: 407 L<\/li>\n<li>Capacit\u00e9 du cong\u00e9lateur: 221 l<\/li>\n<li>Dimensions approx.: 179 x 91 cm<\/li>\n<li>Caract\u00e9ristiques: \u00c9cran integr\u00e9<\/li>\n<li>Technologie: LED<\/li>\n<li>Profondeur: 73,5 cm<\/li>\n<\/ul>","protected":false},"excerpt":{"rendered":"<p><span class=\"unit-info\">3.6529 &euro; \/ 1 l<\/span><\/p>","protected":false},"featured_media":59966,"comment_status":"open","ping_status":"closed","template":"","meta":[],"product_brand":[662],"product_cat":[60,77,226],"product_tag":[56],"class_list":{"0":"post-59970","1":"product","2":"type-product","3":"status-publish","4":"has-post-thumbnail","6":"product_brand-brandp_559","7":"product_cat-cuisine-gourmet","8":"product_cat-petit-electromenager","9":"product_cat-refrigerateurs-et-congelateurs","10":"product_tag-tag_930","12":"first","13":"instock","14":"taxable","15":"shipping-taxable","16":"purchasable","17":"product-type-simple"},"_links":{"self":[{"href":"https:\/\/bigbuy.tupique.com\/en\/wp-json\/wp\/v2\/product\/59970","targetHints":{"allow":["GET"]}}],"collection":[{"href":"https:\/\/bigbuy.tupique.com\/en\/wp-json\/wp\/v2\/product"}],"about":[{"href":"https:\/\/bigbuy.tupique.com\/en\/wp-json\/wp\/v2\/types\/product"}],"replies":[{"embeddable":true,"href":"https:\/\/bigbuy.tupique.com\/en\/wp-json\/wp\/v2\/comments?post=59970"}],"wp:featuredmedia":[{"embeddable":true,"href":"https:\/\/bigbuy.tupique.com\/en\/wp-json\/wp\/v2\/media\/59966"}],"wp:attachment":[{"href":"https:\/\/bigbuy.tupique.com\/en\/wp-json\/wp\/v2\/media?parent=59970"}],"wp:term":[{"taxonomy":"product_brand","embeddable":true,"href":"https:\/\/bigbuy.tupique.com\/en\/wp-json\/wp\/v2\/product_brand?post=59970"},{"taxonomy":"product_cat","embeddable":true,"href":"https:\/\/bigbuy.tupique.com\/en\/wp-json\/wp\/v2\/product_cat?post=59970"},{"taxonomy":"product_tag","embeddable":true,"href":"https:\/\/bigbuy.tupique.com\/en\/wp-json\/wp\/v2\/product_tag?post=59970"}],"curies":[{"name":"wp","href":"https:\/\/api.w.org\/{rel}","templated":true}]}}