{"id":59904,"date":"2026-04-01T15:03:13","date_gmt":"2026-04-01T14:03:13","guid":{"rendered":"https:\/\/bigbuy.tupique.com\/produto\/air-conditioning-lg-lgsmart12-set-white\/"},"modified":"2026-04-15T02:19:50","modified_gmt":"2026-04-15T01:19:50","slug":"air-conditioning-lg-lgsmart12-set-white","status":"publish","type":"product","link":"https:\/\/bigbuy.tupique.com\/en\/produto\/air-conditioning-lg-lgsmart12-set-white\/","title":{"rendered":"Air Conditionn\u00e9 LG LGSMART12.SET Blanc"},"content":{"rendered":"<p>Si vous recherchez des \u00e9lectrom\u00e9nagers pour votre maison aux meilleurs prix, ne manquez pas <b>Air Conditionn\u00e9 LG LGSMART12.SET Blanc<\/b> et une large s\u00e9lection de petits \u00e9lectrom\u00e9nagers de qualit\u00e9 !<\/p>\n<ul>\n<li>puissance: 3500 W<\/li>\n<li>Classification \u00e9nerg\u00e9tique:\n<ul>\n<li>A++<\/li>\n<li>A+++<\/li>\n<\/ul>\n<\/li>\n<li>Couleur: Blanc<\/li>\n<li>T\u00e9l\u00e9commande: Oui<\/li>\n<li>Gaz: R32<\/li>\n<li>Puissance frigorifique: 2924 fg\/h<\/li>\n<li>\u00c9cran integr\u00e9: Non<\/li>\n<\/ul>","protected":false},"excerpt":{"rendered":"<p>Si vous recherchez des \u00e9lectrom\u00e9nagers pour votre maison aux meilleurs prix, ne manquez pas Air Conditionn\u00e9 LG LGSMART12.SET Blanc et une large s\u00e9lection de petits \u00e9lectrom\u00e9nagers de qualit\u00e9 ! puissance: 3500 W Classification \u00e9nerg\u00e9tique: A++ A+++ Couleur: Blanc T\u00e9l\u00e9commande: Oui Gaz: R32 Puissance frigorifique: 2924 fg\/h \u00c9cran integr\u00e9: Non<\/p>","protected":false},"featured_media":59902,"comment_status":"open","ping_status":"closed","template":"","meta":[],"product_brand":[662],"product_cat":[732,1334,239],"product_tag":[721,104,210],"class_list":{"0":"post-59904","1":"product","2":"type-product","3":"status-publish","4":"has-post-thumbnail","6":"product_brand-brandp_559","7":"product_cat-climatisation-et-chauffage","8":"product_cat-climatiseurs-et-ventilateurs","9":"product_cat-maison-jardin","10":"product_tag-tag_124","11":"product_tag-tag_1279","12":"product_tag-tag_25","14":"first","15":"instock","16":"taxable","17":"shipping-taxable","18":"purchasable","19":"product-type-simple"},"_links":{"self":[{"href":"https:\/\/bigbuy.tupique.com\/en\/wp-json\/wp\/v2\/product\/59904","targetHints":{"allow":["GET"]}}],"collection":[{"href":"https:\/\/bigbuy.tupique.com\/en\/wp-json\/wp\/v2\/product"}],"about":[{"href":"https:\/\/bigbuy.tupique.com\/en\/wp-json\/wp\/v2\/types\/product"}],"replies":[{"embeddable":true,"href":"https:\/\/bigbuy.tupique.com\/en\/wp-json\/wp\/v2\/comments?post=59904"}],"wp:featuredmedia":[{"embeddable":true,"href":"https:\/\/bigbuy.tupique.com\/en\/wp-json\/wp\/v2\/media\/59902"}],"wp:attachment":[{"href":"https:\/\/bigbuy.tupique.com\/en\/wp-json\/wp\/v2\/media?parent=59904"}],"wp:term":[{"taxonomy":"product_brand","embeddable":true,"href":"https:\/\/bigbuy.tupique.com\/en\/wp-json\/wp\/v2\/product_brand?post=59904"},{"taxonomy":"product_cat","embeddable":true,"href":"https:\/\/bigbuy.tupique.com\/en\/wp-json\/wp\/v2\/product_cat?post=59904"},{"taxonomy":"product_tag","embeddable":true,"href":"https:\/\/bigbuy.tupique.com\/en\/wp-json\/wp\/v2\/product_tag?post=59904"}],"curies":[{"name":"wp","href":"https:\/\/api.w.org\/{rel}","templated":true}]}}