{"id":59892,"date":"2026-04-01T15:02:54","date_gmt":"2026-04-01T14:02:54","guid":{"rendered":"https:\/\/bigbuy.tupique.com\/produto\/projector-hisense-pt1-4k-ultra-hd-3840-x-2160-px\/"},"modified":"2026-05-11T19:57:17","modified_gmt":"2026-05-11T17:57:17","slug":"projector-hisense-pt1-4k-ultra-hd-3840-x-2160-px","status":"publish","type":"product","link":"https:\/\/bigbuy.tupique.com\/en\/produto\/projector-hisense-pt1-4k-ultra-hd-3840-x-2160-px\/","title":{"rendered":"Projecteur Hisense PT1 4K Ultra HD 3840 x 2160 px"},"content":{"rendered":"<p>Si vous \u00eates passionn\u00e9 d&#8217;<b>informatique et d&#8217;\u00e9lectronique<\/b>, si vous \u00eates \u00e0 la pointe de la technologie et qu&#8217;aucun d\u00e9tail ne vous \u00e9chappe, achetez <b>Projecteur Hisense PT1 4K Ultra HD 3840 x 2160 px<\/b> au meilleur prix.<\/p>\n<p>Le <b>projecteur Hisense<\/b> est un appareil avanc\u00e9 con\u00e7u pour offrir une exp\u00e9rience visuelle de haute qualit\u00e9 gr\u00e2ce \u00e0 sa <b>r\u00e9solution 4K Ultra HD<\/b>, garantissant des images nettes et d\u00e9taill\u00e9es, id\u00e9ales pour des pr\u00e9sentations professionnelles ou le divertissement \u00e0 domicile. Il dispose d\u2019un <b>luminosit\u00e9 de 2500 lumens<\/b>, suffisante pour projeter des contenus avec une bonne clart\u00e9 dans des environnements \u00e0 lumi\u00e8re ambiante mod\u00e9r\u00e9e. Son design en <b>couleur noire<\/b> apporte une esth\u00e9tique sobre et \u00e9l\u00e9gante qui s\u2019int\u00e8gre facilement dans tout espace. C\u00f4t\u00e9 connectivit\u00e9, il se distingue par ses multiples options facilitant la connexion \u00e0 des appareils externes : il inclut des <b>ports USB, USB 2.0, RJ45 et Ethernet LAN<\/b>, permettant de connecter aussi bien des unit\u00e9s de stockage que des r\u00e9seaux filaires pour le streaming ou les pr\u00e9sentations en ligne. De plus, il int\u00e8gre le <b>Bluetooth<\/b>, \u00e9largissant les possibilit\u00e9s sans fil pour connecter des accessoires compatibles. Son format d\u2019image natif est le <b>16:9<\/b>, optimis\u00e9 pour la majorit\u00e9 des films et contenus num\u00e9riques. En r\u00e9sum\u00e9, ce projecteur combine une r\u00e9solution avanc\u00e9e, diverses options de connexion et un niveau de luminosit\u00e9 adapt\u00e9 \u00e0 des usages vari\u00e9s, se positionnant comme une solution polyvalente pour les utilisateurs recherchant \u00e0 la fois fonctionnalit\u00e9 multimode et qualit\u00e9 visuelle.<\/p>\n<ul>\n<li>Type: Projecteur<\/li>\n<li>Couleur: Noir<\/li>\n<li>Connexions:\n<ul>\n<li>USB<\/li>\n<li>USB 2.0<\/li>\n<li>RJ45<\/li>\n<li>Ethernet LAN<\/li>\n<li>S\/PDIF x 1<\/li>\n<li>USB 3.2<\/li>\n<li>HDMI 1.4<\/li>\n<\/ul>\n<\/li>\n<li>Rapport d&#8217;aspect: 16:9<\/li>\n<li>Connectivit\u00e9:\n<ul>\n<li>Bluetooth<\/li>\n<li>Wi-Fi<\/li>\n<\/ul>\n<\/li>\n<li>Langue: Anglais<\/li>\n<li>Tension:\n<ul>\n<li>230 V<\/li>\n<li>200-240 V<\/li>\n<\/ul>\n<\/li>\n<li>Inclut: T\u00e9l\u00e9commande<\/li>\n<li>Technologie:\n<ul>\n<li>HDR<\/li>\n<li>DLP<\/li>\n<\/ul>\n<\/li>\n<li>R\u00e9solution: 4K Ultra HD<\/li>\n<li>\u00c9cran integr\u00e9: Non<\/li>\n<li>Caract\u00e9ristiques: Haut-parleurs int\u00e9gr\u00e9s<\/li>\n<li>Utilisation recommand\u00e9e: R\u00e9cepteur de ome cinema<\/li>\n<li>R\u00e9solution (px): 3840 x 2160 px<\/li>\n<li>Ecran: 80-150&#8243;<\/li>\n<\/ul>","protected":false},"excerpt":{"rendered":"<p>Si vous \u00eates passionn\u00e9 d&#8217;informatique et d&#8217;\u00e9lectronique, si vous \u00eates \u00e0 la pointe de la technologie et qu&#8217;aucun d\u00e9tail ne vous \u00e9chappe, achetez Projecteur Hisense PT1 4K Ultra HD 3840 x 2160 px au meilleur prix. Le projecteur Hisense est un appareil avanc\u00e9 con\u00e7u pour offrir une exp\u00e9rience visuelle de haute qualit\u00e9 gr\u00e2ce \u00e0 sa [&hellip;]<\/p>\n","protected":false},"featured_media":59881,"comment_status":"open","ping_status":"closed","template":"","meta":[],"product_brand":[1341],"product_cat":[65,581,583],"product_tag":[104],"class_list":{"0":"post-59892","1":"product","2":"type-product","3":"status-publish","4":"has-post-thumbnail","6":"product_brand-brandp_612","7":"product_cat-informatique-electronique","8":"product_cat-informatique-peripheriques-et-consommables","9":"product_cat-projecteurs","10":"product_tag-tag_1279","12":"first","13":"instock","14":"taxable","15":"shipping-taxable","16":"purchasable","17":"product-type-simple"},"_links":{"self":[{"href":"https:\/\/bigbuy.tupique.com\/en\/wp-json\/wp\/v2\/product\/59892","targetHints":{"allow":["GET"]}}],"collection":[{"href":"https:\/\/bigbuy.tupique.com\/en\/wp-json\/wp\/v2\/product"}],"about":[{"href":"https:\/\/bigbuy.tupique.com\/en\/wp-json\/wp\/v2\/types\/product"}],"replies":[{"embeddable":true,"href":"https:\/\/bigbuy.tupique.com\/en\/wp-json\/wp\/v2\/comments?post=59892"}],"wp:featuredmedia":[{"embeddable":true,"href":"https:\/\/bigbuy.tupique.com\/en\/wp-json\/wp\/v2\/media\/59881"}],"wp:attachment":[{"href":"https:\/\/bigbuy.tupique.com\/en\/wp-json\/wp\/v2\/media?parent=59892"}],"wp:term":[{"taxonomy":"product_brand","embeddable":true,"href":"https:\/\/bigbuy.tupique.com\/en\/wp-json\/wp\/v2\/product_brand?post=59892"},{"taxonomy":"product_cat","embeddable":true,"href":"https:\/\/bigbuy.tupique.com\/en\/wp-json\/wp\/v2\/product_cat?post=59892"},{"taxonomy":"product_tag","embeddable":true,"href":"https:\/\/bigbuy.tupique.com\/en\/wp-json\/wp\/v2\/product_tag?post=59892"}],"curies":[{"name":"wp","href":"https:\/\/api.w.org\/{rel}","templated":true}]}}