{"id":59800,"date":"2026-04-01T15:00:41","date_gmt":"2026-04-01T14:00:41","guid":{"rendered":"https:\/\/bigbuy.tupique.com\/produto\/sink-with-one-basin-teka-stone-60-l-tg-1c-1e\/"},"modified":"2026-04-15T19:46:29","modified_gmt":"2026-04-15T18:46:29","slug":"sink-with-one-basin-teka-stone-60-l-tg-1c-1e","status":"publish","type":"product","link":"https:\/\/bigbuy.tupique.com\/en\/produto\/sink-with-one-basin-teka-stone-60-l-tg-1c-1e\/","title":{"rendered":"\u00c9vier simple Teka Stone 60 L-TG 1C 1E"},"content":{"rendered":"<p>Si vous pensez r\u00e9nover votre cuisine, achetez <b>\u00c9vier simple Teka Stone 60 L-TG 1C 1E<\/b> et d\u00b4autres <b>produits Teka<\/b> !<\/p>\n<ul>\n<li>Couleur: Noir<\/li>\n<li>Largeur: 60 cm<\/li>\n<li>Caract\u00e9ristiques: Draineur<\/li>\n<li>Utilisation recommand\u00e9e: Anti-reflux<\/li>\n<\/ul>","protected":false},"excerpt":{"rendered":"<p>Si vous pensez r\u00e9nover votre cuisine, achetez \u00c9vier simple Teka Stone 60 L-TG 1C 1E et d\u00b4autres produits Teka ! Couleur: Noir Largeur: 60 cm Caract\u00e9ristiques: Draineur Utilisation recommand\u00e9e: Anti-reflux<\/p>","protected":false},"featured_media":190921,"comment_status":"open","ping_status":"closed","template":"","meta":[],"product_brand":[667],"product_cat":[60,61,779],"product_tag":[210],"class_list":{"0":"post-59800","1":"product","2":"type-product","3":"status-publish","4":"has-post-thumbnail","6":"product_brand-brandp_1172","7":"product_cat-cuisine-gourmet","8":"product_cat-equipement-de-cuisine","9":"product_cat-eviers","10":"product_tag-tag_25","12":"first","13":"instock","14":"taxable","15":"shipping-taxable","16":"purchasable","17":"product-type-simple"},"_links":{"self":[{"href":"https:\/\/bigbuy.tupique.com\/en\/wp-json\/wp\/v2\/product\/59800","targetHints":{"allow":["GET"]}}],"collection":[{"href":"https:\/\/bigbuy.tupique.com\/en\/wp-json\/wp\/v2\/product"}],"about":[{"href":"https:\/\/bigbuy.tupique.com\/en\/wp-json\/wp\/v2\/types\/product"}],"replies":[{"embeddable":true,"href":"https:\/\/bigbuy.tupique.com\/en\/wp-json\/wp\/v2\/comments?post=59800"}],"wp:featuredmedia":[{"embeddable":true,"href":"https:\/\/bigbuy.tupique.com\/en\/wp-json\/wp\/v2\/media\/190921"}],"wp:attachment":[{"href":"https:\/\/bigbuy.tupique.com\/en\/wp-json\/wp\/v2\/media?parent=59800"}],"wp:term":[{"taxonomy":"product_brand","embeddable":true,"href":"https:\/\/bigbuy.tupique.com\/en\/wp-json\/wp\/v2\/product_brand?post=59800"},{"taxonomy":"product_cat","embeddable":true,"href":"https:\/\/bigbuy.tupique.com\/en\/wp-json\/wp\/v2\/product_cat?post=59800"},{"taxonomy":"product_tag","embeddable":true,"href":"https:\/\/bigbuy.tupique.com\/en\/wp-json\/wp\/v2\/product_tag?post=59800"}],"curies":[{"name":"wp","href":"https:\/\/api.w.org\/{rel}","templated":true}]}}