{"id":59793,"date":"2026-04-01T15:00:31","date_gmt":"2026-04-01T14:00:31","guid":{"rendered":"https:\/\/bigbuy.tupique.com\/produto\/electric-scooter-reebok-350-w\/"},"modified":"2026-05-11T19:56:42","modified_gmt":"2026-05-11T17:56:42","slug":"electric-scooter-reebok-350-w","status":"publish","type":"product","link":"https:\/\/bigbuy.tupique.com\/en\/produto\/electric-scooter-reebok-350-w\/","title":{"rendered":"Trottinette \u00c9lectrique Reebok 350 W"},"content":{"rendered":"<p>Restez en forme et d\u00e9couvrez les derni\u00e8res nouveaut\u00e9s du secteur pour faire du sport avec les meilleures garanties ! Achetez <b>Trottinette \u00c9lectrique Reebok 350 W<\/b> au meilleur prix et profitez d&#8217;une vie saine !<\/p>\n<p>La <b>Reebok RK-URBAN85ES78-S<\/b> est une <b>trottinette \u00e9lectrique<\/b> con\u00e7ue pour se d\u00e9placer facilement en ville, offrant un \u00e9quilibre optimal entre puissance, autonomie et portabilit\u00e9. Elle est \u00e9quip\u00e9e d\u2019un <b>moteur de 350 W<\/b> permettant d\u2019atteindre une <b>vitesse maximale de 25 km\/h<\/b>, conforme \u00e0 la r\u00e9glementation urbaine et id\u00e9ale pour des trajets rapides en environnement citadin. Sa <b>batterie de 7800 mAh<\/b> assure une autonomie suffisante pour les d\u00e9placements quotidiens, permettant de circuler efficacement sans se soucier de recharges fr\u00e9quentes, tandis que l\u2019alimentation via <b>prise EU compatible avec le r\u00e9seau \u00e9lectrique<\/b> garantit une utilisation ais\u00e9e dans tout foyer europ\u00e9en. La trottinette dispose de <b>roues de 8,5 pouces<\/b>, optimis\u00e9es pour absorber les irr\u00e9gularit\u00e9s et s\u2019adapter \u00e0 diff\u00e9rents rev\u00eatements urbains, am\u00e9liorant ainsi la stabilit\u00e9 et le confort de conduite. Son <b>design pliable<\/b> se distingue \u00e9galement, id\u00e9al pour ranger la trottinette dans des espaces r\u00e9duits ou la transporter facilement dans les transports en commun, ainsi que son <b>\u00e9cran int\u00e9gr\u00e9<\/b> qui permet de consulter en temps r\u00e9el la vitesse, le niveau de charge et d\u2019autres param\u00e8tres essentiels. L\u2019ensemble de ces caract\u00e9ristiques fait de ce mod\u00e8le un choix pratique et \u00e9quilibr\u00e9 pour ceux qui recherchent un moyen de transport efficace, robuste et facile \u00e0 utiliser au quotidien.<\/p>\n<ul>\n<li>Produit \u00e0 brancher: Oui<\/li>\n<li>Type de prise: Prise EU<\/li>\n<li>Type: Trottinette \u00c9lectrique<\/li>\n<li>Bloc d\u2019Alimentation:\n<ul>\n<li>r\u00e9seau \u00e9lectrique<\/li>\n<li>Batterie<\/li>\n<\/ul>\n<\/li>\n<li>Caract\u00e9ristiques:\n<ul>\n<li>Pliable<\/li>\n<li>\u00c9cran integr\u00e9<\/li>\n<\/ul>\n<\/li>\n<li>puissance: 350 W<\/li>\n<li>Capacit\u00e9 de la batterie: 7800 mAh<\/li>\n<li>Taille: 8,5&#8243;<\/li>\n<li>vitesse: 25 km\/h<\/li>\n<li>Inclut: Lumi\u00e8re LED<\/li>\n<li>Classification IP: IPX4<\/li>\n<li>Autonomie approx.: 30 km<\/li>\n<li>Couleur: Argent\u00e9<\/li>\n<li>Genre: Adultes unisexes<\/li>\n<\/ul>\n<p>Informations importantes: Si la marque n&#8217;a pas immatricul\u00e9 la trotinette, le propi\u00e9taire devra passer le ITV ou le T\u00dbV pour obtenir un &#8220;EBE&#8221; ou un permis de circulation individuel.<\/p>","protected":false},"excerpt":{"rendered":"<p>Restez en forme et d\u00e9couvrez les derni\u00e8res nouveaut\u00e9s du secteur pour faire du sport avec les meilleures garanties ! Achetez Trottinette \u00c9lectrique Reebok 350 W au meilleur prix et profitez d&#8217;une vie saine ! La Reebok RK-URBAN85ES78-S est une trottinette \u00e9lectrique con\u00e7ue pour se d\u00e9placer facilement en ville, offrant un \u00e9quilibre optimal entre puissance, autonomie [&hellip;]<\/p>\n","protected":false},"featured_media":59792,"comment_status":"open","ping_status":"closed","template":"","meta":[],"product_brand":[1588],"product_cat":[609,65,1146],"product_tag":[163],"class_list":{"0":"post-59793","1":"product","2":"type-product","3":"status-publish","4":"has-post-thumbnail","6":"product_brand-brandp_2630","7":"product_cat-electronique-jouets-electroniques","8":"product_cat-informatique-electronique","9":"product_cat-trottinettes-electriques","10":"product_tag-tag_17","12":"first","13":"instock","14":"taxable","15":"shipping-taxable","16":"purchasable","17":"product-type-simple"},"_links":{"self":[{"href":"https:\/\/bigbuy.tupique.com\/en\/wp-json\/wp\/v2\/product\/59793","targetHints":{"allow":["GET"]}}],"collection":[{"href":"https:\/\/bigbuy.tupique.com\/en\/wp-json\/wp\/v2\/product"}],"about":[{"href":"https:\/\/bigbuy.tupique.com\/en\/wp-json\/wp\/v2\/types\/product"}],"replies":[{"embeddable":true,"href":"https:\/\/bigbuy.tupique.com\/en\/wp-json\/wp\/v2\/comments?post=59793"}],"wp:featuredmedia":[{"embeddable":true,"href":"https:\/\/bigbuy.tupique.com\/en\/wp-json\/wp\/v2\/media\/59792"}],"wp:attachment":[{"href":"https:\/\/bigbuy.tupique.com\/en\/wp-json\/wp\/v2\/media?parent=59793"}],"wp:term":[{"taxonomy":"product_brand","embeddable":true,"href":"https:\/\/bigbuy.tupique.com\/en\/wp-json\/wp\/v2\/product_brand?post=59793"},{"taxonomy":"product_cat","embeddable":true,"href":"https:\/\/bigbuy.tupique.com\/en\/wp-json\/wp\/v2\/product_cat?post=59793"},{"taxonomy":"product_tag","embeddable":true,"href":"https:\/\/bigbuy.tupique.com\/en\/wp-json\/wp\/v2\/product_tag?post=59793"}],"curies":[{"name":"wp","href":"https:\/\/api.w.org\/{rel}","templated":true}]}}