{"id":59774,"date":"2026-04-01T15:00:00","date_gmt":"2026-04-01T14:00:00","guid":{"rendered":"https:\/\/bigbuy.tupique.com\/produto\/soundbar-panasonic-corp-htb490egk-240w-160-w\/"},"modified":"2026-04-15T00:11:52","modified_gmt":"2026-04-14T23:11:52","slug":"soundbar-panasonic-corp-htb490egk-240w-160-w","status":"publish","type":"product","link":"https:\/\/bigbuy.tupique.com\/en\/produto\/soundbar-panasonic-corp-htb490egk-240w-160-w\/","title":{"rendered":"Barre audio Panasonic Corp. HTB490EGK  240W 160 W"},"content":{"rendered":"<p>Si vous \u00eates passionn\u00e9 d&#8217;<b>informatique et d&#8217;\u00e9lectronique<\/b>, si vous \u00eates \u00e0 la pointe de la technologie et qu&#8217;aucun d\u00e9tail ne vous \u00e9chappe, achetez <b>Barre audio Panasonic Corp. HTB490EGK  240W 160 W<\/b> au meilleur prix.<\/p>\n<p>La <b>barre de son Panasonic SC-HTB490<\/b> est un appareil con\u00e7u pour am\u00e9liorer l\u2019exp\u00e9rience audio \u00e0 domicile avec un syst\u00e8me surround <b>2.1 canaux<\/b>, compos\u00e9 d\u2019une barre principale et d\u2019un caisson de basses sans fil facilitant une installation pratique sans c\u00e2bles encombrants. Elle offre une puissance RMS totale de <b>320 W<\/b>, r\u00e9partie en <b>160 W pour la barre<\/b> et <b>160 W pour le caisson sans fil<\/b>, garantissant une reproduction claire et puissante des graves et m\u00e9diums pour divers contenus, films ou musique. Sa <b>connectivit\u00e9 Bluetooth 4.2<\/b> permet la transmission audio sans fil depuis des appareils mobiles, assurant une connexion rapide et stable avec smartphones, tablettes ou t\u00e9l\u00e9viseurs compatibles sans c\u00e2bles suppl\u00e9mentaires. L\u2019appareil est fini en \u00e9l\u00e9gant coloris <b>noir<\/b> et \u00e9quip\u00e9 d\u2019une <b>t\u00e9l\u00e9commande<\/b>, offrant confort et facilit\u00e9 d\u2019utilisation depuis n\u2019importe quel point de la pi\u00e8ce. De plus, il propose une option de <b>fixation murale<\/b>, apportant flexibilit\u00e9 pour adapter son emplacement selon l\u2019espace et l\u2019esth\u00e9tique. Ce mod\u00e8le Panasonic se distingue par son design compact, sa fonctionnalit\u00e9 sans fil et un syst\u00e8me audio \u00e9quilibr\u00e9, id\u00e9al pour ceux qui souhaitent am\u00e9liorer la qualit\u00e9 sonore sans complications techniques ni installations complexes. En r\u00e9sum\u00e9, la SC-HTB490 repr\u00e9sente une solution pratique et efficace dans le segment des barres de son sans fil, avec des performances remarquables en puissance et connectivit\u00e9.<\/p>\n<ul>\n<li>Connectivit\u00e9:\n<ul>\n<li>Bluetooth<\/li>\n<li>Bluetooth 4.2<\/li>\n<\/ul>\n<\/li>\n<li>puissance:\n<ul>\n<li>240 W<\/li>\n<li>160 W<\/li>\n<\/ul>\n<\/li>\n<li>Inclut:\n<ul>\n<li>Subwoofer<\/li>\n<li>T\u00e9l\u00e9commande<\/li>\n<li>Supports de montage<\/li>\n<\/ul>\n<\/li>\n<li>Largeur: 80 cm<\/li>\n<li>Produit \u00e0 brancher: Oui<\/li>\n<li>Type de prise: Prise EU<\/li>\n<li>Type:\n<ul>\n<li>Haut-parleur<\/li>\n<li>Montage mural<\/li>\n<li>T\u00e9l\u00e9commande<\/li>\n<li>Barre audio<\/li>\n<li>Wireless<\/li>\n<\/ul>\n<\/li>\n<li>Connexions:\n<ul>\n<li>HDMI<\/li>\n<li>USB<\/li>\n<\/ul>\n<\/li>\n<li>Bloc d\u2019Alimentation:\n<ul>\n<li>r\u00e9seau \u00e9lectrique<\/li>\n<li>C\u00e2ble \u00e9lectrique<\/li>\n<li>Cordon d&#8217;alimentation CA<\/li>\n<\/ul>\n<\/li>\n<li>Couleur: Noir<\/li>\n<li>Cha\u00eenes: 2.1<\/li>\n<li>Puissance RMS: 320 W<\/li>\n<li>Caract\u00e9ristiques:\n<ul>\n<li>Port USB<\/li>\n<li>Sans fil<\/li>\n<li>Montage mural<\/li>\n<\/ul>\n<\/li>\n<li>Non Inclus: Wi-Fi<\/li>\n<li>Nombre de pi\u00e8ces: 7 Pi\u00e8ces<\/li>\n<li>Compatible: Support de TV<\/li>\n<\/ul>","protected":false},"excerpt":{"rendered":"<p>Si vous \u00eates passionn\u00e9 d&#8217;informatique et d&#8217;\u00e9lectronique, si vous \u00eates \u00e0 la pointe de la technologie et qu&#8217;aucun d\u00e9tail ne vous \u00e9chappe, achetez Barre audio Panasonic Corp. HTB490EGK 240W 160 W au meilleur prix. La barre de son Panasonic SC-HTB490 est un appareil con\u00e7u pour am\u00e9liorer l\u2019exp\u00e9rience audio \u00e0 domicile avec un syst\u00e8me surround 2.1 [&hellip;]<\/p>\n","protected":false},"featured_media":59773,"comment_status":"open","ping_status":"closed","template":"","meta":[],"product_brand":[1226],"product_cat":[1278,755,65],"product_tag":[104,106],"class_list":{"0":"post-59774","1":"product","2":"type-product","3":"status-publish","4":"has-post-thumbnail","6":"product_brand-brandp_944","7":"product_cat-barres-de-son","8":"product_cat-electronique-son","9":"product_cat-informatique-electronique","10":"product_tag-tag_1279","11":"product_tag-tag_1295","13":"first","14":"instock","15":"taxable","16":"shipping-taxable","17":"purchasable","18":"product-type-simple"},"_links":{"self":[{"href":"https:\/\/bigbuy.tupique.com\/en\/wp-json\/wp\/v2\/product\/59774","targetHints":{"allow":["GET"]}}],"collection":[{"href":"https:\/\/bigbuy.tupique.com\/en\/wp-json\/wp\/v2\/product"}],"about":[{"href":"https:\/\/bigbuy.tupique.com\/en\/wp-json\/wp\/v2\/types\/product"}],"replies":[{"embeddable":true,"href":"https:\/\/bigbuy.tupique.com\/en\/wp-json\/wp\/v2\/comments?post=59774"}],"wp:featuredmedia":[{"embeddable":true,"href":"https:\/\/bigbuy.tupique.com\/en\/wp-json\/wp\/v2\/media\/59773"}],"wp:attachment":[{"href":"https:\/\/bigbuy.tupique.com\/en\/wp-json\/wp\/v2\/media?parent=59774"}],"wp:term":[{"taxonomy":"product_brand","embeddable":true,"href":"https:\/\/bigbuy.tupique.com\/en\/wp-json\/wp\/v2\/product_brand?post=59774"},{"taxonomy":"product_cat","embeddable":true,"href":"https:\/\/bigbuy.tupique.com\/en\/wp-json\/wp\/v2\/product_cat?post=59774"},{"taxonomy":"product_tag","embeddable":true,"href":"https:\/\/bigbuy.tupique.com\/en\/wp-json\/wp\/v2\/product_tag?post=59774"}],"curies":[{"name":"wp","href":"https:\/\/api.w.org\/{rel}","templated":true}]}}