{"id":59753,"date":"2026-04-01T14:59:35","date_gmt":"2026-04-01T13:59:35","guid":{"rendered":"https:\/\/bigbuy.tupique.com\/produto\/washing-machine-whirlpool-corporation-tdlr65230-65-kg-1200-rpm\/"},"modified":"2026-04-15T00:15:40","modified_gmt":"2026-04-14T23:15:40","slug":"washing-machine-whirlpool-corporation-tdlr65230-65-kg-1200-rpm","status":"publish","type":"product","link":"https:\/\/bigbuy.tupique.com\/en\/produto\/washing-machine-whirlpool-corporation-tdlr65230-65-kg-1200-rpm\/","title":{"rendered":"Machine \u00e0 laver Whirlpool Corporation TDLR65230 6,5 kg 1200 rpm"},"content":{"rendered":"<p>Si vous \u00eates \u00e0 la recherche de nouvelles tendances sur le march\u00e9, nous vous pr\u00e9sentons <b>Machine \u00e0 laver Whirlpool Corporation TDLR65230 6,5 kg 1200 rpm<\/b> !<\/p>\n<ul>\n<li>Capacit\u00e9: 6,5 kg<\/li>\n<li>vitesse: 1200 rpm<\/li>\n<li>Type d&#8217;installation: Sous le plan de travail<\/li>\n<li>Classification \u00e9nerg\u00e9tique: D<\/li>\n<li>Dimensions approx.: 90 x 60 x 40 cm<\/li>\n<li>Programmes: 15<\/li>\n<li>Type de charge: Sup\u00e9rieur<\/li>\n<li>Produit \u00e0 brancher: Oui<\/li>\n<li>Type de prise: Prise EU<\/li>\n<li>Langue: Espagnol<\/li>\n<li>Bloc d\u2019Alimentation: r\u00e9seau \u00e9lectrique<\/li>\n<li>Type: Ind\u00e9pendant<\/li>\n<li>Couleur: Blanc<\/li>\n<li>Largeur: 40 cm<\/li>\n<li>Caract\u00e9ristiques: \u00c9cran integr\u00e9<\/li>\n<li>Connectivit\u00e9: No<\/li>\n<li>Hauteur: 90 cm<\/li>\n<li>Fr\u00e9quence: 50 Hz<\/li>\n<li>Longueur du c\u00e2ble: 1,2 m<\/li>\n<li>Tension: 220-240 V<\/li>\n<li>Contr\u00f4le: Boutons, rotatif<\/li>\n<li>Amp\u00e9rage: 10 A<\/li>\n<\/ul>\n<p><\/p>\n<p>Whirlpool TDLR 65230SS SP\/N. Type de chargement: Charge par dessus. Capacit\u00e9 nominale: 6,5 kg, Classe d&#8217;efficacit\u00e9 d&#8217;essorage: B, Niveau sonore (essorage): 77 dB, Niveau sonore (lavage): 58 dB, Vitesse d&#8217;essorage maximale: 1200 tr\/min. Couleur du produit: Blanc. Largeur: 400 mm, Profondeur: 600 mm, Hauteur: 900 mm. Classe d&#8217;efficacit\u00e9 \u00e9nerg\u00e9tique: A<\/p>\n<p><\/p>\n<ul>\n<li>Type: Autonome<\/li>\n<li>Type de chargement: Charge par dessus<\/li>\n<li>Couleur du produit: Blanc<\/li>\n<li>\u00c9cran integr\u00e9: Oui<\/li>\n<li>Type de commande: Boutons, Rotatif<\/li>\n<li>Emplacement charni\u00e8re de porte: Haut<\/li>\n<li>Couleur de la porte: Blanc<\/li>\n<li>Longueur du c\u00e2ble: 1,2 m<\/li>\n<li>Volume du tambour: 42 L<\/li>\n<li>Remplissage d&#8217;eau: froid, chaud<\/li>\n<li>Moteur universel: Oui<\/li>\n<li>Capacit\u00e9 nominale: 6,5 kg<\/li>\n<li>Vitesse d&#8217;essorage maximale: 1200 tr\/min<\/li>\n<li>Classe d&#8217;efficacit\u00e9 d&#8217;essorage: B<\/li>\n<li>Nombre de programmes de lavage: 13<\/li>\n<li>Niveau sonore (essorage): 77 dB<\/li>\n<li>Niveau sonore (lavage): 58 dB<\/li>\n<li>Minuterie, d\u00e9part diff\u00e9r\u00e9: Oui<\/li>\n<li>Syst\u00e8me d&#8217;\u00e9quilibrage de charge: Oui<\/li>\n<li>Fonction AquaStop: Non<\/li>\n<li>Syst\u00e8me contr\u00f4le de mousse: Oui<\/li>\n<li>Dur\u00e9e du cycle (max): 165 min<\/li>\n<li>Temps de cycle (programme rapide): 30 min<\/li>\n<li>Sans rin\u00e7age: Oui<\/li>\n<li>Vitesse d&#8217;essorage ajustable: Oui<\/li>\n<li>Humidit\u00e9 r\u00e9siduelle: 53%<\/li>\n<li>Dur\u00e9e du mode r\u00e9siduel: 15 min<\/li>\n<li>Contr\u00f4l\u00e9 par Wi-Fi: Non<\/li>\n<li>Paiement sans contact: Non<\/li>\n<li>Demi-charge: Oui<\/li>\n<li>Programme de nettoyage antiallergique\/hygi\u00e9nique: Oui<\/li>\n<li>Programme de lavage coton: Oui<\/li>\n<li>Programme de lavage quotidien: Oui<\/li>\n<li>programme de lavage linge d\u00e9licat\/soie: Oui<\/li>\n<li>Programme de lavage \u00e9conomique: Oui<\/li>\n<li>Programme de lavage de laine: Oui<\/li>\n<li>Programme de lavage rapide: Oui<\/li>\n<li>Programme de lavage synth\u00e9tiques: Oui<\/li>\n<li>Programme de lavage de couleur: Oui<\/li>\n<li>Programme de rin\u00e7age et d\u2019essorage: Oui<\/li>\n<li>Programme essorage seul: Oui<\/li>\n<li>Indication du temps restant: Oui<\/li>\n<li>Bouton Marche\/Arr\u00eat: Oui<\/li>\n<li>Classe d&#8217;efficacit\u00e9 \u00e9nerg\u00e9tique: A<\/li>\n<li>Plage d\u2019efficacit\u00e9 \u00e9nerg\u00e9tique: A+++ \u00e0 G<\/li>\n<li>Consommation d&#8217;\u00e9nergie par lavage: 0,76 kWh<\/li>\n<li>Consommation d&#8217;\u00e9nergie (mode veille): 0,11 W<\/li>\n<li>Consommation \u00e9lectrique (r\u00e9siduelle): 0,11 W<\/li>\n<li>Charge connect\u00e9e: 2100 W<\/li>\n<li>Tension d&#8217;entr\u00e9e AC: 220 &#8211; 240 V<\/li>\n<li>Fr\u00e9quence d&#8217;entr\u00e9e AC: 50 Hz<\/li>\n<li>Actuel: 10 A<\/li>\n<li>Largeur: 400 mm<\/li>\n<li>Profondeur: 600 mm<\/li>\n<li>Hauteur: 900 mm<\/li>\n<li>Poids: 57 kg<\/li>\n<li>Largeur du colis: 450 mm<\/li>\n<li>Profondeur du colis: 700 mm<\/li>\n<li>Hauteur du colis: 940 mm<\/li>\n<li>Poids du paquet: 58 kg<\/li>\n<\/ul>","protected":false},"excerpt":{"rendered":"<p>Si vous \u00eates \u00e0 la recherche de nouvelles tendances sur le march\u00e9, nous vous pr\u00e9sentons Machine \u00e0 laver Whirlpool Corporation TDLR65230 6,5 kg 1200 rpm ! Capacit\u00e9: 6,5 kg vitesse: 1200 rpm Type d&#8217;installation: Sous le plan de travail Classification \u00e9nerg\u00e9tique: D Dimensions approx.: 90 x 60 x 40 cm Programmes: 15 Type de charge: [&hellip;]<\/p>\n","protected":false},"featured_media":183874,"comment_status":"open","ping_status":"closed","template":"","meta":[],"product_brand":[814],"product_cat":[239,240,751],"product_tag":[104],"class_list":{"0":"post-59753","1":"product","2":"type-product","3":"status-publish","4":"has-post-thumbnail","6":"product_brand-brandp_921","7":"product_cat-maison-jardin","8":"product_cat-nettoyage-aspirateur-et-repassage","9":"product_cat-seche-linge-fers-a-repasser-sechoirs","10":"product_tag-tag_1279","12":"first","13":"instock","14":"taxable","15":"shipping-taxable","16":"purchasable","17":"product-type-simple"},"_links":{"self":[{"href":"https:\/\/bigbuy.tupique.com\/en\/wp-json\/wp\/v2\/product\/59753","targetHints":{"allow":["GET"]}}],"collection":[{"href":"https:\/\/bigbuy.tupique.com\/en\/wp-json\/wp\/v2\/product"}],"about":[{"href":"https:\/\/bigbuy.tupique.com\/en\/wp-json\/wp\/v2\/types\/product"}],"replies":[{"embeddable":true,"href":"https:\/\/bigbuy.tupique.com\/en\/wp-json\/wp\/v2\/comments?post=59753"}],"wp:featuredmedia":[{"embeddable":true,"href":"https:\/\/bigbuy.tupique.com\/en\/wp-json\/wp\/v2\/media\/183874"}],"wp:attachment":[{"href":"https:\/\/bigbuy.tupique.com\/en\/wp-json\/wp\/v2\/media?parent=59753"}],"wp:term":[{"taxonomy":"product_brand","embeddable":true,"href":"https:\/\/bigbuy.tupique.com\/en\/wp-json\/wp\/v2\/product_brand?post=59753"},{"taxonomy":"product_cat","embeddable":true,"href":"https:\/\/bigbuy.tupique.com\/en\/wp-json\/wp\/v2\/product_cat?post=59753"},{"taxonomy":"product_tag","embeddable":true,"href":"https:\/\/bigbuy.tupique.com\/en\/wp-json\/wp\/v2\/product_tag?post=59753"}],"curies":[{"name":"wp","href":"https:\/\/api.w.org\/{rel}","templated":true}]}}