{"id":59710,"date":"2026-04-01T14:55:44","date_gmt":"2026-04-01T13:55:44","guid":{"rendered":"https:\/\/bigbuy.tupique.com\/produto\/induction-hot-plate-beko-8690842385469-60-cm-60-cm-7200-w-200-w\/"},"modified":"2026-04-16T00:27:19","modified_gmt":"2026-04-15T23:27:19","slug":"induction-hot-plate-beko-8690842385469-60-cm-60-cm-7200-w-200-w","status":"publish","type":"product","link":"https:\/\/bigbuy.tupique.com\/en\/produto\/induction-hot-plate-beko-8690842385469-60-cm-60-cm-7200-w-200-w\/","title":{"rendered":"Plaque \u00e0 Induction BEKO 8690842385469 60 cm 60 cm 7200 W 200 W"},"content":{"rendered":"<p>Si vous pensez r\u00e9nover votre cuisine, achetez <b>Plaque \u00e0 Induction BEKO 8690842385469 60 cm 60 cm 7200 W 200 W<\/b> et d\u00b4autres <b>produits BEKO<\/b> !<\/p>\n<p>La <b>plaque \u00e0 induction<\/b> <b>BEKO HII63201FMT<\/b> offre une solution efficace et avanc\u00e9e pour la cuisine moderne, alliant design \u00e9l\u00e9gant et fonctionnalit\u00e9s ax\u00e9es sur la s\u00e9curit\u00e9 et la praticit\u00e9. Con\u00e7ue avec une finition <b>noire<\/b> \u00e9l\u00e9gante, cette plaque s\u2019adapte parfaitement aux plans de travail standards gr\u00e2ce \u00e0 une <b>largeur de 60 cm<\/b> (surface utile de 58 cm), facilitant son int\u00e9gration dans les cuisines compactes comme dans les espaces plus vastes. Le mod\u00e8le dispose de <b>3 zones de cuisson<\/b> r\u00e9parties pour optimiser l\u2019utilisation de l\u2019espace, permettant de cuisiner plusieurs plats simultan\u00e9ment de mani\u00e8re confortable et s\u00fbre. Sa <b>puissance totale de 7200 W<\/b> assure un chauffage rapide et uniforme, r\u00e9duisant le temps de pr\u00e9paration et am\u00e9liorant l\u2019efficacit\u00e9 \u00e9nerg\u00e9tique. Elle int\u00e8gre des fonctions de protection telles que l\u2019<b>arr\u00eat automatique<\/b> et le <b>verrouillage enfant<\/b>, con\u00e7ues pour \u00e9viter les accidents et garantir la tranquillit\u00e9 d\u2019esprit au quotidien. En tant que <b>plaque \u00e0 induction<\/b>, elle utilise la technologie \u00e9lectromagn\u00e9tique de pointe pour chauffer uniquement les r\u00e9cipients compatibles, offrant ainsi plus de s\u00e9curit\u00e9, une facilit\u00e9 de nettoyage et une r\u00e9duction notable de la consommation d\u2019\u00e9nergie par rapport aux syst\u00e8mes traditionnels. Par sa combinaison de fonctionnalit\u00e9s avanc\u00e9es, de design robuste et de mesures de s\u00e9curit\u00e9, la BEKO HII63201FMT s\u2019impose comme une option fiable et performante pour ceux qui souhaitent optimiser leur exp\u00e9rience culinaire \u00e0 domicile.<\/p>\n<ul>\n<li>Type: Plaque \u00e0 Induction<\/li>\n<li>Mat\u00e9riel: Vitroc\u00e9ramique<\/li>\n<li>Largeur:\n<ul>\n<li>58 cm<\/li>\n<li>60 cm<\/li>\n<\/ul>\n<\/li>\n<li>Produit \u00e0 brancher: Oui<\/li>\n<li>Type de prise: Prise EU<\/li>\n<li>Couleur: Noir<\/li>\n<li>Caract\u00e9ristiques:\n<ul>\n<li>Verrouillage pour enfants<\/li>\n<li>Facile \u00e0 nettoyer<\/li>\n<li>Commande tactile<\/li>\n<li>9 niveaux<\/li>\n<\/ul>\n<\/li>\n<li>puissance:\n<ul>\n<li>7200 W<\/li>\n<li>200 W<\/li>\n<\/ul>\n<\/li>\n<li>Zones de cuisson: 3<\/li>\n<li>diam\u00e8tre approx.: \u00d8 28 cm<\/li>\n<li>Arr\u00eat Automatique: Oui<\/li>\n<li>\u00c9cran integr\u00e9: Non<\/li>\n<li>Poids: 6 Kg<\/li>\n<li>Tension: 230 V<\/li>\n<li>Bloc d\u2019Alimentation:\n<ul>\n<li>\u00c9lectrique<\/li>\n<li>C\u00e2ble \u00e9lectrique<\/li>\n<\/ul>\n<\/li>\n<\/ul>\n<p><\/p>\n<p>Beko HII63201FMT. Couleur du produit: Noir, Placement de l&#8217;appareil: Int\u00e9gr\u00e9 (placement), Dimension de largeur de plaque de cuisson: 60 cm. Type de commande: Tactile, Position de contr\u00f4le: En haut devant, Type d&#8217;horloge: \u00c9lectronique. Puissance raccord\u00e9e (\u00e9lectrique): 7200 W, Tension d&#8217;entr\u00e9e AC: 220 &#8211; 240 V, Fr\u00e9quence d&#8217;entr\u00e9e AC: 50 Hz. Largeur: 580 mm, Profondeur: 510 mm, Hauteur: 48 mm<\/p>\n<p><\/p>\n<ul>\n<li>Couleur du produit: Noir<\/li>\n<li>Placement de l&#8217;appareil: Int\u00e9gr\u00e9 (placement)<\/li>\n<li>Dimension de largeur de plaque de cuisson: 60 cm<\/li>\n<li>Type de plaque: Plaque avec zone \u00e0 induction<\/li>\n<li>Nombre de br\u00fbleurs: 3 zone(s)<\/li>\n<li>Nombre de zone de cuisine \u00e9lectrique: 3 zone(s)<\/li>\n<li>Br\u00fbleur de mijotage: 3000 W<\/li>\n<li>Forme de br\u00fbleur de mijotage\/de zone de cuisson: Rond<\/li>\n<li>Laisser mijoter diam\u00e8tre de la zone du br\u00fbleur \/ de cuisine: 18 cm<\/li>\n<li>Br\u00fbleur ordinaire: 3000 W<\/li>\n<li>Br\u00fbleur classique et zone de cuisson: Rond<\/li>\n<li>Diam\u00e8tre de la zone du br\u00fbleur ordinaire \/ de cuisine: 18 cm<\/li>\n<li>Br\u00fbleur large: 3700 W<\/li>\n<li>Br\u00fbleur haute-vitesse et zone de cuisson larges: Ovale<\/li>\n<li>Diam\u00e8tre de la zone d&#8217;un grand br\u00fbleur \/ de cuisine: 28 cm<\/li>\n<li>Br\u00fbleur haute-vitesse et zone de cuisson larges (L x P): 180 x 280 mm<\/li>\n<li>Nombre de niveaux de puissance: 9<\/li>\n<li>Type de commande: Tactile<\/li>\n<li>Position de contr\u00f4le: En haut devant<\/li>\n<li>\u00c9cran integr\u00e9: Non<\/li>\n<li>S\u00e9curit\u00e9 enfant: Oui<\/li>\n<li>Horloge int\u00e9gr\u00e9e: Oui<\/li>\n<li>Type d&#8217;horloge: \u00c9lectronique<\/li>\n<li>Minuteur: Oui<\/li>\n<li>Voyants: Oui<\/li>\n<li>Facile \u00e0 nettoyer: Oui<\/li>\n<li>Coupure automatique de l&#8217;alimentation: Oui<\/li>\n<li>Capot int\u00e9gr\u00e9: Non<\/li>\n<li>Puissance raccord\u00e9e (\u00e9lectrique): 7200 W<\/li>\n<li>Bouton marche\/arr\u00eat int\u00e9gr\u00e9: Oui<\/li>\n<li>Tension d&#8217;entr\u00e9e AC: 220 &#8211; 240 V<\/li>\n<li>Fr\u00e9quence d&#8217;entr\u00e9e AC: 50 Hz<\/li>\n<li>Largeur: 580 mm<\/li>\n<li>Profondeur: 510 mm<\/li>\n<li>Hauteur: 48 mm<\/li>\n<li>Poids: 10,8 kg<\/li>\n<li>Largeur de compartiment d&#8217;installation: 56 cm<\/li>\n<li>Profondeur de compartiment d&#8217;installation: 49 cm<\/li>\n<li>Largeur du colis: 630 mm<\/li>\n<li>Profondeur du colis: 555 mm<\/li>\n<li>Hauteur du colis: 15 mm<\/li>\n<li>Poids du paquet: 12 kg<\/li>\n<\/ul>","protected":false},"excerpt":{"rendered":"<p>Si vous pensez r\u00e9nover votre cuisine, achetez Plaque \u00e0 Induction BEKO 8690842385469 60 cm 60 cm 7200 W 200 W et d\u00b4autres produits BEKO ! La plaque \u00e0 induction BEKO HII63201FMT offre une solution efficace et avanc\u00e9e pour la cuisine moderne, alliant design \u00e9l\u00e9gant et fonctionnalit\u00e9s ax\u00e9es sur la s\u00e9curit\u00e9 et la praticit\u00e9. Con\u00e7ue avec [&hellip;]<\/p>\n","protected":false},"featured_media":182220,"comment_status":"open","ping_status":"closed","template":"","meta":[],"product_brand":[825],"product_cat":[60,77,78],"product_tag":[55,56],"class_list":{"0":"post-59710","1":"product","2":"type-product","3":"status-publish","4":"has-post-thumbnail","6":"product_brand-brandp_1255","7":"product_cat-cuisine-gourmet","8":"product_cat-petit-electromenager","9":"product_cat-plaques-de-cuisson","10":"product_tag-tag_926","11":"product_tag-tag_930","13":"first","14":"instock","15":"taxable","16":"shipping-taxable","17":"purchasable","18":"product-type-simple"},"_links":{"self":[{"href":"https:\/\/bigbuy.tupique.com\/en\/wp-json\/wp\/v2\/product\/59710","targetHints":{"allow":["GET"]}}],"collection":[{"href":"https:\/\/bigbuy.tupique.com\/en\/wp-json\/wp\/v2\/product"}],"about":[{"href":"https:\/\/bigbuy.tupique.com\/en\/wp-json\/wp\/v2\/types\/product"}],"replies":[{"embeddable":true,"href":"https:\/\/bigbuy.tupique.com\/en\/wp-json\/wp\/v2\/comments?post=59710"}],"wp:featuredmedia":[{"embeddable":true,"href":"https:\/\/bigbuy.tupique.com\/en\/wp-json\/wp\/v2\/media\/182220"}],"wp:attachment":[{"href":"https:\/\/bigbuy.tupique.com\/en\/wp-json\/wp\/v2\/media?parent=59710"}],"wp:term":[{"taxonomy":"product_brand","embeddable":true,"href":"https:\/\/bigbuy.tupique.com\/en\/wp-json\/wp\/v2\/product_brand?post=59710"},{"taxonomy":"product_cat","embeddable":true,"href":"https:\/\/bigbuy.tupique.com\/en\/wp-json\/wp\/v2\/product_cat?post=59710"},{"taxonomy":"product_tag","embeddable":true,"href":"https:\/\/bigbuy.tupique.com\/en\/wp-json\/wp\/v2\/product_tag?post=59710"}],"curies":[{"name":"wp","href":"https:\/\/api.w.org\/{rel}","templated":true}]}}