{"id":59692,"date":"2026-04-01T14:55:21","date_gmt":"2026-04-01T13:55:21","guid":{"rendered":"https:\/\/bigbuy.tupique.com\/produto\/gas-hob-teka-gzc-63310-60-cm-60-cm\/"},"modified":"2026-04-15T19:36:45","modified_gmt":"2026-04-15T18:36:45","slug":"gas-hob-teka-gzc-63310-60-cm-60-cm","status":"publish","type":"product","link":"https:\/\/bigbuy.tupique.com\/en\/produto\/gas-hob-teka-gzc-63310-60-cm-60-cm\/","title":{"rendered":"Plaque au gaz Teka GZC 63310 60 cm 60 cm"},"content":{"rendered":"<p>Si vous pensez r\u00e9nover votre cuisine, achetez <b>Plaque au gaz Teka GZC 63310 60 cm 60 cm<\/b> et d\u00b4autres <b>produits Teka<\/b> !<\/p>\n<ul>\n<li>Mat\u00e9riel:\n<ul>\n<li>Verre<\/li>\n<li>C\u00e9ramique<\/li>\n<\/ul>\n<\/li>\n<li>Type:\n<ul>\n<li>Int\u00e9grable<\/li>\n<li>Butane<\/li>\n<li>Propane<\/li>\n<li>Plaque au gaz<\/li>\n<li>Int\u00e9gr\u00e9<\/li>\n<\/ul>\n<\/li>\n<li>Zones de cuisson: 3<\/li>\n<li>puissance: 7800 W<\/li>\n<li>Contr\u00f4le: Plaque Tournante<\/li>\n<li>Tension: 220-240 V<\/li>\n<li>Dimensions approx.: 59 x 52 x 6 cm<\/li>\n<li>Informations importantes: En ce qui concerne le raccordement au gaz, il convient de respecter les r\u00e9glementations nationales en vigueur.<\/li>\n<li>Largeur: 60 cm<\/li>\n<li>Couleur:\n<ul>\n<li>Noir<\/li>\n<li>Blanc<\/li>\n<li>Multicouleur<\/li>\n<\/ul>\n<\/li>\n<li>Caract\u00e9ristiques: 9 niveaux<\/li>\n<li>Profondeur de compartiment d&#8217;installation: 49 cm<\/li>\n<li>\u00c9cran integr\u00e9: Non<\/li>\n<li>Pays \/ r\u00e9gion de fabrication: Espagne<\/li>\n<li>Poids:\n<ul>\n<li>10 kg<\/li>\n<li>15 kg<\/li>\n<\/ul>\n<\/li>\n<li>Type de carburant: Gaz<\/li>\n<li>Fr\u00e9quence d&#8217;entr\u00e9e AC: 50-60 Hz<\/li>\n<li>Type de commande: T\u00e9l\u00e9commande<\/li>\n<li>Produit fragile: Oui<\/li>\n<li>Bloc d\u2019Alimentation: Gaz<\/li>\n<\/ul>\n<p>Informations importantes: En ce qui concerne le raccordement au gaz, il convient de respecter les r\u00e9glementations nationales en vigueur..<\/p>","protected":false},"excerpt":{"rendered":"<p>Si vous pensez r\u00e9nover votre cuisine, achetez Plaque au gaz Teka GZC 63310 60 cm 60 cm et d\u00b4autres produits Teka ! Mat\u00e9riel: Verre C\u00e9ramique Type: Int\u00e9grable Butane Propane Plaque au gaz Int\u00e9gr\u00e9 Zones de cuisson: 3 puissance: 7800 W Contr\u00f4le: Plaque Tournante Tension: 220-240 V Dimensions approx.: 59 x 52 x 6 cm Informations [&hellip;]<\/p>\n","protected":false},"featured_media":59691,"comment_status":"open","ping_status":"closed","template":"","meta":[],"product_brand":[667],"product_cat":[60,77,78],"product_tag":[55,104,56],"class_list":{"0":"post-59692","1":"product","2":"type-product","3":"status-publish","4":"has-post-thumbnail","6":"product_brand-brandp_1172","7":"product_cat-cuisine-gourmet","8":"product_cat-petit-electromenager","9":"product_cat-plaques-de-cuisson","10":"product_tag-tag_926","11":"product_tag-tag_1279","12":"product_tag-tag_930","14":"first","15":"instock","16":"taxable","17":"shipping-taxable","18":"purchasable","19":"product-type-simple"},"_links":{"self":[{"href":"https:\/\/bigbuy.tupique.com\/en\/wp-json\/wp\/v2\/product\/59692","targetHints":{"allow":["GET"]}}],"collection":[{"href":"https:\/\/bigbuy.tupique.com\/en\/wp-json\/wp\/v2\/product"}],"about":[{"href":"https:\/\/bigbuy.tupique.com\/en\/wp-json\/wp\/v2\/types\/product"}],"replies":[{"embeddable":true,"href":"https:\/\/bigbuy.tupique.com\/en\/wp-json\/wp\/v2\/comments?post=59692"}],"wp:featuredmedia":[{"embeddable":true,"href":"https:\/\/bigbuy.tupique.com\/en\/wp-json\/wp\/v2\/media\/59691"}],"wp:attachment":[{"href":"https:\/\/bigbuy.tupique.com\/en\/wp-json\/wp\/v2\/media?parent=59692"}],"wp:term":[{"taxonomy":"product_brand","embeddable":true,"href":"https:\/\/bigbuy.tupique.com\/en\/wp-json\/wp\/v2\/product_brand?post=59692"},{"taxonomy":"product_cat","embeddable":true,"href":"https:\/\/bigbuy.tupique.com\/en\/wp-json\/wp\/v2\/product_cat?post=59692"},{"taxonomy":"product_tag","embeddable":true,"href":"https:\/\/bigbuy.tupique.com\/en\/wp-json\/wp\/v2\/product_tag?post=59692"}],"curies":[{"name":"wp","href":"https:\/\/api.w.org\/{rel}","templated":true}]}}