{"id":59690,"date":"2026-04-01T14:55:19","date_gmt":"2026-04-01T13:55:19","guid":{"rendered":"https:\/\/bigbuy.tupique.com\/produto\/conventional-hood-balay-3bc077ex-75-cm-720-m3-h-65-db-255w-steel\/"},"modified":"2026-04-14T23:38:14","modified_gmt":"2026-04-14T22:38:14","slug":"conventional-hood-balay-3bc077ex-75-cm-720-m3-h-65-db-255w-steel","status":"publish","type":"product","link":"https:\/\/bigbuy.tupique.com\/en\/produto\/conventional-hood-balay-3bc077ex-75-cm-720-m3-h-65-db-255w-steel\/","title":{"rendered":"Hotte standard Balay 3BC077EX 75 cm 720 m3\/h 65 dB 255W Acier"},"content":{"rendered":"<p>Si vous pensez r\u00e9nover votre cuisine, achetez <b>Hotte standard Balay 3BC077EX 75 cm 720 m3\/h 65 dB 255W Acier<\/b> et d\u00b4autres <b>produits Balay<\/b> !<\/p>\n<p>La <b>hotte classique 3BC077EX<\/b> de <b>Balay<\/b> est un extracteur mural con\u00e7u pour \u00e9liminer efficacement fum\u00e9es et odeurs en cuisine, avec une capacit\u00e9 maximale d\u2019extraction de <b>720 m\u00b3\/h<\/b>. Fabriqu\u00e9e en <b>acier inoxydable et acier<\/b>, cette hotte allie durabilit\u00e9 et finition facile \u00e0 nettoyer, id\u00e9ale pour les cuisines recherchant fonctionnalit\u00e9 et style robuste et contemporain. Sa <b>largeur de 75 cm<\/b> assure une couverture adapt\u00e9e aux plaques de cuisson de taille moyenne \u00e0 grande. Elle dispose d\u2019un syst\u00e8me de filtration des graisses avec <b>filtres en aluminium lavables<\/b>, au nombre de deux, facilitant l\u2019entretien et garantissant une performance constante. La hotte propose <b>trois vitesses<\/b> pour ajuster la puissance d\u2019extraction selon les besoins, tout en maintenant un niveau sonore r\u00e9duit, notamment \u00e0 la vitesse basse, avec un niveau de <b>51 d\u00e9cibels<\/b>, contribuant \u00e0 un environnement plus confortable pendant la cuisson. C\u00f4t\u00e9 efficacit\u00e9 \u00e9nerg\u00e9tique, elle est class\u00e9e entre <b>A et B<\/b>, t\u00e9moignant d\u2019un bon \u00e9quilibre entre performance et consommation. Son poids de <b>6 kg<\/b> facilite l\u2019installation et la manipulation. Ce mod\u00e8le est principalement adapt\u00e9 aux cuisines espagnoles, combinant exigences fonctionnelles et esth\u00e9tiques attendues sur le march\u00e9 europ\u00e9en pour ce type d\u2019appareils. En r\u00e9sum\u00e9, la hotte <b>Balay 3BC077EX<\/b> offre une solution pratique et efficace pour garder l\u2019air propre et sans graisses, garantissant une meilleure exp\u00e9rience culinaire.<\/p>\n<ul>\n<li>puissance:\n<ul>\n<li>255 W<\/li>\n<li>250 W<\/li>\n<\/ul>\n<\/li>\n<li>Dimensions approx.: 75 x 50 x 50,5 cm<\/li>\n<li>Illumination:\n<ul>\n<li>5 W<\/li>\n<li>LED<\/li>\n<\/ul>\n<\/li>\n<li>Lumi\u00e8re: Oui<\/li>\n<li>Tube d&#8217;Evacuation: \u00d8 12 &#8211; 15 cm<\/li>\n<li>Longueur du c\u00e2ble: 1,3 m<\/li>\n<li>Volume sonore: 65 dB<\/li>\n<li>Type d&#8217;installation: Montage mural<\/li>\n<li>Couleur:\n<ul>\n<li>M\u00e9tal<\/li>\n<li>Acier<\/li>\n<\/ul>\n<\/li>\n<li>Largeur: 75 cm<\/li>\n<li>Classification \u00e9nerg\u00e9tique:\n<ul>\n<li>B<\/li>\n<li>A<\/li>\n<\/ul>\n<\/li>\n<li>Produit \u00e0 brancher: Oui<\/li>\n<li>Type de prise: Prise EU<\/li>\n<li>Mati\u00e8re:\n<ul>\n<li>Acier inoxydable<\/li>\n<li>Acier<\/li>\n<\/ul>\n<\/li>\n<li>Capacit\u00e9 d\u2019extraction: 720 m3\/h<\/li>\n<li>Type:\n<ul>\n<li>Hotte standard<\/li>\n<li>Mural<\/li>\n<\/ul>\n<\/li>\n<li>Bloc d\u2019Alimentation: r\u00e9seau \u00e9lectrique<\/li>\n<li>Filtres: 2<\/li>\n<li>Filtre:\n<ul>\n<li>Aluminium<\/li>\n<li>Lavable<\/li>\n<\/ul>\n<\/li>\n<li>Niveau sonore:\n<ul>\n<li>51 dB<\/li>\n<li>65 dB<\/li>\n<\/ul>\n<\/li>\n<li>Type de commande: Boutons<\/li>\n<li>Moteur: 1<\/li>\n<li>Type d&#8217;ampoule: LED<\/li>\n<li>Profondeur: 50 cm<\/li>\n<li>Poids: 6 Kg<\/li>\n<li>Tension: 220 V<\/li>\n<li>Caract\u00e9ristiques: Commande tactile<\/li>\n<\/ul>","protected":false},"excerpt":{"rendered":"<p>Si vous pensez r\u00e9nover votre cuisine, achetez Hotte standard Balay 3BC077EX 75 cm 720 m3\/h 65 dB 255W Acier et d\u00b4autres produits Balay ! La hotte classique 3BC077EX de Balay est un extracteur mural con\u00e7u pour \u00e9liminer efficacement fum\u00e9es et odeurs en cuisine, avec une capacit\u00e9 maximale d\u2019extraction de 720 m\u00b3\/h. Fabriqu\u00e9e en acier inoxydable [&hellip;]<\/p>\n","protected":false},"featured_media":59688,"comment_status":"open","ping_status":"closed","template":"","meta":[],"product_brand":[114],"product_cat":[60,61,62],"product_tag":[56],"class_list":{"0":"post-59690","1":"product","2":"type-product","3":"status-publish","4":"has-post-thumbnail","6":"product_brand-brandp_1251","7":"product_cat-cuisine-gourmet","8":"product_cat-equipement-de-cuisine","9":"product_cat-hottes-de-cuisine","10":"product_tag-tag_930","12":"first","13":"instock","14":"taxable","15":"shipping-taxable","16":"purchasable","17":"product-type-simple"},"_links":{"self":[{"href":"https:\/\/bigbuy.tupique.com\/en\/wp-json\/wp\/v2\/product\/59690","targetHints":{"allow":["GET"]}}],"collection":[{"href":"https:\/\/bigbuy.tupique.com\/en\/wp-json\/wp\/v2\/product"}],"about":[{"href":"https:\/\/bigbuy.tupique.com\/en\/wp-json\/wp\/v2\/types\/product"}],"replies":[{"embeddable":true,"href":"https:\/\/bigbuy.tupique.com\/en\/wp-json\/wp\/v2\/comments?post=59690"}],"wp:featuredmedia":[{"embeddable":true,"href":"https:\/\/bigbuy.tupique.com\/en\/wp-json\/wp\/v2\/media\/59688"}],"wp:attachment":[{"href":"https:\/\/bigbuy.tupique.com\/en\/wp-json\/wp\/v2\/media?parent=59690"}],"wp:term":[{"taxonomy":"product_brand","embeddable":true,"href":"https:\/\/bigbuy.tupique.com\/en\/wp-json\/wp\/v2\/product_brand?post=59690"},{"taxonomy":"product_cat","embeddable":true,"href":"https:\/\/bigbuy.tupique.com\/en\/wp-json\/wp\/v2\/product_cat?post=59690"},{"taxonomy":"product_tag","embeddable":true,"href":"https:\/\/bigbuy.tupique.com\/en\/wp-json\/wp\/v2\/product_tag?post=59690"}],"curies":[{"name":"wp","href":"https:\/\/api.w.org\/{rel}","templated":true}]}}