{"id":59636,"date":"2026-04-01T14:52:42","date_gmt":"2026-04-01T13:52:42","guid":{"rendered":"https:\/\/bigbuy.tupique.com\/produto\/combined-refrigerator-bosch-steel\/"},"modified":"2026-04-15T05:48:30","modified_gmt":"2026-04-15T04:48:30","slug":"combined-refrigerator-bosch-steel","status":"publish","type":"product","link":"https:\/\/bigbuy.tupique.com\/en\/produto\/combined-refrigerator-bosch-steel\/","title":{"rendered":"R\u00e9frig\u00e9rateur Combin\u00e9 BOSCH Acier"},"content":{"rendered":"<p>Si vous \u00eates \u00e0 la recherche de nouvelles tendances sur le march\u00e9, nous vous pr\u00e9sentons <b>R\u00e9frig\u00e9rateur Combin\u00e9 BOSCH Acier<\/b> !<\/p>\n<p>Le <b>r\u00e9frig\u00e9rateur combin\u00e9<\/b> BOSCH se distingue par sa fonctionnalit\u00e9 \u00e9quilibr\u00e9e et sa qualit\u00e9 de fabrication reconnue, s\u2019adaptant parfaitement aux cuisines modernes qui exigent efficacit\u00e9 et capacit\u00e9 dans un format compact. Ce mod\u00e8le est propos\u00e9 en <b>blanc \u00e9l\u00e9gant<\/b> avec une finition en <b>acier<\/b>, s\u2019int\u00e9grant facilement \u00e0 diff\u00e9rents styles d\u2019int\u00e9rieur, tandis que ses dimensions de <b>186 cm de hauteur sur 60 cm de largeur<\/b> optimisent l\u2019espace sans compromettre la capacit\u00e9 int\u00e9rieure. Avec une <b>capacit\u00e9 nette du r\u00e9frig\u00e9rateur de 237 litres<\/b> et un <b>cong\u00e9lateur de 89 litres<\/b>, il permet de stocker ais\u00e9ment aliments frais et surgel\u00e9s, id\u00e9al pour les familles ou couples recherchant polyvalence et conservation optimale. Il est \u00e9quip\u00e9 d\u2019un <b>moteur Inverter<\/b>, une technologie avanc\u00e9e assurant un fonctionnement silencieux, une plus grande durabilit\u00e9 et une consommation r\u00e9duite. Class\u00e9 en <b>classe \u00e9nerg\u00e9tique E<\/b>, il offre un bon compromis entre performances et efficacit\u00e9, contribuant \u00e0 ma\u00eetriser la consommation \u00e9lectrique quotidienne. Il dispose d\u2019un <b>compartiment zone fra\u00eeche<\/b> sp\u00e9cialement con\u00e7u pour conserver fruits et l\u00e9gumes dans des conditions id\u00e9ales de temp\u00e9rature et d\u2019humidit\u00e9, prolongeant ainsi leur fra\u00eecheur. La porte \u00e0 ouverture sur la <b>droite<\/b> et la conception bien pens\u00e9e facilitent l\u2019acc\u00e8s ergonomique et l\u2019organisation int\u00e9rieure. Avec ce r\u00e9frig\u00e9rateur combin\u00e9 BOSCH, vous b\u00e9n\u00e9ficiez d\u2019un appareil robuste, efficace et adapt\u00e9 aux besoins essentiels du quotidien.<\/p>\n<ul>\n<li>Produit \u00e0 brancher: Oui<\/li>\n<li>Type de prise: Prise EU<\/li>\n<li>Bloc d\u2019Alimentation: r\u00e9seau \u00e9lectrique<\/li>\n<li>Couleur:\n<ul>\n<li>Blanc<\/li>\n<li>Acier<\/li>\n<\/ul>\n<\/li>\n<li>Classification \u00e9nerg\u00e9tique: E<\/li>\n<li>Dimensions approx.: 186 x 60 cm<\/li>\n<li>Largeur: 60 cm<\/li>\n<li>Direction d&#8217;ouverture: Droite<\/li>\n<li>Longueur du c\u00e2ble: 2,4 m<\/li>\n<li>Fr\u00e9quence d&#8217;entr\u00e9e AC: 50-60 Hz<\/li>\n<li>Tension: 220-240 V<\/li>\n<li>Niveau sonore: 39 dB<\/li>\n<li>\u00c9cran integr\u00e9: Non<\/li>\n<li>Amp\u00e9rage: 10 A<\/li>\n<li>\u00c9lev\u00e9: 186 cm<\/li>\n<li>Type d&#8217;installation: Ind\u00e9pendant<\/li>\n<li>Portes: 2 portes<\/li>\n<li>Capacit\u00e9 du cong\u00e9lateur: 89 L<\/li>\n<\/ul>","protected":false},"excerpt":{"rendered":"<p>Si vous \u00eates \u00e0 la recherche de nouvelles tendances sur le march\u00e9, nous vous pr\u00e9sentons R\u00e9frig\u00e9rateur Combin\u00e9 BOSCH Acier ! Le r\u00e9frig\u00e9rateur combin\u00e9 BOSCH se distingue par sa fonctionnalit\u00e9 \u00e9quilibr\u00e9e et sa qualit\u00e9 de fabrication reconnue, s\u2019adaptant parfaitement aux cuisines modernes qui exigent efficacit\u00e9 et capacit\u00e9 dans un format compact. Ce mod\u00e8le est propos\u00e9 en [&hellip;]<\/p>\n","protected":false},"featured_media":59633,"comment_status":"open","ping_status":"closed","template":"","meta":[],"product_brand":[162],"product_cat":[60,77,226],"product_tag":[56],"class_list":{"0":"post-59636","1":"product","2":"type-product","3":"status-publish","4":"has-post-thumbnail","6":"product_brand-brandp_959","7":"product_cat-cuisine-gourmet","8":"product_cat-petit-electromenager","9":"product_cat-refrigerateurs-et-congelateurs","10":"product_tag-tag_930","12":"first","13":"instock","14":"taxable","15":"shipping-taxable","16":"purchasable","17":"product-type-simple"},"_links":{"self":[{"href":"https:\/\/bigbuy.tupique.com\/en\/wp-json\/wp\/v2\/product\/59636","targetHints":{"allow":["GET"]}}],"collection":[{"href":"https:\/\/bigbuy.tupique.com\/en\/wp-json\/wp\/v2\/product"}],"about":[{"href":"https:\/\/bigbuy.tupique.com\/en\/wp-json\/wp\/v2\/types\/product"}],"replies":[{"embeddable":true,"href":"https:\/\/bigbuy.tupique.com\/en\/wp-json\/wp\/v2\/comments?post=59636"}],"wp:featuredmedia":[{"embeddable":true,"href":"https:\/\/bigbuy.tupique.com\/en\/wp-json\/wp\/v2\/media\/59633"}],"wp:attachment":[{"href":"https:\/\/bigbuy.tupique.com\/en\/wp-json\/wp\/v2\/media?parent=59636"}],"wp:term":[{"taxonomy":"product_brand","embeddable":true,"href":"https:\/\/bigbuy.tupique.com\/en\/wp-json\/wp\/v2\/product_brand?post=59636"},{"taxonomy":"product_cat","embeddable":true,"href":"https:\/\/bigbuy.tupique.com\/en\/wp-json\/wp\/v2\/product_cat?post=59636"},{"taxonomy":"product_tag","embeddable":true,"href":"https:\/\/bigbuy.tupique.com\/en\/wp-json\/wp\/v2\/product_tag?post=59636"}],"curies":[{"name":"wp","href":"https:\/\/api.w.org\/{rel}","templated":true}]}}