{"id":59597,"date":"2026-04-01T14:51:44","date_gmt":"2026-04-01T13:51:44","guid":{"rendered":"https:\/\/bigbuy.tupique.com\/produto\/smart-tv-hisense-55u8q-55-4k-ultra-hd-hdr\/"},"modified":"2026-04-15T05:22:18","modified_gmt":"2026-04-15T04:22:18","slug":"smart-tv-hisense-55u8q-55-4k-ultra-hd-hdr","status":"publish","type":"product","link":"https:\/\/bigbuy.tupique.com\/en\/produto\/smart-tv-hisense-55u8q-55-4k-ultra-hd-hdr\/","title":{"rendered":"TV intelligente Hisense 55U8Q 55&#8243; 4K Ultra HD HDR"},"content":{"rendered":"<p>Si vous \u00eates \u00e0 la recherche de nouvelles tendances sur le march\u00e9, nous vous pr\u00e9sentons <b>TV intelligente Hisense 55U8Q 55&#8243; 4K Ultra HD HDR<\/b> !<\/p>\n<ul>\n<li>Connectivit\u00e9:\n<ul>\n<li>Wi-Fi<\/li>\n<li>Bluetooth<\/li>\n<li>eARC<\/li>\n<\/ul>\n<\/li>\n<li>R\u00e9solution (px): 3840 x 2160 px<\/li>\n<li>Couleur: Noir<\/li>\n<li>Mati\u00e8re: Plastique<\/li>\n<li>Caract\u00e9ristiques:\n<ul>\n<li>Equalizer<\/li>\n<li>TV intelligente<\/li>\n<li>Apple AirPlay 2<\/li>\n<li>\u00c9cran plat<\/li>\n<\/ul>\n<\/li>\n<li>Connexions:\n<ul>\n<li>USB 2.0<\/li>\n<li>RJ45<\/li>\n<li>Ethernet LAN<\/li>\n<li>USB 3.2<\/li>\n<li>CI+<\/li>\n<li>HDMI 2.1 x 1<\/li>\n<li>HDMI x 4<\/li>\n<\/ul>\n<\/li>\n<li>Rapport d&#8217;aspect: 16:9<\/li>\n<li>Format: 16:9<\/li>\n<li>Classification \u00e9nerg\u00e9tique: E<\/li>\n<li>Puissance RMS:\n<ul>\n<li>20 W<\/li>\n<li>80 W<\/li>\n<\/ul>\n<\/li>\n<li>TV intelligente: Oui<\/li>\n<li>Ecran: 55&#8243;<\/li>\n<li>Fr\u00e9quence: 165 Hz<\/li>\n<li>R\u00e9cepteur:\n<ul>\n<li>DVB-C,DVB-S,DVB-S2,DVB-T,DVB-T2<\/li>\n<li>Analogique et num\u00e9rique<\/li>\n<\/ul>\n<\/li>\n<li>Technologie: HDR<\/li>\n<li>R\u00e9solution: 4K Ultra HD<\/li>\n<li>Tension: 100 &#8211; 240 V<\/li>\n<li>Inclut: Subwoofer<\/li>\n<li>consommation d&#8217;\u00e9nergie: 160 kWh<\/li>\n<li>Formats: BMP,GIF,JPEG,PNG<\/li>\n<li>Angle: 178\u00ba<\/li>\n<li>Montage: VESA<\/li>\n<li>Compatible: VESA 400 x 400 mm<\/li>\n<li>Brille: 700 cd\/m\u00b2<\/li>\n<li>Diagonale de l&#8217;\u00e9cran (cm): 139,7 cm<\/li>\n<\/ul>","protected":false},"excerpt":{"rendered":"<p>Si vous \u00eates \u00e0 la recherche de nouvelles tendances sur le march\u00e9, nous vous pr\u00e9sentons TV intelligente Hisense 55U8Q 55&#8243; 4K Ultra HD HDR ! Connectivit\u00e9: Wi-Fi Bluetooth eARC R\u00e9solution (px): 3840 x 2160 px Couleur: Noir Mati\u00e8re: Plastique Caract\u00e9ristiques: Equalizer TV intelligente Apple AirPlay 2 \u00c9cran plat Connexions: USB 2.0 RJ45 Ethernet LAN USB [&hellip;]<\/p>\n","protected":false},"featured_media":59593,"comment_status":"open","ping_status":"closed","template":"","meta":[],"product_brand":[1341],"product_cat":[589,65,957],"product_tag":[],"class_list":{"0":"post-59597","1":"product","2":"type-product","3":"status-publish","4":"has-post-thumbnail","6":"product_brand-brandp_612","7":"product_cat-electronique-television","8":"product_cat-informatique-electronique","9":"product_cat-televisions-et-smart-tv","11":"first","12":"instock","13":"taxable","14":"shipping-taxable","15":"purchasable","16":"product-type-simple"},"_links":{"self":[{"href":"https:\/\/bigbuy.tupique.com\/en\/wp-json\/wp\/v2\/product\/59597","targetHints":{"allow":["GET"]}}],"collection":[{"href":"https:\/\/bigbuy.tupique.com\/en\/wp-json\/wp\/v2\/product"}],"about":[{"href":"https:\/\/bigbuy.tupique.com\/en\/wp-json\/wp\/v2\/types\/product"}],"replies":[{"embeddable":true,"href":"https:\/\/bigbuy.tupique.com\/en\/wp-json\/wp\/v2\/comments?post=59597"}],"wp:featuredmedia":[{"embeddable":true,"href":"https:\/\/bigbuy.tupique.com\/en\/wp-json\/wp\/v2\/media\/59593"}],"wp:attachment":[{"href":"https:\/\/bigbuy.tupique.com\/en\/wp-json\/wp\/v2\/media?parent=59597"}],"wp:term":[{"taxonomy":"product_brand","embeddable":true,"href":"https:\/\/bigbuy.tupique.com\/en\/wp-json\/wp\/v2\/product_brand?post=59597"},{"taxonomy":"product_cat","embeddable":true,"href":"https:\/\/bigbuy.tupique.com\/en\/wp-json\/wp\/v2\/product_cat?post=59597"},{"taxonomy":"product_tag","embeddable":true,"href":"https:\/\/bigbuy.tupique.com\/en\/wp-json\/wp\/v2\/product_tag?post=59597"}],"curies":[{"name":"wp","href":"https:\/\/api.w.org\/{rel}","templated":true}]}}