{"id":59592,"date":"2026-04-01T14:51:36","date_gmt":"2026-04-01T13:51:36","guid":{"rendered":"https:\/\/bigbuy.tupique.com\/produto\/amplifier-jbl-ma310negro\/"},"modified":"2026-04-15T05:09:59","modified_gmt":"2026-04-15T04:09:59","slug":"amplifier-jbl-ma310negro","status":"publish","type":"product","link":"https:\/\/bigbuy.tupique.com\/en\/produto\/amplifier-jbl-ma310negro\/","title":{"rendered":"Amplificateur JBL MA310NEGRO"},"content":{"rendered":"<p>Si vous \u00eates \u00e0 la recherche de nouvelles tendances sur le march\u00e9, nous vous pr\u00e9sentons <b>Amplificateur JBL MA310NEGRO<\/b> !<\/p>\n<p>L\u2019<b>amplificateur<\/b> JBL offre une solution audio efficace et robuste pour ceux qui souhaitent renforcer leur syst\u00e8me sonore, aussi bien en environnement domestique que professionnel. Ce mod\u00e8le, pr\u00e9sent\u00e9 dans un \u00e9l\u00e9gant <b>coloris noir<\/b>, refl\u00e8te la qualit\u00e9 reconnue de la marque JBL en mati\u00e8re de durabilit\u00e9 et de fiabilit\u00e9 des composants. Son alimentation par la <b>prise secteur<\/b> assure un apport d\u2019\u00e9nergie constant et stable, permettant des performances soutenues lors de longues sessions d\u2019utilisation. Con\u00e7u pour s\u2019int\u00e9grer facilement \u00e0 une grande vari\u00e9t\u00e9 de syst\u00e8mes audio, cet <b>amplificateur<\/b> est compatible avec de nombreux appareils et enceintes, facilitant la configuration et l\u2019extension de votre installation sonore. La robustesse de sa conception garantit une longue dur\u00e9e de vie et une r\u00e9sistance \u00e0 un usage intensif, tandis que son design discret s\u2019adapte ais\u00e9ment \u00e0 tout type d\u2019environnement. Id\u00e9al pour les amateurs comme pour les professionnels du son qui privil\u00e9gient la fiabilit\u00e9 et la fid\u00e9lit\u00e9 de restitution, l\u2019amplificateur JBL noir t\u00e9moigne de l\u2019engagement de la marque envers l\u2019excellence dans le domaine audio.<\/p>\n<ul>\n<li>Type: Amplificateur<\/li>\n<li>Produit \u00e0 brancher: Oui<\/li>\n<li>Bloc d\u2019Alimentation: r\u00e9seau \u00e9lectrique<\/li>\n<li>Couleur: Noir<\/li>\n<li>Caract\u00e9ristiques: Interrupteur marche\/arr\u00eat<\/li>\n<\/ul>","protected":false},"excerpt":{"rendered":"<p>Si vous \u00eates \u00e0 la recherche de nouvelles tendances sur le march\u00e9, nous vous pr\u00e9sentons Amplificateur JBL MA310NEGRO ! L\u2019amplificateur JBL offre une solution audio efficace et robuste pour ceux qui souhaitent renforcer leur syst\u00e8me sonore, aussi bien en environnement domestique que professionnel. Ce mod\u00e8le, pr\u00e9sent\u00e9 dans un \u00e9l\u00e9gant coloris noir, refl\u00e8te la qualit\u00e9 reconnue [&hellip;]<\/p>\n","protected":false},"featured_media":59589,"comment_status":"open","ping_status":"closed","template":"","meta":[],"product_brand":[1574],"product_cat":[755,65,782],"product_tag":[101],"class_list":{"0":"post-59592","1":"product","2":"type-product","3":"status-publish","4":"has-post-thumbnail","6":"product_brand-brandp_2838","7":"product_cat-electronique-son","8":"product_cat-informatique-electronique","9":"product_cat-radio-cd","10":"product_tag-tag_599","12":"first","13":"instock","14":"taxable","15":"shipping-taxable","16":"purchasable","17":"product-type-simple"},"_links":{"self":[{"href":"https:\/\/bigbuy.tupique.com\/en\/wp-json\/wp\/v2\/product\/59592","targetHints":{"allow":["GET"]}}],"collection":[{"href":"https:\/\/bigbuy.tupique.com\/en\/wp-json\/wp\/v2\/product"}],"about":[{"href":"https:\/\/bigbuy.tupique.com\/en\/wp-json\/wp\/v2\/types\/product"}],"replies":[{"embeddable":true,"href":"https:\/\/bigbuy.tupique.com\/en\/wp-json\/wp\/v2\/comments?post=59592"}],"wp:featuredmedia":[{"embeddable":true,"href":"https:\/\/bigbuy.tupique.com\/en\/wp-json\/wp\/v2\/media\/59589"}],"wp:attachment":[{"href":"https:\/\/bigbuy.tupique.com\/en\/wp-json\/wp\/v2\/media?parent=59592"}],"wp:term":[{"taxonomy":"product_brand","embeddable":true,"href":"https:\/\/bigbuy.tupique.com\/en\/wp-json\/wp\/v2\/product_brand?post=59592"},{"taxonomy":"product_cat","embeddable":true,"href":"https:\/\/bigbuy.tupique.com\/en\/wp-json\/wp\/v2\/product_cat?post=59592"},{"taxonomy":"product_tag","embeddable":true,"href":"https:\/\/bigbuy.tupique.com\/en\/wp-json\/wp\/v2\/product_tag?post=59592"}],"curies":[{"name":"wp","href":"https:\/\/api.w.org\/{rel}","templated":true}]}}