{"id":59542,"date":"2026-04-01T14:50:22","date_gmt":"2026-04-01T13:50:22","guid":{"rendered":"https:\/\/bigbuy.tupique.com\/produto\/food-processor-kitchenaid-5ksm125eob-black-300-w-48-l\/"},"modified":"2026-04-15T03:32:46","modified_gmt":"2026-04-15T02:32:46","slug":"food-processor-kitchenaid-5ksm125eob-black-300-w-48-l","status":"publish","type":"product","link":"https:\/\/bigbuy.tupique.com\/en\/produto\/food-processor-kitchenaid-5ksm125eob-black-300-w-48-l\/","title":{"rendered":"Robot culinaire KitchenAid 5KSM125EOB Noir 300 W 4,8 L"},"content":{"rendered":"<p>Si vous recherchez des \u00e9lectrom\u00e9nagers pour votre maison aux meilleurs prix, ne manquez pas <b>Robot culinaire KitchenAid 5KSM125EOB Noir 300 W 4,8 L<\/b> et une large s\u00e9lection de petits \u00e9lectrom\u00e9nagers de qualit\u00e9 !<\/p>\n<p>Le <b>robot de cuisine KitchenAid 5KSM125EOB<\/b> est un appareil con\u00e7u pour ceux qui recherchent polyvalence et efficacit\u00e9 dans la pr\u00e9paration des aliments. Il dispose d\u2019une <b>puissance de 300 W<\/b>, assurant une performance optimale pour battre, m\u00e9langer et p\u00e9trir, s\u2019adaptant \u00e0 divers besoins culinaires. Sa <b>capacit\u00e9 de 4,8 litres<\/b> facilite la pr\u00e9paration de grandes quantit\u00e9s, id\u00e9ale pour les familles ou les amateurs de cuisine en volume. Fabriqu\u00e9 en <b>acier inoxydable<\/b>, il garantit durabilit\u00e9 et r\u00e9sistance, avec une finition \u00e9l\u00e9gante en <b>noir<\/b> qui apporte une touche de sophistication \u00e0 toute cuisine. Il est \u00e9quip\u00e9 d\u2019un <b>contr\u00f4le rotatif<\/b> permettant de s\u00e9lectionner diff\u00e9rentes vitesses avec pr\u00e9cision, selon la texture et la consistance souhait\u00e9es. Parmi ses accessoires, il comprend un fouet adapt\u00e9 aux t\u00e2ches g\u00e9n\u00e9rales de m\u00e9lange et de montage. Il fonctionne \u00e0 une fr\u00e9quence de <b>50 &#8211; 60 Hz<\/b> avec un type de connecteur <b>Type C<\/b>, assurant une compatibilit\u00e9 \u00e9lectrique standard en Europe. De plus, il inclut un manuel d\u2019instructions en <b>espagnol<\/b>, facilitant son utilisation et son entretien. Ce mod\u00e8le offre une solution robuste et fonctionnelle pour l\u2019utilisateur domestique exigeant, qui valorise un outil fiable avec une finition professionnelle. En r\u00e9sum\u00e9, le KitchenAid 5KSM125EOB repr\u00e9sente un alli\u00e9 efficace et durable pour simplifier les t\u00e2ches culinaires quotidiennes avec des r\u00e9sultats constants.<\/p>\n<ul>\n<li>Produit \u00e0 brancher: Oui<\/li>\n<li>Type de prise:\n<ul>\n<li>Prise EU<\/li>\n<li>Type C<\/li>\n<\/ul>\n<\/li>\n<li>Bloc d\u2019Alimentation:\n<ul>\n<li>r\u00e9seau \u00e9lectrique<\/li>\n<li>Courant alternatif<\/li>\n<\/ul>\n<\/li>\n<li>Type: Fouet<\/li>\n<li>Couleur: Noir<\/li>\n<li>Mati\u00e8re: Acier inoxydable<\/li>\n<li>Caract\u00e9ristiques: Diff\u00e9rentes vitesses<\/li>\n<li>Fr\u00e9quence: 50 &#8211; 60 Hz<\/li>\n<li>Manuel d\u2019utilisation: Espagnol<\/li>\n<li>Contr\u00f4le: Plaque Tournante<\/li>\n<li>Inclut:\n<ul>\n<li>Tiges de m\u00e9lange<\/li>\n<li>Tiges de p\u00e9trissage<\/li>\n<\/ul>\n<\/li>\n<li>Tension: 220-240 V<\/li>\n<li>puissance: 300 W<\/li>\n<li>\u00c9cran integr\u00e9: Non<\/li>\n<li>Capacit\u00e9: 4,8 L<\/li>\n<li>Vitesse: 10 vitesses<\/li>\n<\/ul>","protected":false},"excerpt":{"rendered":"<p>Si vous recherchez des \u00e9lectrom\u00e9nagers pour votre maison aux meilleurs prix, ne manquez pas Robot culinaire KitchenAid 5KSM125EOB Noir 300 W 4,8 L et une large s\u00e9lection de petits \u00e9lectrom\u00e9nagers de qualit\u00e9 ! Le robot de cuisine KitchenAid 5KSM125EOB est un appareil con\u00e7u pour ceux qui recherchent polyvalence et efficacit\u00e9 dans la pr\u00e9paration des aliments. [&hellip;]<\/p>\n","protected":false},"featured_media":59541,"comment_status":"open","ping_status":"closed","template":"","meta":[],"product_brand":[1572],"product_cat":[60,77,724],"product_tag":[55,56],"class_list":{"0":"post-59542","1":"product","2":"type-product","3":"status-publish","4":"has-post-thumbnail","6":"product_brand-brandp_5419","7":"product_cat-cuisine-gourmet","8":"product_cat-petit-electromenager","9":"product_cat-robots-de-cuisine","10":"product_tag-tag_926","11":"product_tag-tag_930","13":"first","14":"instock","15":"taxable","16":"shipping-taxable","17":"purchasable","18":"product-type-simple"},"_links":{"self":[{"href":"https:\/\/bigbuy.tupique.com\/en\/wp-json\/wp\/v2\/product\/59542","targetHints":{"allow":["GET"]}}],"collection":[{"href":"https:\/\/bigbuy.tupique.com\/en\/wp-json\/wp\/v2\/product"}],"about":[{"href":"https:\/\/bigbuy.tupique.com\/en\/wp-json\/wp\/v2\/types\/product"}],"replies":[{"embeddable":true,"href":"https:\/\/bigbuy.tupique.com\/en\/wp-json\/wp\/v2\/comments?post=59542"}],"wp:featuredmedia":[{"embeddable":true,"href":"https:\/\/bigbuy.tupique.com\/en\/wp-json\/wp\/v2\/media\/59541"}],"wp:attachment":[{"href":"https:\/\/bigbuy.tupique.com\/en\/wp-json\/wp\/v2\/media?parent=59542"}],"wp:term":[{"taxonomy":"product_brand","embeddable":true,"href":"https:\/\/bigbuy.tupique.com\/en\/wp-json\/wp\/v2\/product_brand?post=59542"},{"taxonomy":"product_cat","embeddable":true,"href":"https:\/\/bigbuy.tupique.com\/en\/wp-json\/wp\/v2\/product_cat?post=59542"},{"taxonomy":"product_tag","embeddable":true,"href":"https:\/\/bigbuy.tupique.com\/en\/wp-json\/wp\/v2\/product_tag?post=59542"}],"curies":[{"name":"wp","href":"https:\/\/api.w.org\/{rel}","templated":true}]}}