{"id":59507,"date":"2026-04-01T14:49:37","date_gmt":"2026-04-01T13:49:37","guid":{"rendered":"https:\/\/bigbuy.tupique.com\/produto\/vaporeta-steam-cleaner-karcher-sv7-2200-w\/"},"modified":"2026-04-15T02:19:21","modified_gmt":"2026-04-15T01:19:21","slug":"vaporeta-steam-cleaner-karcher-sv7-2200-w","status":"publish","type":"product","link":"https:\/\/bigbuy.tupique.com\/en\/produto\/vaporeta-steam-cleaner-karcher-sv7-2200-w\/","title":{"rendered":"Nettoyeur vapeur Vaporeta K\u00e4rcher SV7 2200 W"},"content":{"rendered":"<p>Si vous recherchez des \u00e9lectrom\u00e9nagers pour votre maison aux meilleurs prix, ne manquez pas <b>Nettoyeur vapeur Vaporeta K\u00e4rcher SV7 2200 W<\/b> et une large s\u00e9lection de petits \u00e9lectrom\u00e9nagers de qualit\u00e9 !<\/p>\n<ul>\n<li>puissance: 2200 W<\/li>\n<li>Pression: 4 bar<\/li>\n<li>Vapeur continue: 65 g\/min<\/li>\n<li>Couleur: Blanc<\/li>\n<li>Mat\u00e9riel: Plastique<\/li>\n<li>Caract\u00e9ristiques:\n<ul>\n<li>Avec \u00e9tui<\/li>\n<li>Verrouillage pour enfants<\/li>\n<li>Interrupteur marche\/arr\u00eat<\/li>\n<\/ul>\n<\/li>\n<li>Capacit\u00e9: 500 ml<\/li>\n<li>Longueur du c\u00e2ble: 6m<\/li>\n<li>Type de commande: Boutons<\/li>\n<li>Inclut:\n<ul>\n<li>Pinceau<\/li>\n<li>Brosse<\/li>\n<li>Conteneur gradu\u00e9<\/li>\n<\/ul>\n<\/li>\n<li>Tension: 220-240 V<\/li>\n<li>Classification IP: IPX4<\/li>\n<\/ul>","protected":false},"excerpt":{"rendered":"<p><span class=\"unit-info\">134.3980 &euro; \/ 100 ml<\/span><\/p>","protected":false},"featured_media":59506,"comment_status":"open","ping_status":"closed","template":"","meta":[],"product_brand":[828],"product_cat":[239,741,240],"product_tag":[210],"class_list":{"0":"post-59507","1":"product","2":"type-product","3":"status-publish","4":"has-post-thumbnail","6":"product_brand-brandp_1299","7":"product_cat-maison-jardin","8":"product_cat-nettoyage-a-la-vapeur","9":"product_cat-nettoyage-aspirateur-et-repassage","10":"product_tag-tag_25","12":"first","13":"instock","14":"taxable","15":"shipping-taxable","16":"purchasable","17":"product-type-simple"},"_links":{"self":[{"href":"https:\/\/bigbuy.tupique.com\/en\/wp-json\/wp\/v2\/product\/59507","targetHints":{"allow":["GET"]}}],"collection":[{"href":"https:\/\/bigbuy.tupique.com\/en\/wp-json\/wp\/v2\/product"}],"about":[{"href":"https:\/\/bigbuy.tupique.com\/en\/wp-json\/wp\/v2\/types\/product"}],"replies":[{"embeddable":true,"href":"https:\/\/bigbuy.tupique.com\/en\/wp-json\/wp\/v2\/comments?post=59507"}],"wp:featuredmedia":[{"embeddable":true,"href":"https:\/\/bigbuy.tupique.com\/en\/wp-json\/wp\/v2\/media\/59506"}],"wp:attachment":[{"href":"https:\/\/bigbuy.tupique.com\/en\/wp-json\/wp\/v2\/media?parent=59507"}],"wp:term":[{"taxonomy":"product_brand","embeddable":true,"href":"https:\/\/bigbuy.tupique.com\/en\/wp-json\/wp\/v2\/product_brand?post=59507"},{"taxonomy":"product_cat","embeddable":true,"href":"https:\/\/bigbuy.tupique.com\/en\/wp-json\/wp\/v2\/product_cat?post=59507"},{"taxonomy":"product_tag","embeddable":true,"href":"https:\/\/bigbuy.tupique.com\/en\/wp-json\/wp\/v2\/product_tag?post=59507"}],"curies":[{"name":"wp","href":"https:\/\/api.w.org\/{rel}","templated":true}]}}