{"id":59505,"date":"2026-04-01T14:49:35","date_gmt":"2026-04-01T13:49:35","guid":{"rendered":"https:\/\/bigbuy.tupique.com\/produto\/induction-hot-plate-beko-hii-68811-nt-58-cm-7400-w\/"},"modified":"2026-04-15T02:18:32","modified_gmt":"2026-04-15T01:18:32","slug":"induction-hot-plate-beko-hii-68811-nt-58-cm-7400-w","status":"publish","type":"product","link":"https:\/\/bigbuy.tupique.com\/en\/produto\/induction-hot-plate-beko-hii-68811-nt-58-cm-7400-w\/","title":{"rendered":"Plaque \u00e0 Induction BEKO HII 68811 NT 58 cm 7400 W"},"content":{"rendered":"<p>Si vous pensez r\u00e9nover votre cuisine, achetez <b>Plaque \u00e0 Induction BEKO HII 68811 NT 58 cm 7400 W<\/b> et d\u00b4autres <b>produits BEKO<\/b> !<\/p>\n<ul>\n<li>Fonctions: Minuterie<\/li>\n<li>Type:\n<ul>\n<li>Plaque \u00e0 Induction<\/li>\n<li>Int\u00e9gr\u00e9<\/li>\n<\/ul>\n<\/li>\n<li>Produit \u00e0 brancher: Oui<\/li>\n<li>Type de prise: Prise EU<\/li>\n<li>Bloc d\u2019Alimentation:\n<ul>\n<li>r\u00e9seau \u00e9lectrique<\/li>\n<li>C\u00e2ble \u00e9lectrique<\/li>\n<\/ul>\n<\/li>\n<li>Couleur:\n<ul>\n<li>Noir<\/li>\n<li>Blanc<\/li>\n<\/ul>\n<\/li>\n<li>Largeur: 58 cm<\/li>\n<li>Caract\u00e9ristiques:\n<ul>\n<li>Minuterie<\/li>\n<li>Verrouillage pour enfants<\/li>\n<li>\u00c9cran integr\u00e9<\/li>\n<li>Facile \u00e0 nettoyer<\/li>\n<li>Commande tactile<\/li>\n<li>protection contre la surchauffe<\/li>\n<li>\u00c9cran LCD<\/li>\n<li>Arr\u00eat Automatique<\/li>\n<li>T\u00e9moin de fonctionnement LED<\/li>\n<\/ul>\n<\/li>\n<li>Type d&#8217;installation: Int\u00e9grable<\/li>\n<li>puissance: 7400 W<\/li>\n<li>Niveaux de puissance: 15<\/li>\n<li>Zones de cuisson: 8<\/li>\n<li>Arr\u00eat Automatique: Oui<\/li>\n<li>Technologie: LED<\/li>\n<li>Inclut: Ecran<\/li>\n<li>Type de commande:\n<ul>\n<li>Tactile<\/li>\n<li>T\u00e9l\u00e9commande<\/li>\n<\/ul>\n<\/li>\n<li>Tension: 220-240 V<\/li>\n<li>Design: Sans cadre<\/li>\n<\/ul>","protected":false},"excerpt":{"rendered":"<p>Si vous pensez r\u00e9nover votre cuisine, achetez Plaque \u00e0 Induction BEKO HII 68811 NT 58 cm 7400 W et d\u00b4autres produits BEKO ! Fonctions: Minuterie Type: Plaque \u00e0 Induction Int\u00e9gr\u00e9 Produit \u00e0 brancher: Oui Type de prise: Prise EU Bloc d\u2019Alimentation: r\u00e9seau \u00e9lectrique C\u00e2ble \u00e9lectrique Couleur: Noir Blanc Largeur: 58 cm Caract\u00e9ristiques: Minuterie Verrouillage pour [&hellip;]<\/p>\n","protected":false},"featured_media":170808,"comment_status":"open","ping_status":"closed","template":"","meta":[],"product_brand":[825],"product_cat":[60,77,78],"product_tag":[55,56],"class_list":{"0":"post-59505","1":"product","2":"type-product","3":"status-publish","4":"has-post-thumbnail","6":"product_brand-brandp_1255","7":"product_cat-cuisine-gourmet","8":"product_cat-petit-electromenager","9":"product_cat-plaques-de-cuisson","10":"product_tag-tag_926","11":"product_tag-tag_930","13":"first","14":"instock","15":"taxable","16":"shipping-taxable","17":"purchasable","18":"product-type-simple"},"_links":{"self":[{"href":"https:\/\/bigbuy.tupique.com\/en\/wp-json\/wp\/v2\/product\/59505","targetHints":{"allow":["GET"]}}],"collection":[{"href":"https:\/\/bigbuy.tupique.com\/en\/wp-json\/wp\/v2\/product"}],"about":[{"href":"https:\/\/bigbuy.tupique.com\/en\/wp-json\/wp\/v2\/types\/product"}],"replies":[{"embeddable":true,"href":"https:\/\/bigbuy.tupique.com\/en\/wp-json\/wp\/v2\/comments?post=59505"}],"wp:featuredmedia":[{"embeddable":true,"href":"https:\/\/bigbuy.tupique.com\/en\/wp-json\/wp\/v2\/media\/170808"}],"wp:attachment":[{"href":"https:\/\/bigbuy.tupique.com\/en\/wp-json\/wp\/v2\/media?parent=59505"}],"wp:term":[{"taxonomy":"product_brand","embeddable":true,"href":"https:\/\/bigbuy.tupique.com\/en\/wp-json\/wp\/v2\/product_brand?post=59505"},{"taxonomy":"product_cat","embeddable":true,"href":"https:\/\/bigbuy.tupique.com\/en\/wp-json\/wp\/v2\/product_cat?post=59505"},{"taxonomy":"product_tag","embeddable":true,"href":"https:\/\/bigbuy.tupique.com\/en\/wp-json\/wp\/v2\/product_tag?post=59505"}],"curies":[{"name":"wp","href":"https:\/\/api.w.org\/{rel}","templated":true}]}}