{"id":59430,"date":"2026-04-01T14:45:41","date_gmt":"2026-04-01T13:45:41","guid":{"rendered":"https:\/\/bigbuy.tupique.com\/produto\/sink-with-one-basin-and-drainer-teka-stone-50-b-tg-1c-1e\/"},"modified":"2026-04-15T19:46:30","modified_gmt":"2026-04-15T18:46:30","slug":"sink-with-one-basin-and-drainer-teka-stone-50-b-tg-1c-1e","status":"publish","type":"product","link":"https:\/\/bigbuy.tupique.com\/en\/produto\/sink-with-one-basin-and-drainer-teka-stone-50-b-tg-1c-1e\/","title":{"rendered":"Evier \u00e0 une cuve avec \u00e9gouttoir Teka Stone 50 B-TG 1C 1E"},"content":{"rendered":"<p>Si vous pensez r\u00e9nover votre cuisine, achetez <b>Evier \u00e0 une cuve avec \u00e9gouttoir Teka Stone 50 B-TG 1C 1E<\/b> et d\u00b4autres <b>produits Teka<\/b> !<\/p>\n<ul>\n<li>Couleur: Blanc<\/li>\n<li>Largeur: 86 cm<\/li>\n<li>Mat\u00e9riel: Acier inoxydable<\/li>\n<li>Forme: Rectangulaire<\/li>\n<li>Utilisation recommand\u00e9e: Anti-reflux<\/li>\n<li>Design: Moderne<\/li>\n<\/ul>","protected":false},"excerpt":{"rendered":"<p>Si vous pensez r\u00e9nover votre cuisine, achetez Evier \u00e0 une cuve avec \u00e9gouttoir Teka Stone 50 B-TG 1C 1E et d\u00b4autres produits Teka ! Couleur: Blanc Largeur: 86 cm Mat\u00e9riel: Acier inoxydable Forme: Rectangulaire Utilisation recommand\u00e9e: Anti-reflux Design: Moderne<\/p>","protected":false},"featured_media":59429,"comment_status":"open","ping_status":"closed","template":"","meta":[],"product_brand":[667],"product_cat":[60,61,779],"product_tag":[210],"class_list":{"0":"post-59430","1":"product","2":"type-product","3":"status-publish","4":"has-post-thumbnail","6":"product_brand-brandp_1172","7":"product_cat-cuisine-gourmet","8":"product_cat-equipement-de-cuisine","9":"product_cat-eviers","10":"product_tag-tag_25","12":"first","13":"instock","14":"taxable","15":"shipping-taxable","16":"purchasable","17":"product-type-simple"},"_links":{"self":[{"href":"https:\/\/bigbuy.tupique.com\/en\/wp-json\/wp\/v2\/product\/59430","targetHints":{"allow":["GET"]}}],"collection":[{"href":"https:\/\/bigbuy.tupique.com\/en\/wp-json\/wp\/v2\/product"}],"about":[{"href":"https:\/\/bigbuy.tupique.com\/en\/wp-json\/wp\/v2\/types\/product"}],"replies":[{"embeddable":true,"href":"https:\/\/bigbuy.tupique.com\/en\/wp-json\/wp\/v2\/comments?post=59430"}],"wp:featuredmedia":[{"embeddable":true,"href":"https:\/\/bigbuy.tupique.com\/en\/wp-json\/wp\/v2\/media\/59429"}],"wp:attachment":[{"href":"https:\/\/bigbuy.tupique.com\/en\/wp-json\/wp\/v2\/media?parent=59430"}],"wp:term":[{"taxonomy":"product_brand","embeddable":true,"href":"https:\/\/bigbuy.tupique.com\/en\/wp-json\/wp\/v2\/product_brand?post=59430"},{"taxonomy":"product_cat","embeddable":true,"href":"https:\/\/bigbuy.tupique.com\/en\/wp-json\/wp\/v2\/product_cat?post=59430"},{"taxonomy":"product_tag","embeddable":true,"href":"https:\/\/bigbuy.tupique.com\/en\/wp-json\/wp\/v2\/product_tag?post=59430"}],"curies":[{"name":"wp","href":"https:\/\/api.w.org\/{rel}","templated":true}]}}