{"id":59426,"date":"2026-04-01T14:45:37","date_gmt":"2026-04-01T13:45:37","guid":{"rendered":"https:\/\/bigbuy.tupique.com\/produto\/induction-hot-plate-bosch-pij631bb5e-7400-w\/"},"modified":"2026-04-15T00:14:08","modified_gmt":"2026-04-14T23:14:08","slug":"induction-hot-plate-bosch-pij631bb5e-7400-w","status":"publish","type":"product","link":"https:\/\/bigbuy.tupique.com\/en\/produto\/induction-hot-plate-bosch-pij631bb5e-7400-w\/","title":{"rendered":"Plaque \u00e0 Induction BOSCH PIJ631BB5E 7400 W"},"content":{"rendered":"<p>Si vous pensez r\u00e9nover votre cuisine, achetez <b>Plaque \u00e0 Induction BOSCH PIJ631BB5E 7400 W<\/b> et d\u00b4autres <b>produits BOSCH<\/b> !<\/p>\n<p>La <b>plaque \u00e0 induction BOSCH PIJ631BB5E<\/b> est une solution avanc\u00e9e pour la cuisine moderne qui allie fonctionnalit\u00e9 et design efficace dans un espace compact. Ce <b>mod\u00e8le de plaque \u00e0 induction<\/b> pr\u00e9sente une <b>largeur d\u2019environ 60 cm<\/b>, s\u2019adaptant \u00e0 la plupart des installations standards, et se distingue par une finition \u00e9l\u00e9gante <b>noire<\/b> qui apporte une touche sophistiqu\u00e9e \u00e0 toute cuisine. Elle dispose de <b>trois zones de cuisson<\/b> con\u00e7ues pour offrir une r\u00e9partition optimale de la chaleur, avec une puissance maximale totale de <b>7400 W<\/b>, garantissant un chauffage rapide et pr\u00e9cis pour pr\u00e9parer les plats avec efficacit\u00e9 \u00e9nerg\u00e9tique. Son syst\u00e8me de contr\u00f4le se fait via un panneau tactile, facilitant une manipulation simple et intuitive des fonctions, tout en int\u00e9grant un <b>verrouillage enfant<\/b> assurant la s\u00e9curit\u00e9 \u00e0 domicile. Cette plaque utilise la technologie \u00e0 induction, qui permet un chauffage direct des r\u00e9cipients et r\u00e9duit la consommation d\u2019\u00e9nergie, tout en maintenant la surface plus fra\u00eeche et facile \u00e0 nettoyer. Les utilisateurs b\u00e9n\u00e9ficient \u00e9galement de fonctionnalit\u00e9s telles que le minuteur, qui aide \u00e0 contr\u00f4ler pr\u00e9cis\u00e9ment les temps de cuisson. Le design plat et minimaliste de cette plaque \u00e0 induction BOSCH favorise son int\u00e9gration dans les cuisines contemporaines et un usage quotidien confortable. Dans l\u2019ensemble, le <b>mod\u00e8le PIJ631BB5E<\/b> repr\u00e9sente une option pratique et s\u00fbre pour ceux qui recherchent une plaque \u00e0 induction efficace et compacte avec des commandes modernes et des performances fiables.<\/p>\n<ul>\n<li>Produit \u00e0 brancher: Oui<\/li>\n<li>Type de prise: Prise EU<\/li>\n<li>Type: Plaque \u00e0 Induction<\/li>\n<li>Bloc d\u2019Alimentation:\n<ul>\n<li>r\u00e9seau \u00e9lectrique<\/li>\n<li>C\u00e2ble \u00e9lectrique<\/li>\n<\/ul>\n<\/li>\n<li>Couleur: Noir<\/li>\n<li>Largeur:\n<ul>\n<li>60 cm<\/li>\n<li>59,2 cm<\/li>\n<\/ul>\n<\/li>\n<li>Caract\u00e9ristiques:\n<ul>\n<li>Minuterie<\/li>\n<li>Verrouillage pour enfants<\/li>\n<li>\u00c9cran integr\u00e9<\/li>\n<li>Commande tactile<\/li>\n<\/ul>\n<\/li>\n<li>Type d&#8217;installation: Int\u00e9grable<\/li>\n<li>puissance: 7400 W<\/li>\n<li>Zones de cuisson: 3<\/li>\n<li>Mati\u00e8re: Simili-cuir<\/li>\n<li>Poids: 10 kg<\/li>\n<li>Classification \u00e9nerg\u00e9tique: A<\/li>\n<\/ul>","protected":false},"excerpt":{"rendered":"<p>Si vous pensez r\u00e9nover votre cuisine, achetez Plaque \u00e0 Induction BOSCH PIJ631BB5E 7400 W et d\u00b4autres produits BOSCH ! La plaque \u00e0 induction BOSCH PIJ631BB5E est une solution avanc\u00e9e pour la cuisine moderne qui allie fonctionnalit\u00e9 et design efficace dans un espace compact. Ce mod\u00e8le de plaque \u00e0 induction pr\u00e9sente une largeur d\u2019environ 60 cm, [&hellip;]<\/p>\n","protected":false},"featured_media":59424,"comment_status":"open","ping_status":"closed","template":"","meta":[],"product_brand":[162],"product_cat":[60,77,78],"product_tag":[55,104,56],"class_list":{"0":"post-59426","1":"product","2":"type-product","3":"status-publish","4":"has-post-thumbnail","6":"product_brand-brandp_959","7":"product_cat-cuisine-gourmet","8":"product_cat-petit-electromenager","9":"product_cat-plaques-de-cuisson","10":"product_tag-tag_926","11":"product_tag-tag_1279","12":"product_tag-tag_930","14":"first","15":"instock","16":"taxable","17":"shipping-taxable","18":"purchasable","19":"product-type-simple"},"_links":{"self":[{"href":"https:\/\/bigbuy.tupique.com\/en\/wp-json\/wp\/v2\/product\/59426","targetHints":{"allow":["GET"]}}],"collection":[{"href":"https:\/\/bigbuy.tupique.com\/en\/wp-json\/wp\/v2\/product"}],"about":[{"href":"https:\/\/bigbuy.tupique.com\/en\/wp-json\/wp\/v2\/types\/product"}],"replies":[{"embeddable":true,"href":"https:\/\/bigbuy.tupique.com\/en\/wp-json\/wp\/v2\/comments?post=59426"}],"wp:featuredmedia":[{"embeddable":true,"href":"https:\/\/bigbuy.tupique.com\/en\/wp-json\/wp\/v2\/media\/59424"}],"wp:attachment":[{"href":"https:\/\/bigbuy.tupique.com\/en\/wp-json\/wp\/v2\/media?parent=59426"}],"wp:term":[{"taxonomy":"product_brand","embeddable":true,"href":"https:\/\/bigbuy.tupique.com\/en\/wp-json\/wp\/v2\/product_brand?post=59426"},{"taxonomy":"product_cat","embeddable":true,"href":"https:\/\/bigbuy.tupique.com\/en\/wp-json\/wp\/v2\/product_cat?post=59426"},{"taxonomy":"product_tag","embeddable":true,"href":"https:\/\/bigbuy.tupique.com\/en\/wp-json\/wp\/v2\/product_tag?post=59426"}],"curies":[{"name":"wp","href":"https:\/\/api.w.org\/{rel}","templated":true}]}}