{"id":59420,"date":"2026-04-01T14:45:30","date_gmt":"2026-04-01T13:45:30","guid":{"rendered":"https:\/\/bigbuy.tupique.com\/produto\/condensation-dryer-candy-roe-h9a3tcex-s\/"},"modified":"2026-04-15T00:13:49","modified_gmt":"2026-04-14T23:13:49","slug":"condensation-dryer-candy-roe-h9a3tcex-s","status":"publish","type":"product","link":"https:\/\/bigbuy.tupique.com\/en\/produto\/condensation-dryer-candy-roe-h9a3tcex-s\/","title":{"rendered":"S\u00e9choir \u00e0 condensation Candy ROE H9A3TCEX-S"},"content":{"rendered":"<p>Si vous pensez r\u00e9nover votre cuisine, achetez <b>S\u00e9choir \u00e0 condensation Candy ROE H9A3TCEX-S<\/b> et d\u00b4autres <b>produits Candy<\/b> !<\/p>\n<ul>\n<li>Largeur:\n<ul>\n<li>59,6 cm<\/li>\n<li>60 cm<\/li>\n<\/ul>\n<\/li>\n<li>Bloc d\u2019Alimentation: r\u00e9seau \u00e9lectrique<\/li>\n<li>Langue: Espagnol<\/li>\n<li>Produit \u00e0 brancher: Oui<\/li>\n<li>Type de prise:\n<ul>\n<li>Prise EU<\/li>\n<li>Type F<\/li>\n<\/ul>\n<\/li>\n<li>Type d&#8217;installation: Installation gratuite<\/li>\n<li>Niveau sonore: 69 dB<\/li>\n<li>Type:\n<ul>\n<li>S\u00e9choir \u00e0 condensation<\/li>\n<li>Pompe \u00e0 chaleur<\/li>\n<\/ul>\n<\/li>\n<li>Couleur: Blanc<\/li>\n<li>Ouverture: lat\u00e9rale<\/li>\n<li>Connectivit\u00e9:\n<ul>\n<li>Bluetooth<\/li>\n<li>Wi-Fi<\/li>\n<\/ul>\n<\/li>\n<li>Classification \u00e9nerg\u00e9tique: A+++<\/li>\n<li>Capacit\u00e9: 9 kg<\/li>\n<li>Caract\u00e9ristiques:\n<ul>\n<li>\u00c9cran integr\u00e9<\/li>\n<li>Voyant lumineux<\/li>\n<\/ul>\n<\/li>\n<li>Technologie: LED<\/li>\n<li>Tension: 220-240 V<\/li>\n<li>Pieds: Ajustables<\/li>\n<li>Contr\u00f4le: Boutons, rotatif<\/li>\n<\/ul>","protected":false},"excerpt":{"rendered":"<p><span class=\"unit-info\">73.8878 &euro; \/ 1 kg<\/span><\/p>","protected":false},"featured_media":59417,"comment_status":"open","ping_status":"closed","template":"","meta":[],"product_brand":[995],"product_cat":[239,240,751],"product_tag":[56],"class_list":{"0":"post-59420","1":"product","2":"type-product","3":"status-publish","4":"has-post-thumbnail","6":"product_brand-brandp_1688","7":"product_cat-maison-jardin","8":"product_cat-nettoyage-aspirateur-et-repassage","9":"product_cat-seche-linge-fers-a-repasser-sechoirs","10":"product_tag-tag_930","12":"first","13":"instock","14":"taxable","15":"shipping-taxable","16":"purchasable","17":"product-type-simple"},"_links":{"self":[{"href":"https:\/\/bigbuy.tupique.com\/en\/wp-json\/wp\/v2\/product\/59420","targetHints":{"allow":["GET"]}}],"collection":[{"href":"https:\/\/bigbuy.tupique.com\/en\/wp-json\/wp\/v2\/product"}],"about":[{"href":"https:\/\/bigbuy.tupique.com\/en\/wp-json\/wp\/v2\/types\/product"}],"replies":[{"embeddable":true,"href":"https:\/\/bigbuy.tupique.com\/en\/wp-json\/wp\/v2\/comments?post=59420"}],"wp:featuredmedia":[{"embeddable":true,"href":"https:\/\/bigbuy.tupique.com\/en\/wp-json\/wp\/v2\/media\/59417"}],"wp:attachment":[{"href":"https:\/\/bigbuy.tupique.com\/en\/wp-json\/wp\/v2\/media?parent=59420"}],"wp:term":[{"taxonomy":"product_brand","embeddable":true,"href":"https:\/\/bigbuy.tupique.com\/en\/wp-json\/wp\/v2\/product_brand?post=59420"},{"taxonomy":"product_cat","embeddable":true,"href":"https:\/\/bigbuy.tupique.com\/en\/wp-json\/wp\/v2\/product_cat?post=59420"},{"taxonomy":"product_tag","embeddable":true,"href":"https:\/\/bigbuy.tupique.com\/en\/wp-json\/wp\/v2\/product_tag?post=59420"}],"curies":[{"name":"wp","href":"https:\/\/api.w.org\/{rel}","templated":true}]}}