{"id":59401,"date":"2026-04-01T14:45:04","date_gmt":"2026-04-01T13:45:04","guid":{"rendered":"https:\/\/bigbuy.tupique.com\/produto\/induction-hot-plate-cata-ciga600-wh-59-cm\/"},"modified":"2026-04-14T23:51:40","modified_gmt":"2026-04-14T22:51:40","slug":"induction-hot-plate-cata-ciga600-wh-59-cm","status":"publish","type":"product","link":"https:\/\/bigbuy.tupique.com\/en\/produto\/induction-hot-plate-cata-ciga600-wh-59-cm\/","title":{"rendered":"Plaque \u00e0 Induction Cata CIGA600 WH 59 cm"},"content":{"rendered":"<p>Si vous pensez r\u00e9nover votre cuisine, achetez <b>Plaque \u00e0 Induction Cata CIGA600 WH 59 cm<\/b> et d\u00b4autres <b>produits Cata<\/b> !<\/p>\n<ul>\n<li>Niveaux de puissance: 9<\/li>\n<li>Zones de cuisson: 4<\/li>\n<li>Contr\u00f4le: Tactile<\/li>\n<li>Type de commande: Tactile<\/li>\n<li>Couleur: Blanc<\/li>\n<li>Caract\u00e9ristiques:\n<ul>\n<li>Arr\u00eat Automatique<\/li>\n<li>Minuterie<\/li>\n<li>Facile \u00e0 nettoyer<\/li>\n<li>T\u00e9moin LED<\/li>\n<\/ul>\n<\/li>\n<li>Largeur: 59 cm<\/li>\n<li>puissance:\n<ul>\n<li>2100 W<\/li>\n<li>3700 W<\/li>\n<\/ul>\n<\/li>\n<\/ul>","protected":false},"excerpt":{"rendered":"<p>Si vous pensez r\u00e9nover votre cuisine, achetez Plaque \u00e0 Induction Cata CIGA600 WH 59 cm et d\u00b4autres produits Cata ! Niveaux de puissance: 9 Zones de cuisson: 4 Contr\u00f4le: Tactile Type de commande: Tactile Couleur: Blanc Caract\u00e9ristiques: Arr\u00eat Automatique Minuterie Facile \u00e0 nettoyer T\u00e9moin LED Largeur: 59 cm puissance: 2100 W 3700 W<\/p>","protected":false},"featured_media":59400,"comment_status":"open","ping_status":"closed","template":"","meta":[],"product_brand":[155],"product_cat":[60,77,78],"product_tag":[55,56],"class_list":{"0":"post-59401","1":"product","2":"type-product","3":"status-publish","4":"has-post-thumbnail","6":"product_brand-brandp_1208","7":"product_cat-cuisine-gourmet","8":"product_cat-petit-electromenager","9":"product_cat-plaques-de-cuisson","10":"product_tag-tag_926","11":"product_tag-tag_930","13":"first","14":"instock","15":"taxable","16":"shipping-taxable","17":"purchasable","18":"product-type-simple"},"_links":{"self":[{"href":"https:\/\/bigbuy.tupique.com\/en\/wp-json\/wp\/v2\/product\/59401","targetHints":{"allow":["GET"]}}],"collection":[{"href":"https:\/\/bigbuy.tupique.com\/en\/wp-json\/wp\/v2\/product"}],"about":[{"href":"https:\/\/bigbuy.tupique.com\/en\/wp-json\/wp\/v2\/types\/product"}],"replies":[{"embeddable":true,"href":"https:\/\/bigbuy.tupique.com\/en\/wp-json\/wp\/v2\/comments?post=59401"}],"wp:featuredmedia":[{"embeddable":true,"href":"https:\/\/bigbuy.tupique.com\/en\/wp-json\/wp\/v2\/media\/59400"}],"wp:attachment":[{"href":"https:\/\/bigbuy.tupique.com\/en\/wp-json\/wp\/v2\/media?parent=59401"}],"wp:term":[{"taxonomy":"product_brand","embeddable":true,"href":"https:\/\/bigbuy.tupique.com\/en\/wp-json\/wp\/v2\/product_brand?post=59401"},{"taxonomy":"product_cat","embeddable":true,"href":"https:\/\/bigbuy.tupique.com\/en\/wp-json\/wp\/v2\/product_cat?post=59401"},{"taxonomy":"product_tag","embeddable":true,"href":"https:\/\/bigbuy.tupique.com\/en\/wp-json\/wp\/v2\/product_tag?post=59401"}],"curies":[{"name":"wp","href":"https:\/\/api.w.org\/{rel}","templated":true}]}}