{"id":59366,"date":"2026-04-01T14:44:17","date_gmt":"2026-04-01T13:44:17","guid":{"rendered":"https:\/\/bigbuy.tupique.com\/produto\/conventional-hood-mepamsa-110-0270-805-620-m%c2%b3-h-250w-inox-70cm-silver-steel\/"},"modified":"2026-04-14T23:38:26","modified_gmt":"2026-04-14T22:38:26","slug":"conventional-hood-mepamsa-110-0270-805-620-m%c2%b3-h-250w-inox-70cm-silver-steel","status":"publish","type":"product","link":"https:\/\/bigbuy.tupique.com\/en\/produto\/conventional-hood-mepamsa-110-0270-805-620-m%c2%b3-h-250w-inox-70cm-silver-steel\/","title":{"rendered":"Hotte standard Mepamsa 110.0270.805 620 m\u00b3\/h 250W Inox 70cm Argent\u00e9 Acier"},"content":{"rendered":"<p>Si vous pensez r\u00e9nover votre cuisine, achetez <b>Hotte standard Mepamsa 110.0270.805 620 m\u00b3\/h 250W Inox 70cm Argent\u00e9 Acier<\/b> et d\u00b4autres <b>produits Mepamsa<\/b> !<\/p>\n<ul>\n<li>puissance:\n<ul>\n<li>250 W<\/li>\n<li>800 W<\/li>\n<li>28 W<\/li>\n<\/ul>\n<\/li>\n<li>Dimensions approx.: 70 cm<\/li>\n<li>Illumination: 2 x 28 W<\/li>\n<li>Niveau sonore: 69 dB<\/li>\n<li>Classification \u00e9nerg\u00e9tique: D<\/li>\n<li>Type d&#8217;installation:\n<ul>\n<li>Paroi<\/li>\n<li>Montage mural<\/li>\n<\/ul>\n<\/li>\n<li>Couleur:\n<ul>\n<li>Acier<\/li>\n<li>Argent\u00e9<\/li>\n<\/ul>\n<\/li>\n<li>Vitesse: 3 vitesses<\/li>\n<li>Produit \u00e0 brancher: Oui<\/li>\n<li>Type de prise: Prise EU<\/li>\n<li>Capacit\u00e9 d\u2019extraction:\n<ul>\n<li>685 m3\/h<\/li>\n<li>705 m3\/h<\/li>\n<\/ul>\n<\/li>\n<li>Type:\n<ul>\n<li>Hotte standard<\/li>\n<li>Mural<\/li>\n<\/ul>\n<\/li>\n<li>Bloc d\u2019Alimentation: r\u00e9seau \u00e9lectrique<\/li>\n<li>Filtre: Aluminium<\/li>\n<li>Type de commande: Boutons<\/li>\n<li>Moteur: 1<\/li>\n<li>Hauteur: 360 mm<\/li>\n<li>Profondeur: 483 mm<\/li>\n<li>Largeur: 70 cm<\/li>\n<li>Mati\u00e8re: Bois<\/li>\n<li>\u00c9cran integr\u00e9: Non<\/li>\n<\/ul>\n<p><\/p>\n<p>Mepamsa Tender H 70X. Puissance d&#8217;extraction maximum: 705 m\u00b3\/h, Niveau de son (vitesse lente): 44 dB, Niveau de son (vitesse moyenne): 55 dB. Type: Mont\u00e9 au mur, Couleur du produit: Acier inoxydable, Puissance de l&#8217;ampoule: 28 W. Type de filtre \u00e0 graisse: Aluminium. Puissance du moteur: 800 W. Largeur: 698 mm, Profondeur: 483 mm, Hauteur: 360 mm<\/p>\n<p><\/p>\n<ul>\n<li>Puissance d&#8217;extraction maximum: 705 m\u00b3\/h<\/li>\n<li>Nombre de vitesses: 3<\/li>\n<li>Vitesse intensive: Non<\/li>\n<li>Niveau de son (vitesse lente): 44 dB<\/li>\n<li>Niveau de son (vitesse moyenne): 55 dB<\/li>\n<li>Niveau de son (vitesse rapide): 67 dB<\/li>\n<li>Pression (Pa): 500<\/li>\n<li>Type: Mont\u00e9 au mur<\/li>\n<li>Couleur du produit: Acier inoxydable<\/li>\n<li>\u00c9cran integr\u00e9: Non<\/li>\n<li>Puissance de l&#8217;ampoule: 28 W<\/li>\n<li>Nombre d&#8217;ampoules: 2 ampoule(s)<\/li>\n<li>Type d&#8217;ampoule: Halog\u00e8ne<\/li>\n<li>Type de commande: Boutons<\/li>\n<li>Diam\u00e8tre du conduit d&#8217;\u00e9vacuation: 15 cm<\/li>\n<li>Nombre de moteurs: 1<\/li>\n<li>Type de filtre \u00e0 graisse: Aluminium<\/li>\n<li>Puissance du moteur: 800 W<\/li>\n<li>Largeur: 698 mm<\/li>\n<li>Profondeur: 483 mm<\/li>\n<li>Hauteur: 360 mm<\/li>\n<li>Hauteur (min): 36 cm<\/li>\n<li>Hauteur (max): 76 cm<\/li>\n<li>Hauteur sans la chemin\u00e9e: 24 cm<\/li>\n<\/ul>","protected":false},"excerpt":{"rendered":"<p>Si vous pensez r\u00e9nover votre cuisine, achetez Hotte standard Mepamsa 110.0270.805 620 m\u00b3\/h 250W Inox 70cm Argent\u00e9 Acier et d\u00b4autres produits Mepamsa ! puissance: 250 W 800 W 28 W Dimensions approx.: 70 cm Illumination: 2 x 28 W Niveau sonore: 69 dB Classification \u00e9nerg\u00e9tique: D Type d&#8217;installation: Paroi Montage mural Couleur: Acier Argent\u00e9 Vitesse: [&hellip;]<\/p>\n","protected":false},"featured_media":159550,"comment_status":"open","ping_status":"closed","template":"","meta":[],"product_brand":[1540],"product_cat":[60,61,62],"product_tag":[55,56],"class_list":{"0":"post-59366","1":"product","2":"type-product","3":"status-publish","4":"has-post-thumbnail","6":"product_brand-brandp_1292","7":"product_cat-cuisine-gourmet","8":"product_cat-equipement-de-cuisine","9":"product_cat-hottes-de-cuisine","10":"product_tag-tag_926","11":"product_tag-tag_930","13":"first","14":"instock","15":"taxable","16":"shipping-taxable","17":"purchasable","18":"product-type-simple"},"_links":{"self":[{"href":"https:\/\/bigbuy.tupique.com\/en\/wp-json\/wp\/v2\/product\/59366","targetHints":{"allow":["GET"]}}],"collection":[{"href":"https:\/\/bigbuy.tupique.com\/en\/wp-json\/wp\/v2\/product"}],"about":[{"href":"https:\/\/bigbuy.tupique.com\/en\/wp-json\/wp\/v2\/types\/product"}],"replies":[{"embeddable":true,"href":"https:\/\/bigbuy.tupique.com\/en\/wp-json\/wp\/v2\/comments?post=59366"}],"wp:featuredmedia":[{"embeddable":true,"href":"https:\/\/bigbuy.tupique.com\/en\/wp-json\/wp\/v2\/media\/159550"}],"wp:attachment":[{"href":"https:\/\/bigbuy.tupique.com\/en\/wp-json\/wp\/v2\/media?parent=59366"}],"wp:term":[{"taxonomy":"product_brand","embeddable":true,"href":"https:\/\/bigbuy.tupique.com\/en\/wp-json\/wp\/v2\/product_brand?post=59366"},{"taxonomy":"product_cat","embeddable":true,"href":"https:\/\/bigbuy.tupique.com\/en\/wp-json\/wp\/v2\/product_cat?post=59366"},{"taxonomy":"product_tag","embeddable":true,"href":"https:\/\/bigbuy.tupique.com\/en\/wp-json\/wp\/v2\/product_tag?post=59366"}],"curies":[{"name":"wp","href":"https:\/\/api.w.org\/{rel}","templated":true}]}}