{"id":59327,"date":"2026-04-01T14:39:57","date_gmt":"2026-04-01T13:39:57","guid":{"rendered":"https:\/\/bigbuy.tupique.com\/produto\/induction-hot-plate-siemens-ag-ex675lyc1e-60-cm-60-cm\/"},"modified":"2026-04-14T23:38:14","modified_gmt":"2026-04-14T22:38:14","slug":"induction-hot-plate-siemens-ag-ex675lyc1e-60-cm-60-cm","status":"publish","type":"product","link":"https:\/\/bigbuy.tupique.com\/en\/produto\/induction-hot-plate-siemens-ag-ex675lyc1e-60-cm-60-cm\/","title":{"rendered":"Plaque \u00e0 Induction Siemens AG EX675LYC1E 60 cm 60 cm"},"content":{"rendered":"<p>Si vous pensez r\u00e9nover votre cuisine, achetez <b>Plaque \u00e0 Induction Siemens AG EX675LYC1E 60 cm 60 cm<\/b> et d\u00b4autres <b>produits Siemens AG<\/b> !<\/p>\n<ul>\n<li>Couleur: Noir<\/li>\n<li>Largeur: 60 cm<\/li>\n<li>Caract\u00e9ristiques:\n<ul>\n<li>Verrouillage pour enfants<\/li>\n<li>Interrupteur marche\/arr\u00eat<\/li>\n<\/ul>\n<\/li>\n<li>Zones de cuisson: 2<\/li>\n<li>Arr\u00eat Automatique: Oui<\/li>\n<li>Niveaux de puissance: 17<\/li>\n<li>\u00c9cran integr\u00e9: Non<\/li>\n<li>Dimensions approx.: 60 cm<\/li>\n<li>puissance: 7400 W<\/li>\n<li>Bloc d\u2019Alimentation: Lumi\u00e8re<\/li>\n<li>Fr\u00e9quence: 60 Hz<\/li>\n<li>Mat\u00e9riel:\n<ul>\n<li>Verre et c\u00e9ramique<\/li>\n<li>Acier inoxydable<\/li>\n<\/ul>\n<\/li>\n<li>Produit \u00e0 brancher: Oui<\/li>\n<li>Type de prise: Prise EU<\/li>\n<li>Type:\n<ul>\n<li>Plaque \u00e0 Induction<\/li>\n<li>Int\u00e9gr\u00e9<\/li>\n<\/ul>\n<\/li>\n<li>Fonction: Minuterie<\/li>\n<li>Tension: 220-240 V<\/li>\n<\/ul>","protected":false},"excerpt":{"rendered":"<p>Si vous pensez r\u00e9nover votre cuisine, achetez Plaque \u00e0 Induction Siemens AG EX675LYC1E 60 cm 60 cm et d\u00b4autres produits Siemens AG ! Couleur: Noir Largeur: 60 cm Caract\u00e9ristiques: Verrouillage pour enfants Interrupteur marche\/arr\u00eat Zones de cuisson: 2 Arr\u00eat Automatique: Oui Niveaux de puissance: 17 \u00c9cran integr\u00e9: Non Dimensions approx.: 60 cm puissance: 7400 W [&hellip;]<\/p>\n","protected":false},"featured_media":59326,"comment_status":"open","ping_status":"closed","template":"","meta":[],"product_brand":[851],"product_cat":[60,77,78],"product_tag":[55,56],"class_list":{"0":"post-59327","1":"product","2":"type-product","3":"status-publish","4":"has-post-thumbnail","6":"product_brand-brandp_930","7":"product_cat-cuisine-gourmet","8":"product_cat-petit-electromenager","9":"product_cat-plaques-de-cuisson","10":"product_tag-tag_926","11":"product_tag-tag_930","13":"first","14":"instock","15":"taxable","16":"shipping-taxable","17":"purchasable","18":"product-type-simple"},"_links":{"self":[{"href":"https:\/\/bigbuy.tupique.com\/en\/wp-json\/wp\/v2\/product\/59327","targetHints":{"allow":["GET"]}}],"collection":[{"href":"https:\/\/bigbuy.tupique.com\/en\/wp-json\/wp\/v2\/product"}],"about":[{"href":"https:\/\/bigbuy.tupique.com\/en\/wp-json\/wp\/v2\/types\/product"}],"replies":[{"embeddable":true,"href":"https:\/\/bigbuy.tupique.com\/en\/wp-json\/wp\/v2\/comments?post=59327"}],"wp:featuredmedia":[{"embeddable":true,"href":"https:\/\/bigbuy.tupique.com\/en\/wp-json\/wp\/v2\/media\/59326"}],"wp:attachment":[{"href":"https:\/\/bigbuy.tupique.com\/en\/wp-json\/wp\/v2\/media?parent=59327"}],"wp:term":[{"taxonomy":"product_brand","embeddable":true,"href":"https:\/\/bigbuy.tupique.com\/en\/wp-json\/wp\/v2\/product_brand?post=59327"},{"taxonomy":"product_cat","embeddable":true,"href":"https:\/\/bigbuy.tupique.com\/en\/wp-json\/wp\/v2\/product_cat?post=59327"},{"taxonomy":"product_tag","embeddable":true,"href":"https:\/\/bigbuy.tupique.com\/en\/wp-json\/wp\/v2\/product_tag?post=59327"}],"curies":[{"name":"wp","href":"https:\/\/api.w.org\/{rel}","templated":true}]}}