{"id":59289,"date":"2026-04-01T14:37:35","date_gmt":"2026-04-01T13:37:35","guid":{"rendered":"https:\/\/bigbuy.tupique.com\/produto\/combined-refrigerator-hisense-rb372n4awe-179-white\/"},"modified":"2026-04-15T07:03:23","modified_gmt":"2026-04-15T06:03:23","slug":"combined-refrigerator-hisense-rb372n4awe-179-white","status":"publish","type":"product","link":"https:\/\/bigbuy.tupique.com\/en\/produto\/combined-refrigerator-hisense-rb372n4awe-179-white\/","title":{"rendered":"R\u00e9frig\u00e9rateur Combin\u00e9 Hisense RB372N4AWE  179 Blanc"},"content":{"rendered":"<p>Si vous pensez r\u00e9nover votre cuisine, achetez <b>R\u00e9frig\u00e9rateur Combin\u00e9 Hisense RB372N4AWE  179 Blanc<\/b> et d\u00b4autres <b>produits Hisense<\/b> !<\/p>\n<ul>\n<li>Produit \u00e0 brancher: Oui<\/li>\n<li>Type de prise: Prise EU<\/li>\n<li>Type: R\u00e9frig\u00e9rateur Combin\u00e9<\/li>\n<li>Fonctions: No Frost<\/li>\n<li>Type d&#8217;installation:\n<ul>\n<li>Auto-assemblage<\/li>\n<li>Ind\u00e9pendant<\/li>\n<\/ul>\n<\/li>\n<li>Caract\u00e9ristiques:\n<ul>\n<li>Indicateur de temp\u00e9rature<\/li>\n<li>Commande tactile<\/li>\n<li>\u00c9cran integr\u00e9<\/li>\n<\/ul>\n<\/li>\n<li>Capacit\u00e9 du r\u00e9frig\u00e9rateur: 207 L<\/li>\n<li>\u00c9lev\u00e9:\n<ul>\n<li>178,7 cm<\/li>\n<li>180 cm<\/li>\n<\/ul>\n<\/li>\n<li>Dimensions approx.: 59,5 x 59 x 178,5 cm<\/li>\n<li>Bloc d\u2019Alimentation: r\u00e9seau \u00e9lectrique<\/li>\n<li>Couleur: Blanc<\/li>\n<li>Largeur:\n<ul>\n<li>60 cm<\/li>\n<li>59,5 cm<\/li>\n<\/ul>\n<\/li>\n<li>Classification \u00e9nerg\u00e9tique: E<\/li>\n<li>Mati\u00e8re: Acier<\/li>\n<li>Technologie: LED<\/li>\n<li>Direction d&#8217;ouverture: Droite<\/li>\n<li>Niveau sonore: 39 dB<\/li>\n<li>Portes: 2 portes<\/li>\n<\/ul>","protected":false},"excerpt":{"rendered":"<p>Si vous pensez r\u00e9nover votre cuisine, achetez R\u00e9frig\u00e9rateur Combin\u00e9 Hisense RB372N4AWE 179 Blanc et d\u00b4autres produits Hisense ! Produit \u00e0 brancher: Oui Type de prise: Prise EU Type: R\u00e9frig\u00e9rateur Combin\u00e9 Fonctions: No Frost Type d&#8217;installation: Auto-assemblage Ind\u00e9pendant Caract\u00e9ristiques: Indicateur de temp\u00e9rature Commande tactile \u00c9cran integr\u00e9 Capacit\u00e9 du r\u00e9frig\u00e9rateur: 207 L \u00c9lev\u00e9: 178,7 cm 180 cm [&hellip;]<\/p>\n","protected":false},"featured_media":59288,"comment_status":"open","ping_status":"closed","template":"","meta":[],"product_brand":[1341],"product_cat":[60,77,226],"product_tag":[56],"class_list":{"0":"post-59289","1":"product","2":"type-product","3":"status-publish","4":"has-post-thumbnail","6":"product_brand-brandp_612","7":"product_cat-cuisine-gourmet","8":"product_cat-petit-electromenager","9":"product_cat-refrigerateurs-et-congelateurs","10":"product_tag-tag_930","12":"first","13":"instock","14":"taxable","15":"shipping-taxable","16":"purchasable","17":"product-type-simple"},"_links":{"self":[{"href":"https:\/\/bigbuy.tupique.com\/en\/wp-json\/wp\/v2\/product\/59289","targetHints":{"allow":["GET"]}}],"collection":[{"href":"https:\/\/bigbuy.tupique.com\/en\/wp-json\/wp\/v2\/product"}],"about":[{"href":"https:\/\/bigbuy.tupique.com\/en\/wp-json\/wp\/v2\/types\/product"}],"replies":[{"embeddable":true,"href":"https:\/\/bigbuy.tupique.com\/en\/wp-json\/wp\/v2\/comments?post=59289"}],"wp:featuredmedia":[{"embeddable":true,"href":"https:\/\/bigbuy.tupique.com\/en\/wp-json\/wp\/v2\/media\/59288"}],"wp:attachment":[{"href":"https:\/\/bigbuy.tupique.com\/en\/wp-json\/wp\/v2\/media?parent=59289"}],"wp:term":[{"taxonomy":"product_brand","embeddable":true,"href":"https:\/\/bigbuy.tupique.com\/en\/wp-json\/wp\/v2\/product_brand?post=59289"},{"taxonomy":"product_cat","embeddable":true,"href":"https:\/\/bigbuy.tupique.com\/en\/wp-json\/wp\/v2\/product_cat?post=59289"},{"taxonomy":"product_tag","embeddable":true,"href":"https:\/\/bigbuy.tupique.com\/en\/wp-json\/wp\/v2\/product_tag?post=59289"}],"curies":[{"name":"wp","href":"https:\/\/api.w.org\/{rel}","templated":true}]}}