{"id":59287,"date":"2026-04-01T14:37:33","date_gmt":"2026-04-01T13:37:33","guid":{"rendered":"https:\/\/bigbuy.tupique.com\/produto\/sink-with-one-basin-teka-american-pro-60-m-xp-1b-steel\/"},"modified":"2026-04-15T07:37:56","modified_gmt":"2026-04-15T06:37:56","slug":"sink-with-one-basin-teka-american-pro-60-m-xp-1b-steel","status":"publish","type":"product","link":"https:\/\/bigbuy.tupique.com\/en\/produto\/sink-with-one-basin-teka-american-pro-60-m-xp-1b-steel\/","title":{"rendered":"\u00c9vier simple Teka American Pro 60 M-XP 1B Acier"},"content":{"rendered":"<p>Si vous pensez r\u00e9nover votre cuisine, achetez <b>\u00c9vier simple Teka American Pro 60 M-XP 1B Acier<\/b> et d\u00b4autres <b>produits Teka<\/b> !<\/p>\n<ul>\n<li>Inclut:\n<ul>\n<li>Kit de Montage<\/li>\n<li>Batterie<\/li>\n<li>Siphon<\/li>\n<\/ul>\n<\/li>\n<li>Couleur:\n<ul>\n<li>Acier<\/li>\n<li>Argent\u00e9<\/li>\n<\/ul>\n<\/li>\n<li>Mati\u00e8re: Acier inoxydable<\/li>\n<li>Largeur:\n<ul>\n<li>59,5 cm<\/li>\n<li>60 cm<\/li>\n<\/ul>\n<\/li>\n<li>Forme: Rectangulaire<\/li>\n<li>Utilisation recommand\u00e9e: Anti-reflux<\/li>\n<li>Piles incluses: Oui<\/li>\n<li>Type d&#8217;installation: Sous le plan de travail<\/li>\n<\/ul>","protected":false},"excerpt":{"rendered":"<p>Si vous pensez r\u00e9nover votre cuisine, achetez \u00c9vier simple Teka American Pro 60 M-XP 1B Acier et d\u00b4autres produits Teka ! Inclut: Kit de Montage Batterie Siphon Couleur: Acier Argent\u00e9 Mati\u00e8re: Acier inoxydable Largeur: 59,5 cm 60 cm Forme: Rectangulaire Utilisation recommand\u00e9e: Anti-reflux Piles incluses: Oui Type d&#8217;installation: Sous le plan de travail<\/p>","protected":false},"featured_media":59275,"comment_status":"open","ping_status":"closed","template":"","meta":[],"product_brand":[667],"product_cat":[60,61,779],"product_tag":[210],"class_list":{"0":"post-59287","1":"product","2":"type-product","3":"status-publish","4":"has-post-thumbnail","6":"product_brand-brandp_1172","7":"product_cat-cuisine-gourmet","8":"product_cat-equipement-de-cuisine","9":"product_cat-eviers","10":"product_tag-tag_25","12":"first","13":"instock","14":"taxable","15":"shipping-taxable","16":"purchasable","17":"product-type-simple"},"_links":{"self":[{"href":"https:\/\/bigbuy.tupique.com\/en\/wp-json\/wp\/v2\/product\/59287","targetHints":{"allow":["GET"]}}],"collection":[{"href":"https:\/\/bigbuy.tupique.com\/en\/wp-json\/wp\/v2\/product"}],"about":[{"href":"https:\/\/bigbuy.tupique.com\/en\/wp-json\/wp\/v2\/types\/product"}],"replies":[{"embeddable":true,"href":"https:\/\/bigbuy.tupique.com\/en\/wp-json\/wp\/v2\/comments?post=59287"}],"wp:featuredmedia":[{"embeddable":true,"href":"https:\/\/bigbuy.tupique.com\/en\/wp-json\/wp\/v2\/media\/59275"}],"wp:attachment":[{"href":"https:\/\/bigbuy.tupique.com\/en\/wp-json\/wp\/v2\/media?parent=59287"}],"wp:term":[{"taxonomy":"product_brand","embeddable":true,"href":"https:\/\/bigbuy.tupique.com\/en\/wp-json\/wp\/v2\/product_brand?post=59287"},{"taxonomy":"product_cat","embeddable":true,"href":"https:\/\/bigbuy.tupique.com\/en\/wp-json\/wp\/v2\/product_cat?post=59287"},{"taxonomy":"product_tag","embeddable":true,"href":"https:\/\/bigbuy.tupique.com\/en\/wp-json\/wp\/v2\/product_tag?post=59287"}],"curies":[{"name":"wp","href":"https:\/\/api.w.org\/{rel}","templated":true}]}}