{"id":59272,"date":"2026-04-01T14:37:10","date_gmt":"2026-04-01T13:37:10","guid":{"rendered":"https:\/\/bigbuy.tupique.com\/produto\/bluetooth-speakers-lg-xg8t-black-120-w\/"},"modified":"2026-04-16T23:35:06","modified_gmt":"2026-04-16T22:35:06","slug":"bluetooth-speakers-lg-xg8t-black-120-w","status":"publish","type":"product","link":"https:\/\/bigbuy.tupique.com\/en\/produto\/bluetooth-speakers-lg-xg8t-black-120-w\/","title":{"rendered":"Haut-parleurs bluetooth LG XG8T Noir 120 W"},"content":{"rendered":"<p>Si vous \u00eates passionn\u00e9 d&#8217;<b>informatique et d&#8217;\u00e9lectronique<\/b>, si vous \u00eates \u00e0 la pointe de la technologie et qu&#8217;aucun d\u00e9tail ne vous \u00e9chappe, achetez <b>Haut-parleurs bluetooth LG XG8T Noir 120 W<\/b> au meilleur prix.<\/p>\n<p>Le <b>haut-parleur Bluetooth XG8T.DEUSLLK<\/b> de <b>LG<\/b> est un appareil sans fil con\u00e7u pour offrir une exp\u00e9rience sonore de qualit\u00e9 avec grande polyvalence et robustesse. Il pr\u00e9sente un design universel et compact de couleur <b>noir<\/b>, facilitant son utilisation en int\u00e9rieur comme en ext\u00e9rieur gr\u00e2ce \u00e0 sa construction solide, r\u00e9sistante \u00e0 l\u2019eau et \u00e0 la poussi\u00e8re avec certification <b>IP67<\/b>. Ce haut-parleur dispose d\u2019une puissance RMS estim\u00e9e \u00e0 <b>120 W<\/b>, d\u00e9livrant un son clair et puissant via ses <b>deux haut-parleurs<\/b> int\u00e9gr\u00e9s, r\u00e9partis dans un syst\u00e8me audio <b>1.0<\/b>, id\u00e9al pour les utilisateurs recherchant un son d\u00e9fini et dynamique dans un appareil portable. Sa connectivit\u00e9 sans fil est assur\u00e9e par la technologie <b>Bluetooth 5.1<\/b>, permettant des connexions stables et une port\u00e9e am\u00e9lior\u00e9e pour se connecter facilement \u00e0 des smartphones, tablettes ou tout appareil compatible sans c\u00e2ble. De plus, il int\u00e8gre une batterie interne offrant une autonomie d\u2019environ <b>15 heures<\/b>, facilitant une utilisation prolong\u00e9e sans interruption ni d\u00e9pendance \u00e0 une source d\u2019\u00e9nergie continue. Pesant <b>3,2 kg<\/b>, ce haut-parleur offre un bon \u00e9quilibre entre portabilit\u00e9 et solidit\u00e9, compl\u00e9t\u00e9 par une poign\u00e9e de transport pour en faciliter la mobilit\u00e9. Dans l\u2019ensemble, le LG XG8T.DEUSLLK se positionne comme une solution fiable pour ceux qui recherchent un haut-parleur Bluetooth alliant puissance, autonomie et r\u00e9sistance, adapt\u00e9 \u00e0 diverses situations, des r\u00e9unions sociales aux activit\u00e9s en plein air.<\/p>\n<ul>\n<li>Type:\n<ul>\n<li>Haut-parleur<\/li>\n<li>Universel<\/li>\n<li>Haut-parleur portable<\/li>\n<\/ul>\n<\/li>\n<li>Couleur: Noir<\/li>\n<li>Caract\u00e9ristiques:\n<ul>\n<li>Sans fil<\/li>\n<li>2 Haut-parleurs<\/li>\n<li>Haut-parleur<\/li>\n<li>Anse de transport<\/li>\n<\/ul>\n<\/li>\n<li>Connectivit\u00e9:\n<ul>\n<li>Bluetooth<\/li>\n<li>Bluetooth 5.1<\/li>\n<\/ul>\n<\/li>\n<li>puissance: 120 W<\/li>\n<li>Cha\u00eenes: 1.0<\/li>\n<li>Radio FM: Non<\/li>\n<li>Utilisation recommand\u00e9e: Universel<\/li>\n<li>Connexions:\n<ul>\n<li>USB<\/li>\n<li>USB-C<\/li>\n<\/ul>\n<\/li>\n<li>Type de batterie:\n<ul>\n<li>Int\u00e9gr\u00e9e<\/li>\n<li>Batterie au lithium rechargeable<\/li>\n<\/ul>\n<\/li>\n<li>Tension: 14,8 V<\/li>\n<li>Puissance RMS: 120 W<\/li>\n<li>Classification IP: IP67<\/li>\n<li>Autonomie approx.: 15 heures<\/li>\n<li>Inclut:\n<ul>\n<li>Adaptateur de courant<\/li>\n<li>Manuel de l&#8217;utilisateur<\/li>\n<\/ul>\n<\/li>\n<li>Non inclut: Wi-Fi<\/li>\n<li>\u00c9cran integr\u00e9: Non<\/li>\n<li>Haut-parleurs: Tweeter<\/li>\n<\/ul>","protected":false},"excerpt":{"rendered":"<p>Si vous \u00eates passionn\u00e9 d&#8217;informatique et d&#8217;\u00e9lectronique, si vous \u00eates \u00e0 la pointe de la technologie et qu&#8217;aucun d\u00e9tail ne vous \u00e9chappe, achetez Haut-parleurs bluetooth LG XG8T Noir 120 W au meilleur prix. Le haut-parleur Bluetooth XG8T.DEUSLLK de LG est un appareil sans fil con\u00e7u pour offrir une exp\u00e9rience sonore de qualit\u00e9 avec grande polyvalence [&hellip;]<\/p>\n","protected":false},"featured_media":59271,"comment_status":"open","ping_status":"closed","template":"","meta":[],"product_brand":[662],"product_cat":[755,772,65],"product_tag":[566],"class_list":{"0":"post-59272","1":"product","2":"type-product","3":"status-publish","4":"has-post-thumbnail","6":"product_brand-brandp_559","7":"product_cat-electronique-son","8":"product_cat-haut-parleurs-bluetooth","9":"product_cat-informatique-electronique","10":"product_tag-tag_547","12":"first","13":"instock","14":"taxable","15":"shipping-taxable","16":"purchasable","17":"product-type-simple"},"_links":{"self":[{"href":"https:\/\/bigbuy.tupique.com\/en\/wp-json\/wp\/v2\/product\/59272","targetHints":{"allow":["GET"]}}],"collection":[{"href":"https:\/\/bigbuy.tupique.com\/en\/wp-json\/wp\/v2\/product"}],"about":[{"href":"https:\/\/bigbuy.tupique.com\/en\/wp-json\/wp\/v2\/types\/product"}],"replies":[{"embeddable":true,"href":"https:\/\/bigbuy.tupique.com\/en\/wp-json\/wp\/v2\/comments?post=59272"}],"wp:featuredmedia":[{"embeddable":true,"href":"https:\/\/bigbuy.tupique.com\/en\/wp-json\/wp\/v2\/media\/59271"}],"wp:attachment":[{"href":"https:\/\/bigbuy.tupique.com\/en\/wp-json\/wp\/v2\/media?parent=59272"}],"wp:term":[{"taxonomy":"product_brand","embeddable":true,"href":"https:\/\/bigbuy.tupique.com\/en\/wp-json\/wp\/v2\/product_brand?post=59272"},{"taxonomy":"product_cat","embeddable":true,"href":"https:\/\/bigbuy.tupique.com\/en\/wp-json\/wp\/v2\/product_cat?post=59272"},{"taxonomy":"product_tag","embeddable":true,"href":"https:\/\/bigbuy.tupique.com\/en\/wp-json\/wp\/v2\/product_tag?post=59272"}],"curies":[{"name":"wp","href":"https:\/\/api.w.org\/{rel}","templated":true}]}}