{"id":59267,"date":"2026-04-01T14:37:04","date_gmt":"2026-04-01T13:37:04","guid":{"rendered":"https:\/\/bigbuy.tupique.com\/produto\/bottle-cooler-teka-rvu-20046-gbk-black\/"},"modified":"2026-04-15T06:26:56","modified_gmt":"2026-04-15T05:26:56","slug":"bottle-cooler-teka-rvu-20046-gbk-black","status":"publish","type":"product","link":"https:\/\/bigbuy.tupique.com\/en\/produto\/bottle-cooler-teka-rvu-20046-gbk-black\/","title":{"rendered":"Refroidisseur de Bouteilles Teka RVU 20046 GBK Noir"},"content":{"rendered":"<p>Si vous aimez prendre soin de chaque d\u00e9tail de votre maison et d&#8217;\u00eatre \u00e0 la derni\u00e8re mode en mati\u00e8re de produits qui vous rendront la vie plus facile, achetez <b>Refroidisseur de Bouteilles Teka RVU 20046 GBK Noir<\/b> au meilleur prix.<\/p>\n<ul>\n<li>Couleur: Noir<\/li>\n<li>Classification \u00e9nerg\u00e9tique: G<\/li>\n<li>Direction d&#8217;ouverture: Droite<\/li>\n<li>Fr\u00e9quence: 50 Hz<\/li>\n<li>Inclut: Ecran<\/li>\n<li>Type de commande: Boutons<\/li>\n<li>Tension: 220-240 V<\/li>\n<li>\u00c9lev\u00e9: 82 cm<\/li>\n<li>Niveau sonore: 39 dB<\/li>\n<li>Largeur: 59,5 cm<\/li>\n<\/ul>","protected":false},"excerpt":{"rendered":"<p>Si vous aimez prendre soin de chaque d\u00e9tail de votre maison et d&#8217;\u00eatre \u00e0 la derni\u00e8re mode en mati\u00e8re de produits qui vous rendront la vie plus facile, achetez Refroidisseur de Bouteilles Teka RVU 20046 GBK Noir au meilleur prix. Couleur: Noir Classification \u00e9nerg\u00e9tique: G Direction d&#8217;ouverture: Droite Fr\u00e9quence: 50 Hz Inclut: Ecran Type de [&hellip;]<\/p>\n","protected":false},"featured_media":59264,"comment_status":"open","ping_status":"closed","template":"","meta":[],"product_brand":[667],"product_cat":[60,109,220],"product_tag":[210],"class_list":{"0":"post-59267","1":"product","2":"type-product","3":"status-publish","4":"has-post-thumbnail","6":"product_brand-brandp_1172","7":"product_cat-cuisine-gourmet","8":"product_cat-gourmet","9":"product_cat-liqueurs-et-accessoires","10":"product_tag-tag_25","12":"first","13":"instock","14":"taxable","15":"shipping-taxable","16":"purchasable","17":"product-type-simple"},"_links":{"self":[{"href":"https:\/\/bigbuy.tupique.com\/en\/wp-json\/wp\/v2\/product\/59267","targetHints":{"allow":["GET"]}}],"collection":[{"href":"https:\/\/bigbuy.tupique.com\/en\/wp-json\/wp\/v2\/product"}],"about":[{"href":"https:\/\/bigbuy.tupique.com\/en\/wp-json\/wp\/v2\/types\/product"}],"replies":[{"embeddable":true,"href":"https:\/\/bigbuy.tupique.com\/en\/wp-json\/wp\/v2\/comments?post=59267"}],"wp:featuredmedia":[{"embeddable":true,"href":"https:\/\/bigbuy.tupique.com\/en\/wp-json\/wp\/v2\/media\/59264"}],"wp:attachment":[{"href":"https:\/\/bigbuy.tupique.com\/en\/wp-json\/wp\/v2\/media?parent=59267"}],"wp:term":[{"taxonomy":"product_brand","embeddable":true,"href":"https:\/\/bigbuy.tupique.com\/en\/wp-json\/wp\/v2\/product_brand?post=59267"},{"taxonomy":"product_cat","embeddable":true,"href":"https:\/\/bigbuy.tupique.com\/en\/wp-json\/wp\/v2\/product_cat?post=59267"},{"taxonomy":"product_tag","embeddable":true,"href":"https:\/\/bigbuy.tupique.com\/en\/wp-json\/wp\/v2\/product_tag?post=59267"}],"curies":[{"name":"wp","href":"https:\/\/api.w.org\/{rel}","templated":true}]}}