{"id":59237,"date":"2026-04-01T14:36:17","date_gmt":"2026-04-01T13:36:17","guid":{"rendered":"https:\/\/bigbuy.tupique.com\/produto\/duct-air-conditioning-daitsu-electric-acd18kdbs\/"},"modified":"2026-04-15T04:32:59","modified_gmt":"2026-04-15T03:32:59","slug":"duct-air-conditioning-daitsu-electric-acd18kdbs","status":"publish","type":"product","link":"https:\/\/bigbuy.tupique.com\/en\/produto\/duct-air-conditioning-daitsu-electric-acd18kdbs\/","title":{"rendered":"Air Conditionn\u00e9 pour Conduits DAITSU ELECTRIC ACD18KDBS"},"content":{"rendered":"<p>Si vous recherchez des \u00e9lectrom\u00e9nagers pour votre maison aux meilleurs prix, ne manquez pas <b>Air Conditionn\u00e9 pour Conduits DAITSU ELECTRIC ACD18KDBS<\/b> et une large s\u00e9lection de petits \u00e9lectrom\u00e9nagers de qualit\u00e9 !<\/p>\n<p>Le <b>climatiseur gainable Daitsu ACD18KDBS<\/b> est un syst\u00e8me con\u00e7u pour offrir une climatisation efficace dans de grands espaces r\u00e9partis, s\u2019int\u00e9grant discr\u00e8tement gr\u00e2ce \u00e0 son installation encastr\u00e9e dans le faux plafond. Cet appareil se distingue par sa <b>classe \u00e9nerg\u00e9tique A++\/A+<\/b>, garantissant une performance optimale avec une consommation r\u00e9duite, r\u00e9pondant aux exigences actuelles d\u2019efficacit\u00e9 et de durabilit\u00e9. Avec une <b>puissance de 4300 frigor\u00edas par heure<\/b>, il fournit une capacit\u00e9 de refroidissement adapt\u00e9e aux pi\u00e8ces moyennes et grandes, assurant un confort constant. Sa technologie avanc\u00e9e permet une distribution homog\u00e8ne de l\u2019air, \u00e9vitant les zones chaudes ou froides, ce qui favorise un confort thermique stable. De plus, la marque Daitsu est reconnue pour la fiabilit\u00e9 et la long\u00e9vit\u00e9 de ses syst\u00e8mes de climatisation, offrant des solutions pratiques et robustes pour maisons et bureaux. Le <b>mod\u00e8le ACD18KDBS<\/b> allie fonctionnalit\u00e9 et efficacit\u00e9 \u00e9nerg\u00e9tique, constituant un choix judicieux pour ceux qui recherchent un syst\u00e8me de climatisation gainable moderne, silencieux et respectueux de l\u2019environnement. Ce produit refl\u00e8te l\u2019engagement de Daitsu \u00e0 fournir une climatisation efficace et durable, adapt\u00e9e aux besoins contemporains de confort et d\u2019\u00e9conomie d\u2019\u00e9nergie.<\/p>\n<ul>\n<li>puissance: 4300 fg\/h<\/li>\n<li>Classification \u00e9nerg\u00e9tique: A++\/A+<\/li>\n<li>Couleur: Blanc<\/li>\n<li>Caract\u00e9ristiques:\n<ul>\n<li>Syst\u00e8me de ventilation<\/li>\n<li>\u00c9cran integr\u00e9<\/li>\n<\/ul>\n<\/li>\n<li>Connectivit\u00e9: Wi-Fi<\/li>\n<li>Technologie: Inverter<\/li>\n<li>Puissance frigorifique: 4300 kcal\/h<\/li>\n<\/ul>","protected":false},"excerpt":{"rendered":"<p>Si vous recherchez des \u00e9lectrom\u00e9nagers pour votre maison aux meilleurs prix, ne manquez pas Air Conditionn\u00e9 pour Conduits DAITSU ELECTRIC ACD18KDBS et une large s\u00e9lection de petits \u00e9lectrom\u00e9nagers de qualit\u00e9 ! Le climatiseur gainable Daitsu ACD18KDBS est un syst\u00e8me con\u00e7u pour offrir une climatisation efficace dans de grands espaces r\u00e9partis, s\u2019int\u00e9grant discr\u00e8tement gr\u00e2ce \u00e0 son [&hellip;]<\/p>\n","protected":false},"featured_media":59235,"comment_status":"open","ping_status":"closed","template":"","meta":[],"product_brand":[1548],"product_cat":[732,1334,239],"product_tag":[721,210],"class_list":{"0":"post-59237","1":"product","2":"type-product","3":"status-publish","4":"has-post-thumbnail","6":"product_brand-brandp_1177","7":"product_cat-climatisation-et-chauffage","8":"product_cat-climatiseurs-et-ventilateurs","9":"product_cat-maison-jardin","10":"product_tag-tag_124","11":"product_tag-tag_25","13":"first","14":"instock","15":"taxable","16":"shipping-taxable","17":"purchasable","18":"product-type-simple"},"_links":{"self":[{"href":"https:\/\/bigbuy.tupique.com\/en\/wp-json\/wp\/v2\/product\/59237","targetHints":{"allow":["GET"]}}],"collection":[{"href":"https:\/\/bigbuy.tupique.com\/en\/wp-json\/wp\/v2\/product"}],"about":[{"href":"https:\/\/bigbuy.tupique.com\/en\/wp-json\/wp\/v2\/types\/product"}],"replies":[{"embeddable":true,"href":"https:\/\/bigbuy.tupique.com\/en\/wp-json\/wp\/v2\/comments?post=59237"}],"wp:featuredmedia":[{"embeddable":true,"href":"https:\/\/bigbuy.tupique.com\/en\/wp-json\/wp\/v2\/media\/59235"}],"wp:attachment":[{"href":"https:\/\/bigbuy.tupique.com\/en\/wp-json\/wp\/v2\/media?parent=59237"}],"wp:term":[{"taxonomy":"product_brand","embeddable":true,"href":"https:\/\/bigbuy.tupique.com\/en\/wp-json\/wp\/v2\/product_brand?post=59237"},{"taxonomy":"product_cat","embeddable":true,"href":"https:\/\/bigbuy.tupique.com\/en\/wp-json\/wp\/v2\/product_cat?post=59237"},{"taxonomy":"product_tag","embeddable":true,"href":"https:\/\/bigbuy.tupique.com\/en\/wp-json\/wp\/v2\/product_tag?post=59237"}],"curies":[{"name":"wp","href":"https:\/\/api.w.org\/{rel}","templated":true}]}}