{"id":59214,"date":"2026-04-01T14:35:41","date_gmt":"2026-04-01T13:35:41","guid":{"rendered":"https:\/\/bigbuy.tupique.com\/produto\/electric-ipl-hair-remover-philips-bri924-00\/"},"modified":"2026-04-15T02:19:54","modified_gmt":"2026-04-15T01:19:54","slug":"electric-ipl-hair-remover-philips-bri924-00","status":"publish","type":"product","link":"https:\/\/bigbuy.tupique.com\/en\/produto\/electric-ipl-hair-remover-philips-bri924-00\/","title":{"rendered":"\u00c9pilateur \u00e0 lumi\u00e8re puls\u00e9e Philips BRI924\/00"},"content":{"rendered":"<p>\u00c9pilateur \u00e0 lumi\u00e8re puls\u00e9e Philips BRI924\/00 est un produit exclusif de qualit\u00e9 pour le soin du corps. Si vous recherchez les meilleurs produits d\u2019hygi\u00e8ne personnelle, les produits Philips 100 % originaux sont exactement ce dont vous avez besoin.<\/p>\n<p>La <b>\u00c9pilateur \u00e9lectrique \u00e0 lumi\u00e8re puls\u00e9e BRI924\/00<\/b> de <b>Philips<\/b> est un appareil con\u00e7u pour l\u2019\u00e9limination efficace et durable des poils gr\u00e2ce \u00e0 la technologie avanc\u00e9e de la <b>lumi\u00e8re puls\u00e9e intense (IPL)<\/b>. Cette technologie \u00e9met des impulsions lumineuses qui agissent directement sur la racine du poil, l\u2019affaiblissant progressivement pour r\u00e9duire sa repousse, offrant une solution confortable et professionnelle pour le soin du corps \u00e0 domicile. Il fonctionne branch\u00e9 au <b>r\u00e9seau \u00e9lectrique<\/b> avec une plage de tension de <b>100 &#8211; 240 V<\/b>, garantissant compatibilit\u00e9 et performance stable dans diff\u00e9rentes r\u00e9gions gr\u00e2ce \u00e0 sa <b>prise europ\u00e9enne (EU)<\/b> et son adaptateur secteur inclus. L\u2019utilisation d\u2019une alimentation en courant alternatif permet \u00e0 l\u2019\u00e9pilateur de maintenir une puissance constante durant le traitement, favorisant une application uniforme et efficace. De plus, le pack comprend un <b>manuel d\u2019utilisation<\/b> et une <b>housse<\/b> pratique pour prot\u00e9ger l\u2019appareil, facilitant son transport et son rangement. Ce mod\u00e8le s\u2019adresse aux utilisateurs recherchant une solution technologique avanc\u00e9e, s\u00fbre et durable pour la r\u00e9duction des poils, optimisant confort et efficacit\u00e9 gr\u00e2ce \u00e0 une formule alliant pr\u00e9cision technologique et facilit\u00e9 d\u2019utilisation. En r\u00e9sum\u00e9, le BRI924\/00 repr\u00e9sente une option solide dans la gamme des \u00e9pilateurs IPL pour ceux qui appr\u00e9cient la qualit\u00e9 et la fiabilit\u00e9 offertes par Philips dans le soin personnel.<\/p>\n<ul>\n<li>Produit \u00e0 brancher: Oui<\/li>\n<li>Type de prise: Prise EU<\/li>\n<li>Bloc d\u2019Alimentation: r\u00e9seau \u00e9lectrique<\/li>\n<li>Partie du corps: Visage<\/li>\n<li>Tension: 100 &#8211; 240 V<\/li>\n<li>Technologie: IPL<\/li>\n<li>Non Inclus: Adaptateur AC<\/li>\n<li>Inclut:\n<ul>\n<li>\u00c9tui<\/li>\n<li>Manuel de l&#8217;utilisateur<\/li>\n<\/ul>\n<\/li>\n<li>Filtre: UV<\/li>\n<\/ul>","protected":false},"excerpt":{"rendered":"<p>\u00c9pilateur \u00e0 lumi\u00e8re puls\u00e9e Philips BRI924\/00 est un produit exclusif de qualit\u00e9 pour le soin du corps. Si vous recherchez les meilleurs produits d\u2019hygi\u00e8ne personnelle, les produits Philips 100 % originaux sont exactement ce dont vous avez besoin. La \u00c9pilateur \u00e9lectrique \u00e0 lumi\u00e8re puls\u00e9e BRI924\/00 de Philips est un appareil con\u00e7u pour l\u2019\u00e9limination efficace et [&hellip;]<\/p>\n","protected":false},"featured_media":59213,"comment_status":"open","ping_status":"closed","template":"","meta":[],"product_brand":[315],"product_cat":[1060,1059,752],"product_tag":[722],"class_list":{"0":"post-59214","1":"product","2":"type-product","3":"status-publish","4":"has-post-thumbnail","6":"product_brand-brandp_571","7":"product_cat-epilation-et-rasage","8":"product_cat-esthetique-et-traitements-corporels","9":"product_cat-sante-beaute","10":"product_tag-tag_923","12":"first","13":"instock","14":"taxable","15":"shipping-taxable","16":"purchasable","17":"product-type-simple"},"_links":{"self":[{"href":"https:\/\/bigbuy.tupique.com\/en\/wp-json\/wp\/v2\/product\/59214","targetHints":{"allow":["GET"]}}],"collection":[{"href":"https:\/\/bigbuy.tupique.com\/en\/wp-json\/wp\/v2\/product"}],"about":[{"href":"https:\/\/bigbuy.tupique.com\/en\/wp-json\/wp\/v2\/types\/product"}],"replies":[{"embeddable":true,"href":"https:\/\/bigbuy.tupique.com\/en\/wp-json\/wp\/v2\/comments?post=59214"}],"wp:featuredmedia":[{"embeddable":true,"href":"https:\/\/bigbuy.tupique.com\/en\/wp-json\/wp\/v2\/media\/59213"}],"wp:attachment":[{"href":"https:\/\/bigbuy.tupique.com\/en\/wp-json\/wp\/v2\/media?parent=59214"}],"wp:term":[{"taxonomy":"product_brand","embeddable":true,"href":"https:\/\/bigbuy.tupique.com\/en\/wp-json\/wp\/v2\/product_brand?post=59214"},{"taxonomy":"product_cat","embeddable":true,"href":"https:\/\/bigbuy.tupique.com\/en\/wp-json\/wp\/v2\/product_cat?post=59214"},{"taxonomy":"product_tag","embeddable":true,"href":"https:\/\/bigbuy.tupique.com\/en\/wp-json\/wp\/v2\/product_tag?post=59214"}],"curies":[{"name":"wp","href":"https:\/\/api.w.org\/{rel}","templated":true}]}}