{"id":59212,"date":"2026-04-01T14:35:39","date_gmt":"2026-04-01T13:35:39","guid":{"rendered":"https:\/\/bigbuy.tupique.com\/produto\/dishwasher-balay-3vt4031na-45-cm-integrable\/"},"modified":"2026-04-15T02:19:30","modified_gmt":"2026-04-15T01:19:30","slug":"dishwasher-balay-3vt4031na-45-cm-integrable","status":"publish","type":"product","link":"https:\/\/bigbuy.tupique.com\/en\/produto\/dishwasher-balay-3vt4031na-45-cm-integrable\/","title":{"rendered":"Lave-vaisselle Balay 3VT4031NA 45 cm Int\u00e9grable"},"content":{"rendered":"<p>Si vous pensez r\u00e9nover votre cuisine, achetez <b>Lave-vaisselle Balay 3VT4031NA 45 cm Int\u00e9grable<\/b> et d\u00b4autres <b>produits Balay<\/b> !<\/p>\n<p>Le <b>lave-vaisselle Balay 3VT4031NA<\/b> est un mod\u00e8le int\u00e9grable con\u00e7u pour optimiser l\u2019espace avec une <b>largeur r\u00e9elle de 44,8 cm<\/b>, s\u2019adaptant parfaitement aux cuisines modernes aux espaces restreints. Il offre une <b>capacit\u00e9 de 10 couverts<\/b>, id\u00e9ale pour les foyers de petite \u00e0 moyenne taille. Sa <b>classe \u00e9nerg\u00e9tique E<\/b> garantit une consommation efficace dans sa cat\u00e9gorie, tandis que la consommation d\u2019eau par cycle est de <b>8,9 litres<\/b>, t\u00e9moignant d\u2019une utilisation responsable des ressources hydriques. Parmi ses programmes de lavage, on trouve des cycles sp\u00e9cialis\u00e9s tels que <b>60 minutes \u00e0 65\u00baC<\/b>, Eco, Favori et Pr\u00e9lavage, offrant une flexibilit\u00e9 adapt\u00e9e aux diff\u00e9rents besoins et types de salissures. Il int\u00e8gre \u00e9galement la fonction <b>demi-charge<\/b>, permettant de laver des charges r\u00e9duites efficacement, optimisant temps et consommation \u00e9lectrique. Son design int\u00e9grable est compl\u00e9t\u00e9 par un <b>\u00e9cran int\u00e9gr\u00e9<\/b> facilitant le contr\u00f4le et la s\u00e9lection des programmes, apportant modernit\u00e9 et confort d\u2019utilisation au quotidien. Le lave-vaisselle propose aussi l\u2019option de <b>d\u00e9marrage diff\u00e9r\u00e9 jusqu\u2019\u00e0 24 heures<\/b>, facilitant la planification du lavage selon la convenance de l\u2019utilisateur. Bien que la couleur de la porte ne s\u2019applique pas, \u00e9tant un appareil int\u00e9grable, son format est pens\u00e9 pour une installation totalement encastr\u00e9e, assurant une esth\u00e9tique homog\u00e8ne dans la cuisine. En r\u00e9sum\u00e9, le Balay 3VT4031NA allie fonctionnalit\u00e9, adaptabilit\u00e9 et efficacit\u00e9 pour ceux qui recherchent un lave-vaisselle compact, pratique et aux caract\u00e9ristiques techniques \u00e9quilibr\u00e9es pour un usage quotidien.<\/p>\n<ul>\n<li>Produit \u00e0 brancher: Oui<\/li>\n<li>Type:\n<ul>\n<li>Int\u00e9grable<\/li>\n<li>Lave-vaisselle<\/li>\n<\/ul>\n<\/li>\n<li>Type de prise: Prise EU<\/li>\n<li>Bloc d\u2019Alimentation: r\u00e9seau \u00e9lectrique<\/li>\n<li>Largeur: 45 cm<\/li>\n<li>Caract\u00e9ristiques: \u00c9cran integr\u00e9<\/li>\n<li>Type d&#8217;installation: Int\u00e9grable<\/li>\n<li>Capacit\u00e9 (Nb de couverts): 10<\/li>\n<li>Classification \u00e9nerg\u00e9tique: E<\/li>\n<li>Niveau sonore: 46 dB<\/li>\n<li>Tension: 230 V<\/li>\n<\/ul>","protected":false},"excerpt":{"rendered":"<p>Si vous pensez r\u00e9nover votre cuisine, achetez Lave-vaisselle Balay 3VT4031NA 45 cm Int\u00e9grable et d\u00b4autres produits Balay ! Le lave-vaisselle Balay 3VT4031NA est un mod\u00e8le int\u00e9grable con\u00e7u pour optimiser l\u2019espace avec une largeur r\u00e9elle de 44,8 cm, s\u2019adaptant parfaitement aux cuisines modernes aux espaces restreints. Il offre une capacit\u00e9 de 10 couverts, id\u00e9ale pour les [&hellip;]<\/p>\n","protected":false},"featured_media":59208,"comment_status":"open","ping_status":"closed","template":"","meta":[],"product_brand":[114],"product_cat":[393,60,77],"product_tag":[],"class_list":{"0":"post-59212","1":"product","2":"type-product","3":"status-publish","4":"has-post-thumbnail","6":"product_brand-brandp_1251","7":"product_cat-autres-appareils-de-cuisines","8":"product_cat-cuisine-gourmet","9":"product_cat-petit-electromenager","11":"first","12":"instock","13":"taxable","14":"shipping-taxable","15":"purchasable","16":"product-type-simple"},"_links":{"self":[{"href":"https:\/\/bigbuy.tupique.com\/en\/wp-json\/wp\/v2\/product\/59212","targetHints":{"allow":["GET"]}}],"collection":[{"href":"https:\/\/bigbuy.tupique.com\/en\/wp-json\/wp\/v2\/product"}],"about":[{"href":"https:\/\/bigbuy.tupique.com\/en\/wp-json\/wp\/v2\/types\/product"}],"replies":[{"embeddable":true,"href":"https:\/\/bigbuy.tupique.com\/en\/wp-json\/wp\/v2\/comments?post=59212"}],"wp:featuredmedia":[{"embeddable":true,"href":"https:\/\/bigbuy.tupique.com\/en\/wp-json\/wp\/v2\/media\/59208"}],"wp:attachment":[{"href":"https:\/\/bigbuy.tupique.com\/en\/wp-json\/wp\/v2\/media?parent=59212"}],"wp:term":[{"taxonomy":"product_brand","embeddable":true,"href":"https:\/\/bigbuy.tupique.com\/en\/wp-json\/wp\/v2\/product_brand?post=59212"},{"taxonomy":"product_cat","embeddable":true,"href":"https:\/\/bigbuy.tupique.com\/en\/wp-json\/wp\/v2\/product_cat?post=59212"},{"taxonomy":"product_tag","embeddable":true,"href":"https:\/\/bigbuy.tupique.com\/en\/wp-json\/wp\/v2\/product_tag?post=59212"}],"curies":[{"name":"wp","href":"https:\/\/api.w.org\/{rel}","templated":true}]}}