{"id":59200,"date":"2026-04-01T14:35:21","date_gmt":"2026-04-01T13:35:21","guid":{"rendered":"https:\/\/bigbuy.tupique.com\/produto\/multipurpose-oven-nodor-due-600i-11373268\/"},"modified":"2026-04-15T01:27:08","modified_gmt":"2026-04-15T00:27:08","slug":"multipurpose-oven-nodor-due-600i-11373268","status":"publish","type":"product","link":"https:\/\/bigbuy.tupique.com\/en\/produto\/multipurpose-oven-nodor-due-600i-11373268\/","title":{"rendered":"Four multifonction Nodor DUE.600I 1137+3268"},"content":{"rendered":"<p>Si vous pensez r\u00e9nover votre cuisine, achetez <b>Four multifonction Nodor DUE.600I 1137+3268<\/b> et d\u00b4autres <b>produits Nodor<\/b> !<\/p>\n<p>Le <b>DUE.600I 1137+3268<\/b> de Nodor est un <b>four multifonction<\/b> con\u00e7u pour offrir polyvalence et efficacit\u00e9 dans toute cuisine domestique, s\u2019adaptant aussi bien aux besoins quotidiens qu\u2019aux pr\u00e9parations culinaires plus \u00e9labor\u00e9es. Son <b>installation libre<\/b> offre une flexibilit\u00e9 maximale pour s\u2019int\u00e9grer facilement dans diff\u00e9rents espaces sans travaux, tandis que l\u2019<b>alimentation sur secteur<\/b> et la <b>prise EU<\/b> garantissent une connexion imm\u00e9diate et s\u00fbre dans les foyers europ\u00e9ens. Ce mod\u00e8le int\u00e8gre un <b>minuteur<\/b> pratique permettant de programmer le temps de cuisson, facilitant le contr\u00f4le des recettes et \u00e9vitant les surcuissons, ce qui est particuli\u00e8rement utile lors de t\u00e2ches multiples en cuisine. Le syst\u00e8me \u00e0 <b>fonctions multiples<\/b> propose diverses options de cuisson, id\u00e9ales pour les r\u00f4tis, la p\u00e2tisserie ou les gratins, optimisant les r\u00e9sultats gr\u00e2ce \u00e0 une r\u00e9partition uniforme de la chaleur. De plus, son design <b>facile \u00e0 nettoyer<\/b> simplifie l\u2019entretien et garantit une hygi\u00e8ne sans effort, un atout tr\u00e8s appr\u00e9ci\u00e9 au quotidien. La robustesse de fabrication propre \u00e0 Nodor se combine ici \u00e0 une interface intuitive et \u00e0 des mat\u00e9riaux durables, faisant de ce four un choix fiable pour ceux qui recherchent praticit\u00e9 et fonctionnalit\u00e9s modernes dans leur \u00e9quipement culinaire.<\/p>\n<ul>\n<li>Produit \u00e0 brancher: Oui<\/li>\n<li>Type de prise: Prise EU<\/li>\n<li>Type d&#8217;installation: Auto-assemblage<\/li>\n<li>Type de four: Four multifonction<\/li>\n<li>Bloc d\u2019Alimentation: r\u00e9seau \u00e9lectrique<\/li>\n<li>Caract\u00e9ristiques:\n<ul>\n<li>Minuterie<\/li>\n<li>Facile \u00e0 nettoyer<\/li>\n<\/ul>\n<\/li>\n<li>\u00c9lev\u00e9: 60 cm<\/li>\n<li>Fonctions: Four multifonction<\/li>\n<li>Technologie: Four multifonction<\/li>\n<\/ul>","protected":false},"excerpt":{"rendered":"<p>Si vous pensez r\u00e9nover votre cuisine, achetez Four multifonction Nodor DUE.600I 1137+3268 et d\u00b4autres produits Nodor ! Le DUE.600I 1137+3268 de Nodor est un four multifonction con\u00e7u pour offrir polyvalence et efficacit\u00e9 dans toute cuisine domestique, s\u2019adaptant aussi bien aux besoins quotidiens qu\u2019aux pr\u00e9parations culinaires plus \u00e9labor\u00e9es. Son installation libre offre une flexibilit\u00e9 maximale pour [&hellip;]<\/p>\n","protected":false},"featured_media":59199,"comment_status":"open","ping_status":"closed","template":"","meta":[],"product_brand":[1559],"product_cat":[60,747,77],"product_tag":[55],"class_list":{"0":"post-59200","1":"product","2":"type-product","3":"status-publish","4":"has-post-thumbnail","6":"product_brand-brandp_1298","7":"product_cat-cuisine-gourmet","8":"product_cat-fours","9":"product_cat-petit-electromenager","10":"product_tag-tag_926","12":"first","13":"instock","14":"taxable","15":"shipping-taxable","16":"purchasable","17":"product-type-simple"},"_links":{"self":[{"href":"https:\/\/bigbuy.tupique.com\/en\/wp-json\/wp\/v2\/product\/59200","targetHints":{"allow":["GET"]}}],"collection":[{"href":"https:\/\/bigbuy.tupique.com\/en\/wp-json\/wp\/v2\/product"}],"about":[{"href":"https:\/\/bigbuy.tupique.com\/en\/wp-json\/wp\/v2\/types\/product"}],"replies":[{"embeddable":true,"href":"https:\/\/bigbuy.tupique.com\/en\/wp-json\/wp\/v2\/comments?post=59200"}],"wp:featuredmedia":[{"embeddable":true,"href":"https:\/\/bigbuy.tupique.com\/en\/wp-json\/wp\/v2\/media\/59199"}],"wp:attachment":[{"href":"https:\/\/bigbuy.tupique.com\/en\/wp-json\/wp\/v2\/media?parent=59200"}],"wp:term":[{"taxonomy":"product_brand","embeddable":true,"href":"https:\/\/bigbuy.tupique.com\/en\/wp-json\/wp\/v2\/product_brand?post=59200"},{"taxonomy":"product_cat","embeddable":true,"href":"https:\/\/bigbuy.tupique.com\/en\/wp-json\/wp\/v2\/product_cat?post=59200"},{"taxonomy":"product_tag","embeddable":true,"href":"https:\/\/bigbuy.tupique.com\/en\/wp-json\/wp\/v2\/product_tag?post=59200"}],"curies":[{"name":"wp","href":"https:\/\/api.w.org\/{rel}","templated":true}]}}