{"id":59130,"date":"2026-04-01T14:31:17","date_gmt":"2026-04-01T13:31:17","guid":{"rendered":"https:\/\/bigbuy.tupique.com\/produto\/smartwatch-samsung-watch-4-135-black\/"},"modified":"2026-04-15T00:14:17","modified_gmt":"2026-04-14T23:14:17","slug":"smartwatch-samsung-watch-4-135-black","status":"publish","type":"product","link":"https:\/\/bigbuy.tupique.com\/en\/produto\/smartwatch-samsung-watch-4-135-black\/","title":{"rendered":"Montre intelligente Samsung Watch 4 1,35&#8243; Noir"},"content":{"rendered":"<p>Si vous \u00eates passionn\u00e9 d&#8217;<b>informatique et d&#8217;\u00e9lectronique<\/b>, si vous \u00eates \u00e0 la pointe de la technologie et qu&#8217;aucun d\u00e9tail ne vous \u00e9chappe, achetez <b>Montre intelligente Samsung Watch 4 1,35&#8243; Noir<\/b> au meilleur prix.<\/p>\n<p>Le <b>Samsung SM-R895FZKAPHE<\/b> est une <b>smartwatch<\/b> avanc\u00e9e con\u00e7ue pour les utilisateurs recherchant une combinaison de fonctionnalit\u00e9, connectivit\u00e9 et robustesse dans un appareil compact et \u00e9l\u00e9gant. Son design en <b>noir<\/b>, aussi bien pour le bracelet que pour le cadran, offre un aspect sobre et polyvalent, adapt\u00e9 \u00e0 tous les styles. Cette montre intelligente dispose d\u2019un <b>\u00e9cran tactile<\/b> facilitant l\u2019interaction et la navigation fluide entre ses fonctions. \u00c9quip\u00e9e de la connectivit\u00e9 <b>Wi-Fi<\/b>, elle permet de rester synchronis\u00e9 et de recevoir des notifications sans d\u00e9pendre exclusivement du smartphone, renfor\u00e7ant ainsi l\u2019autonomie de l\u2019utilisateur. Compatible avec plusieurs versions du syst\u00e8me Android, incluant <b>Android 7.1.2, 8.0, 9.0 et particuli\u00e8rement Android 10<\/b>, elle assure une large compatibilit\u00e9 avec les applications et services modernes. De plus, elle b\u00e9n\u00e9ficie de la certification <b>IP68<\/b>, garantissant une r\u00e9sistance \u00e0 l\u2019eau et \u00e0 la poussi\u00e8re, ce qui permet une utilisation en conditions exigeantes et en ext\u00e9rieur sans souci. Cette smartwatch est con\u00e7ue pour offrir une exp\u00e9rience polyvalente, int\u00e9grant connectivit\u00e9 sans fil et interface intuitive pour le suivi de l\u2019activit\u00e9 quotidienne, les notifications et la gestion des fonctions intelligentes. Le <b>syst\u00e8me d\u2019exploitation bas\u00e9 sur Android 10<\/b> apporte stabilit\u00e9 et acc\u00e8s \u00e0 une grande vari\u00e9t\u00e9 d\u2019applications, am\u00e9liorant l\u2019interaction et la personnalisation de l\u2019appareil. En r\u00e9sum\u00e9, le Samsung SM-R895FZKAPHE allie robustesse, connectivit\u00e9 avanc\u00e9e et design fonctionnel dans une montre intelligente capable de s\u2019adapter aussi bien \u00e0 la vie quotidienne qu\u2019\u00e0 des environnements plus exigeants.<\/p>\n<ul>\n<li>Type de montre: Montre intelligente<\/li>\n<li>Ecran:\n<ul>\n<li>1,35&#8243;<\/li>\n<li>1,4&#8243;<\/li>\n<\/ul>\n<\/li>\n<li>Couleur: Noir<\/li>\n<li>Produit \u00e0 brancher: Oui<\/li>\n<li>Type de prise: Prise EU<\/li>\n<li>Caract\u00e9ristiques:\n<ul>\n<li>Sans fil<\/li>\n<li>Ecran tactile<\/li>\n<li>5 atm<\/li>\n<\/ul>\n<\/li>\n<li>Bloc d\u2019Alimentation: r\u00e9seau \u00e9lectrique<\/li>\n<li>Glonass: Oui<\/li>\n<li>Gyroscope: Oui<\/li>\n<li>Classification IP: IP68<\/li>\n<li>Couleur du cadran: Noir<\/li>\n<li>Capacit\u00e9 de la batterie: 350 mAh<\/li>\n<li>Couleur du bracelet: Noir<\/li>\n<li>Syst\u00e8me d&#8217;exploitation:\n<ul>\n<li>Android 10<\/li>\n<li>Wear OS<\/li>\n<\/ul>\n<\/li>\n<li>Connectivit\u00e9:\n<ul>\n<li>Wi-Fi<\/li>\n<li>LTE<\/li>\n<\/ul>\n<\/li>\n<li>Fonctions: Moniteur de Sommeil<\/li>\n<li>Acc\u00e9l\u00e9rom\u00e8tre: Oui<\/li>\n<li>Langue: Fran\u00e7ais<\/li>\n<li>Forme: Rond<\/li>\n<li>\u00c2ge recommand\u00e9: Adultes<\/li>\n<li>Fonctionne \u00e0 piles: 1 Litio Ion, incluidas<\/li>\n<li>Type de batterie: Litio Ion<\/li>\n<li>Connexions: Sans fil<\/li>\n<\/ul>","protected":false},"excerpt":{"rendered":"<p>Si vous \u00eates passionn\u00e9 d&#8217;informatique et d&#8217;\u00e9lectronique, si vous \u00eates \u00e0 la pointe de la technologie et qu&#8217;aucun d\u00e9tail ne vous \u00e9chappe, achetez Montre intelligente Samsung Watch 4 1,35&#8243; Noir au meilleur prix. Le Samsung SM-R895FZKAPHE est une smartwatch avanc\u00e9e con\u00e7ue pour les utilisateurs recherchant une combinaison de fonctionnalit\u00e9, connectivit\u00e9 et robustesse dans un appareil [&hellip;]<\/p>\n","protected":false},"featured_media":59127,"comment_status":"open","ping_status":"closed","template":"","meta":[],"product_brand":[183],"product_cat":[575,65,748],"product_tag":[103,566,106],"class_list":{"0":"post-59130","1":"product","2":"type-product","3":"status-publish","4":"has-post-thumbnail","6":"product_brand-brandp_576","7":"product_cat-electronique-telephonie-et-tablettes","8":"product_cat-informatique-electronique","9":"product_cat-smartwatches","10":"product_tag-tag_1261","11":"product_tag-tag_547","12":"product_tag-tag_1295","14":"first","15":"instock","16":"taxable","17":"shipping-taxable","18":"purchasable","19":"product-type-simple"},"_links":{"self":[{"href":"https:\/\/bigbuy.tupique.com\/en\/wp-json\/wp\/v2\/product\/59130","targetHints":{"allow":["GET"]}}],"collection":[{"href":"https:\/\/bigbuy.tupique.com\/en\/wp-json\/wp\/v2\/product"}],"about":[{"href":"https:\/\/bigbuy.tupique.com\/en\/wp-json\/wp\/v2\/types\/product"}],"replies":[{"embeddable":true,"href":"https:\/\/bigbuy.tupique.com\/en\/wp-json\/wp\/v2\/comments?post=59130"}],"wp:featuredmedia":[{"embeddable":true,"href":"https:\/\/bigbuy.tupique.com\/en\/wp-json\/wp\/v2\/media\/59127"}],"wp:attachment":[{"href":"https:\/\/bigbuy.tupique.com\/en\/wp-json\/wp\/v2\/media?parent=59130"}],"wp:term":[{"taxonomy":"product_brand","embeddable":true,"href":"https:\/\/bigbuy.tupique.com\/en\/wp-json\/wp\/v2\/product_brand?post=59130"},{"taxonomy":"product_cat","embeddable":true,"href":"https:\/\/bigbuy.tupique.com\/en\/wp-json\/wp\/v2\/product_cat?post=59130"},{"taxonomy":"product_tag","embeddable":true,"href":"https:\/\/bigbuy.tupique.com\/en\/wp-json\/wp\/v2\/product_tag?post=59130"}],"curies":[{"name":"wp","href":"https:\/\/api.w.org\/{rel}","templated":true}]}}