{"id":59090,"date":"2026-04-01T14:30:12","date_gmt":"2026-04-01T13:30:12","guid":{"rendered":"https:\/\/bigbuy.tupique.com\/produto\/combined-refrigerator-teka-nfl320-white-188-x-60-cm\/"},"modified":"2026-04-14T23:38:40","modified_gmt":"2026-04-14T22:38:40","slug":"combined-refrigerator-teka-nfl320-white-188-x-60-cm","status":"publish","type":"product","link":"https:\/\/bigbuy.tupique.com\/en\/produto\/combined-refrigerator-teka-nfl320-white-188-x-60-cm\/","title":{"rendered":"R\u00e9frig\u00e9rateur Combin\u00e9 Teka NFL320 Blanc (188 x 60 cm)"},"content":{"rendered":"<p>Si vous pensez r\u00e9nover votre cuisine, achetez <b>R\u00e9frig\u00e9rateur Combin\u00e9 Teka NFL320 Blanc (188 x 60 cm)<\/b> et d\u00b4autres <b>produits Teka<\/b> !<\/p>\n<ul>\n<li>Couleur: Blanc<\/li>\n<li>Classification \u00e9nerg\u00e9tique: F<\/li>\n<li>Niveau sonore: 40 dB<\/li>\n<li>Capacit\u00e9:\n<ul>\n<li>219 L<\/li>\n<li>323 L<\/li>\n<\/ul>\n<\/li>\n<li>Dimensions approx.: 188 x 60 cm<\/li>\n<li>Largeur: 59,5 cm<\/li>\n<li>Bloc d\u2019Alimentation: r\u00e9seau \u00e9lectrique<\/li>\n<li>Produit \u00e0 brancher: Oui<\/li>\n<li>Type de prise: Prise EU<\/li>\n<li>Caract\u00e9ristiques: R\u00e9versible<\/li>\n<li>Direction d&#8217;ouverture: Droite<\/li>\n<li>Fr\u00e9quence: 50 Hz<\/li>\n<li>Compartiments: 4<\/li>\n<li>Tension: 220-240 V<\/li>\n<\/ul>","protected":false},"excerpt":{"rendered":"<p><span class=\"unit-info\">3.2009 &euro; \/ 1 l<\/span><\/p>","protected":false},"featured_media":59087,"comment_status":"open","ping_status":"closed","template":"","meta":[],"product_brand":[667],"product_cat":[60,77,226],"product_tag":[56],"class_list":{"0":"post-59090","1":"product","2":"type-product","3":"status-publish","4":"has-post-thumbnail","6":"product_brand-brandp_1172","7":"product_cat-cuisine-gourmet","8":"product_cat-petit-electromenager","9":"product_cat-refrigerateurs-et-congelateurs","10":"product_tag-tag_930","12":"first","13":"instock","14":"taxable","15":"shipping-taxable","16":"purchasable","17":"product-type-simple"},"_links":{"self":[{"href":"https:\/\/bigbuy.tupique.com\/en\/wp-json\/wp\/v2\/product\/59090","targetHints":{"allow":["GET"]}}],"collection":[{"href":"https:\/\/bigbuy.tupique.com\/en\/wp-json\/wp\/v2\/product"}],"about":[{"href":"https:\/\/bigbuy.tupique.com\/en\/wp-json\/wp\/v2\/types\/product"}],"replies":[{"embeddable":true,"href":"https:\/\/bigbuy.tupique.com\/en\/wp-json\/wp\/v2\/comments?post=59090"}],"wp:featuredmedia":[{"embeddable":true,"href":"https:\/\/bigbuy.tupique.com\/en\/wp-json\/wp\/v2\/media\/59087"}],"wp:attachment":[{"href":"https:\/\/bigbuy.tupique.com\/en\/wp-json\/wp\/v2\/media?parent=59090"}],"wp:term":[{"taxonomy":"product_brand","embeddable":true,"href":"https:\/\/bigbuy.tupique.com\/en\/wp-json\/wp\/v2\/product_brand?post=59090"},{"taxonomy":"product_cat","embeddable":true,"href":"https:\/\/bigbuy.tupique.com\/en\/wp-json\/wp\/v2\/product_cat?post=59090"},{"taxonomy":"product_tag","embeddable":true,"href":"https:\/\/bigbuy.tupique.com\/en\/wp-json\/wp\/v2\/product_tag?post=59090"}],"curies":[{"name":"wp","href":"https:\/\/api.w.org\/{rel}","templated":true}]}}