{"id":59069,"date":"2026-04-01T14:29:42","date_gmt":"2026-04-01T13:29:42","guid":{"rendered":"https:\/\/bigbuy.tupique.com\/produto\/induction-hot-plate-teka-izc63015bkmss-60-cm-3-cooking-areas\/"},"modified":"2026-05-11T19:56:21","modified_gmt":"2026-05-11T17:56:21","slug":"induction-hot-plate-teka-izc63015bkmss-60-cm-3-cooking-areas","status":"publish","type":"product","link":"https:\/\/bigbuy.tupique.com\/en\/produto\/induction-hot-plate-teka-izc63015bkmss-60-cm-3-cooking-areas\/","title":{"rendered":"Plaque \u00e0 Induction Teka IZC63015BKMSS 60 cm (3 Zones de cuisson)"},"content":{"rendered":"<p>Si vous pensez r\u00e9nover votre cuisine, achetez <b>Plaque \u00e0 Induction Teka IZC63015BKMSS 60 cm (3 Zones de cuisson)<\/b> et d\u00b4autres <b>produits Teka<\/b> !<\/p>\n<ul>\n<li>Couleur: Noir<\/li>\n<li>Largeur: 60 cm<\/li>\n<li>Caract\u00e9ristiques:\n<ul>\n<li>Verrouillage pour enfants<\/li>\n<li>Commande tactile<\/li>\n<li>9 niveaux<\/li>\n<li>T\u00e9moin de fonctionnement LED<\/li>\n<li>Arr\u00eat Automatique<\/li>\n<\/ul>\n<\/li>\n<li>Zones de cuisson: 3<\/li>\n<li>puissance:\n<ul>\n<li>7400 W<\/li>\n<li>3600 W<\/li>\n<\/ul>\n<\/li>\n<li>diam\u00e8tre approx.: \u00d8 28 cm<\/li>\n<li>\u00c9cran integr\u00e9: Non<\/li>\n<li>Type:\n<ul>\n<li>Int\u00e9grable<\/li>\n<li>Plaque \u00e0 Induction<\/li>\n<li>Int\u00e9gr\u00e9<\/li>\n<\/ul>\n<\/li>\n<li>Minuterie: Num\u00e9rique<\/li>\n<li>Contr\u00f4le: Tactile<\/li>\n<li>Bloc d\u2019Alimentation:\n<ul>\n<li>r\u00e9seau \u00e9lectrique<\/li>\n<li>\u00c9lectrique<\/li>\n<\/ul>\n<\/li>\n<li>Tension:\n<ul>\n<li>220-240 V<\/li>\n<li>220 V<\/li>\n<\/ul>\n<\/li>\n<li>Dimensions approx.: 60 x 51 x 5 cm<\/li>\n<li>Produit \u00e0 brancher: Oui<\/li>\n<li>Type de prise: Prise EU<\/li>\n<li>Mat\u00e9riel: Plastique<\/li>\n<li>Poids: 10 kg<\/li>\n<li>Forme: Rond<\/li>\n<li>Fr\u00e9quence: 50 &#8211; 60 Hz<\/li>\n<li>Fonction: Minuterie<\/li>\n<li>Type de commande: Tactile<\/li>\n<li>Fonctions: Fonction garder au chaud<\/li>\n<\/ul>","protected":false},"excerpt":{"rendered":"<p>Si vous pensez r\u00e9nover votre cuisine, achetez Plaque \u00e0 Induction Teka IZC63015BKMSS 60 cm (3 Zones de cuisson) et d\u00b4autres produits Teka ! Couleur: Noir Largeur: 60 cm Caract\u00e9ristiques: Verrouillage pour enfants Commande tactile 9 niveaux T\u00e9moin de fonctionnement LED Arr\u00eat Automatique Zones de cuisson: 3 puissance: 7400 W 3600 W diam\u00e8tre approx.: \u00d8 28 [&hellip;]<\/p>\n","protected":false},"featured_media":59068,"comment_status":"open","ping_status":"closed","template":"","meta":[],"product_brand":[667],"product_cat":[60,77,78],"product_tag":[55,56],"class_list":{"0":"post-59069","1":"product","2":"type-product","3":"status-publish","4":"has-post-thumbnail","6":"product_brand-brandp_1172","7":"product_cat-cuisine-gourmet","8":"product_cat-petit-electromenager","9":"product_cat-plaques-de-cuisson","10":"product_tag-tag_926","11":"product_tag-tag_930","13":"first","14":"instock","15":"taxable","16":"shipping-taxable","17":"purchasable","18":"product-type-simple"},"_links":{"self":[{"href":"https:\/\/bigbuy.tupique.com\/en\/wp-json\/wp\/v2\/product\/59069","targetHints":{"allow":["GET"]}}],"collection":[{"href":"https:\/\/bigbuy.tupique.com\/en\/wp-json\/wp\/v2\/product"}],"about":[{"href":"https:\/\/bigbuy.tupique.com\/en\/wp-json\/wp\/v2\/types\/product"}],"replies":[{"embeddable":true,"href":"https:\/\/bigbuy.tupique.com\/en\/wp-json\/wp\/v2\/comments?post=59069"}],"wp:featuredmedia":[{"embeddable":true,"href":"https:\/\/bigbuy.tupique.com\/en\/wp-json\/wp\/v2\/media\/59068"}],"wp:attachment":[{"href":"https:\/\/bigbuy.tupique.com\/en\/wp-json\/wp\/v2\/media?parent=59069"}],"wp:term":[{"taxonomy":"product_brand","embeddable":true,"href":"https:\/\/bigbuy.tupique.com\/en\/wp-json\/wp\/v2\/product_brand?post=59069"},{"taxonomy":"product_cat","embeddable":true,"href":"https:\/\/bigbuy.tupique.com\/en\/wp-json\/wp\/v2\/product_cat?post=59069"},{"taxonomy":"product_tag","embeddable":true,"href":"https:\/\/bigbuy.tupique.com\/en\/wp-json\/wp\/v2\/product_tag?post=59069"}],"curies":[{"name":"wp","href":"https:\/\/api.w.org\/{rel}","templated":true}]}}