{"id":58996,"date":"2026-04-01T14:25:36","date_gmt":"2026-04-01T13:25:36","guid":{"rendered":"https:\/\/bigbuy.tupique.com\/produto\/combined-refrigerator-hisense-rb390n4ace-186-steel\/"},"modified":"2026-04-15T07:03:22","modified_gmt":"2026-04-15T06:03:22","slug":"combined-refrigerator-hisense-rb390n4ace-186-steel","status":"publish","type":"product","link":"https:\/\/bigbuy.tupique.com\/en\/produto\/combined-refrigerator-hisense-rb390n4ace-186-steel\/","title":{"rendered":"R\u00e9frig\u00e9rateur Combin\u00e9 Hisense RB390N4ACE  186 Acier"},"content":{"rendered":"<p>Si vous pensez r\u00e9nover votre cuisine, achetez <b>R\u00e9frig\u00e9rateur Combin\u00e9 Hisense RB390N4ACE  186 Acier<\/b> et d\u00b4autres <b>produits Hisense<\/b> !<\/p>\n<ul>\n<li>Produit \u00e0 brancher: Oui<\/li>\n<li>Type de prise: Prise EU<\/li>\n<li>Type d&#8217;installation: Auto-assemblage<\/li>\n<li>Capacit\u00e9 du r\u00e9frig\u00e9rateur: 207 L<\/li>\n<li>Type: R\u00e9frig\u00e9rateur Combin\u00e9<\/li>\n<li>Fonctions:\n<ul>\n<li>No Frost<\/li>\n<li>Mode vacances<\/li>\n<\/ul>\n<\/li>\n<li>Dimensions approx.:\n<ul>\n<li>59.5 x 58.9 x 186 cm<\/li>\n<li>186 x 60 cm<\/li>\n<\/ul>\n<\/li>\n<li>Bloc d\u2019Alimentation: r\u00e9seau \u00e9lectrique<\/li>\n<li>Couleur: Acier<\/li>\n<li>Largeur:\n<ul>\n<li>60 cm<\/li>\n<li>59,5 cm<\/li>\n<\/ul>\n<\/li>\n<li>Caract\u00e9ristiques: Commande tactile<\/li>\n<li>Classification \u00e9nerg\u00e9tique: E<\/li>\n<li>Technologie:\n<ul>\n<li>Inverter<\/li>\n<li>LED<\/li>\n<\/ul>\n<\/li>\n<li>Hauteur approx,: 190 cm<\/li>\n<li>Direction d&#8217;ouverture: Droite<\/li>\n<li>Fr\u00e9quence: 50 Hz<\/li>\n<li>Thermostat: R\u00e9glable<\/li>\n<li>Tension: 220-240 V<\/li>\n<li>Pieds: Ajustables<\/li>\n<li>Niveau sonore: 39 dB<\/li>\n<li>\u00c9cran integr\u00e9: Non<\/li>\n<li>\u00c9lev\u00e9: 186 cm<\/li>\n<\/ul>","protected":false},"excerpt":{"rendered":"<p>Si vous pensez r\u00e9nover votre cuisine, achetez R\u00e9frig\u00e9rateur Combin\u00e9 Hisense RB390N4ACE 186 Acier et d\u00b4autres produits Hisense ! Produit \u00e0 brancher: Oui Type de prise: Prise EU Type d&#8217;installation: Auto-assemblage Capacit\u00e9 du r\u00e9frig\u00e9rateur: 207 L Type: R\u00e9frig\u00e9rateur Combin\u00e9 Fonctions: No Frost Mode vacances Dimensions approx.: 59.5 x 58.9 x 186 cm 186 x 60 cm [&hellip;]<\/p>\n","protected":false},"featured_media":58995,"comment_status":"open","ping_status":"closed","template":"","meta":[],"product_brand":[1341],"product_cat":[60,77,226],"product_tag":[56],"class_list":{"0":"post-58996","1":"product","2":"type-product","3":"status-publish","4":"has-post-thumbnail","6":"product_brand-brandp_612","7":"product_cat-cuisine-gourmet","8":"product_cat-petit-electromenager","9":"product_cat-refrigerateurs-et-congelateurs","10":"product_tag-tag_930","12":"first","13":"instock","14":"taxable","15":"shipping-taxable","16":"purchasable","17":"product-type-simple"},"_links":{"self":[{"href":"https:\/\/bigbuy.tupique.com\/en\/wp-json\/wp\/v2\/product\/58996","targetHints":{"allow":["GET"]}}],"collection":[{"href":"https:\/\/bigbuy.tupique.com\/en\/wp-json\/wp\/v2\/product"}],"about":[{"href":"https:\/\/bigbuy.tupique.com\/en\/wp-json\/wp\/v2\/types\/product"}],"replies":[{"embeddable":true,"href":"https:\/\/bigbuy.tupique.com\/en\/wp-json\/wp\/v2\/comments?post=58996"}],"wp:featuredmedia":[{"embeddable":true,"href":"https:\/\/bigbuy.tupique.com\/en\/wp-json\/wp\/v2\/media\/58995"}],"wp:attachment":[{"href":"https:\/\/bigbuy.tupique.com\/en\/wp-json\/wp\/v2\/media?parent=58996"}],"wp:term":[{"taxonomy":"product_brand","embeddable":true,"href":"https:\/\/bigbuy.tupique.com\/en\/wp-json\/wp\/v2\/product_brand?post=58996"},{"taxonomy":"product_cat","embeddable":true,"href":"https:\/\/bigbuy.tupique.com\/en\/wp-json\/wp\/v2\/product_cat?post=58996"},{"taxonomy":"product_tag","embeddable":true,"href":"https:\/\/bigbuy.tupique.com\/en\/wp-json\/wp\/v2\/product_tag?post=58996"}],"curies":[{"name":"wp","href":"https:\/\/api.w.org\/{rel}","templated":true}]}}