{"id":58952,"date":"2026-04-01T14:24:20","date_gmt":"2026-04-01T13:24:20","guid":{"rendered":"https:\/\/bigbuy.tupique.com\/produto\/superautomatic-coffee-maker-siemens-ag-tf301e09-black-1300-w-15-bar-14-l\/"},"modified":"2026-04-15T04:33:03","modified_gmt":"2026-04-15T03:33:03","slug":"superautomatic-coffee-maker-siemens-ag-tf301e09-black-1300-w-15-bar-14-l","status":"publish","type":"product","link":"https:\/\/bigbuy.tupique.com\/en\/produto\/superautomatic-coffee-maker-siemens-ag-tf301e09-black-1300-w-15-bar-14-l\/","title":{"rendered":"Cafeti\u00e8re superautomatique Siemens AG TF301E09 Noir 1300 W 15 bar 1,4 L"},"content":{"rendered":"<p>Si vous recherchez des \u00e9lectrom\u00e9nagers pour votre maison aux meilleurs prix, ne manquez pas <b>Cafeti\u00e8re superautomatique Siemens AG TF301E09 Noir 1300 W 15 bar 1,4 L<\/b> et une large s\u00e9lection de petits \u00e9lectrom\u00e9nagers de qualit\u00e9 !<\/p>\n<p>La <b>Machine \u00e0 caf\u00e9 superautomatique Siemens AG TF301E09<\/b> est une solution avanc\u00e9e pour les amateurs de caf\u00e9 recherchant confort et qualit\u00e9 professionnelle \u00e0 domicile, int\u00e9grant de nombreuses fonctionnalit\u00e9s de la gamme moyenne-haute dans le segment des machines espresso automatiques. Sa <b>pression de 15 bars<\/b> garantit une extraction optimale du caf\u00e9, offrant une cr\u00e8me dense et un ar\u00f4me intense \u00e0 chaque tasse, tandis que le &lt;b;moulin int\u00e9gr\u00e9<\/b> permet de moudre les grains juste avant chaque pr\u00e9paration pour pr\u00e9server au maximum la fra\u00eecheur et les nuances du caf\u00e9. Le design en <b>noir<\/b> apporte une touche \u00e9l\u00e9gante et moderne \u00e0 toute cuisine, et l&#8217;<b>\u00e9cran int\u00e9gr\u00e9<\/b> facilite la navigation dans les menus et options de personnalisation, rendant chaque pr\u00e9paration intuitive et pr\u00e9cise m\u00eame pour les utilisateurs peu exp\u00e9riment\u00e9s. Elle dispose d\u2019un <b>filtre \u00e0 eau<\/b> qui contribue \u00e0 la puret\u00e9 et au go\u00fbt de la boisson, \u00e9vitant les impuret\u00e9s et prot\u00e9geant le syst\u00e8me interne contre l\u2019accumulation de calcaire, ce qui prolonge la dur\u00e9e de vie de l\u2019appareil et pr\u00e9serve la qualit\u00e9 constante du caf\u00e9. Sa <b>puissance de 1300 W<\/b> assure un chauffage rapide de l\u2019eau et du syst\u00e8me vapeur, permettant la pr\u00e9paration efficace d\u2019espressos, cappuccinos et autres caf\u00e9s sp\u00e9ciaux avec mousse de lait. Cette cafeti\u00e8re s\u2019adapte \u00e0 diff\u00e9rents go\u00fbts et styles de consommation, se distinguant par sa robustesse et sa facilit\u00e9 d\u2019utilisation en environnement domestique. Une machine intuitive et bien \u00e9quip\u00e9e, la Siemens AG TF301E09 est con\u00e7ue pour ceux qui appr\u00e9cient l\u2019excellence, la personnalisation et le confort dans chaque caf\u00e9 quotidien.<\/p>\n<ul>\n<li>Type:\n<ul>\n<li>Cafeti\u00e8re superautomatique<\/li>\n<li>Cafeti\u00e8re express<\/li>\n<\/ul>\n<\/li>\n<li>Produit \u00e0 brancher: Oui<\/li>\n<li>Bloc d\u2019Alimentation: r\u00e9seau \u00e9lectrique<\/li>\n<li>Couleur: Noir<\/li>\n<li>Caract\u00e9ristiques:\n<ul>\n<li>Filtre \u00e0 eau<\/li>\n<li>Broyeur int\u00e9gr\u00e9<\/li>\n<li>\u00c9cran integr\u00e9<\/li>\n<li>Commande tactile<\/li>\n<\/ul>\n<\/li>\n<li>puissance: 1300 W<\/li>\n<li>Pression: 15 bar<\/li>\n<li>Capacit\u00e9: 1,4 L<\/li>\n<\/ul>","protected":false},"excerpt":{"rendered":"<p>Si vous recherchez des \u00e9lectrom\u00e9nagers pour votre maison aux meilleurs prix, ne manquez pas Cafeti\u00e8re superautomatique Siemens AG TF301E09 Noir 1300 W 15 bar 1,4 L et une large s\u00e9lection de petits \u00e9lectrom\u00e9nagers de qualit\u00e9 ! La Machine \u00e0 caf\u00e9 superautomatique Siemens AG TF301E09 est une solution avanc\u00e9e pour les amateurs de caf\u00e9 recherchant confort [&hellip;]<\/p>\n","protected":false},"featured_media":58951,"comment_status":"open","ping_status":"closed","template":"","meta":[],"product_brand":[851],"product_cat":[725,60,77],"product_tag":[56],"class_list":{"0":"post-58952","1":"product","2":"type-product","3":"status-publish","4":"has-post-thumbnail","6":"product_brand-brandp_930","7":"product_cat-cafetieres","8":"product_cat-cuisine-gourmet","9":"product_cat-petit-electromenager","10":"product_tag-tag_930","12":"first","13":"instock","14":"taxable","15":"shipping-taxable","16":"purchasable","17":"product-type-simple"},"_links":{"self":[{"href":"https:\/\/bigbuy.tupique.com\/en\/wp-json\/wp\/v2\/product\/58952","targetHints":{"allow":["GET"]}}],"collection":[{"href":"https:\/\/bigbuy.tupique.com\/en\/wp-json\/wp\/v2\/product"}],"about":[{"href":"https:\/\/bigbuy.tupique.com\/en\/wp-json\/wp\/v2\/types\/product"}],"replies":[{"embeddable":true,"href":"https:\/\/bigbuy.tupique.com\/en\/wp-json\/wp\/v2\/comments?post=58952"}],"wp:featuredmedia":[{"embeddable":true,"href":"https:\/\/bigbuy.tupique.com\/en\/wp-json\/wp\/v2\/media\/58951"}],"wp:attachment":[{"href":"https:\/\/bigbuy.tupique.com\/en\/wp-json\/wp\/v2\/media?parent=58952"}],"wp:term":[{"taxonomy":"product_brand","embeddable":true,"href":"https:\/\/bigbuy.tupique.com\/en\/wp-json\/wp\/v2\/product_brand?post=58952"},{"taxonomy":"product_cat","embeddable":true,"href":"https:\/\/bigbuy.tupique.com\/en\/wp-json\/wp\/v2\/product_cat?post=58952"},{"taxonomy":"product_tag","embeddable":true,"href":"https:\/\/bigbuy.tupique.com\/en\/wp-json\/wp\/v2\/product_tag?post=58952"}],"curies":[{"name":"wp","href":"https:\/\/api.w.org\/{rel}","templated":true}]}}