{"id":58929,"date":"2026-04-01T14:23:48","date_gmt":"2026-04-01T13:23:48","guid":{"rendered":"https:\/\/bigbuy.tupique.com\/produto\/induction-hot-plate-beko-hixi64700uf-60-cm-7400-w\/"},"modified":"2026-04-15T22:54:34","modified_gmt":"2026-04-15T21:54:34","slug":"induction-hot-plate-beko-hixi64700uf-60-cm-7400-w","status":"publish","type":"product","link":"https:\/\/bigbuy.tupique.com\/en\/produto\/induction-hot-plate-beko-hixi64700uf-60-cm-7400-w\/","title":{"rendered":"Plaque \u00e0 Induction BEKO HIXI64700UF 60 cm 7400 W"},"content":{"rendered":"<p>Si vous pensez r\u00e9nover votre cuisine, achetez <b>Plaque \u00e0 Induction BEKO HIXI64700UF 60 cm 7400 W<\/b> et d\u00b4autres <b>produits BEKO<\/b> !<\/p>\n<ul>\n<li>Produit \u00e0 brancher: Oui<\/li>\n<li>Type de prise: Prise EU<\/li>\n<li>Type:\n<ul>\n<li>Plaque \u00e0 Induction<\/li>\n<li>Int\u00e9gr\u00e9<\/li>\n<\/ul>\n<\/li>\n<li>Bloc d\u2019Alimentation:\n<ul>\n<li>r\u00e9seau \u00e9lectrique<\/li>\n<li>C\u00e2ble \u00e9lectrique<\/li>\n<\/ul>\n<\/li>\n<li>Couleur: Noir<\/li>\n<li>Largeur: 60 cm<\/li>\n<li>Caract\u00e9ristiques:\n<ul>\n<li>Minuterie<\/li>\n<li>Verrouillage pour enfants<\/li>\n<li>\u00c9cran integr\u00e9<\/li>\n<li>Commande tactile<\/li>\n<li>9 niveaux<\/li>\n<li>Arr\u00eat Automatique<\/li>\n<li>Interrupteur marche\/arr\u00eat<\/li>\n<\/ul>\n<\/li>\n<li>Type d&#8217;installation: Int\u00e9grable<\/li>\n<li>puissance: 7400 W<\/li>\n<li>Zones de cuisson: 4<\/li>\n<li>Arr\u00eat Automatique: Oui<\/li>\n<li>Fonctions: Minuterie<\/li>\n<li>Classification \u00e9nerg\u00e9tique: A<\/li>\n<li>Forme: Rectangulaire<\/li>\n<li>Technologie: LED<\/li>\n<li>Fr\u00e9quence: 50 Hz<\/li>\n<li>Inclut: Ecran<\/li>\n<li>Type de commande: Tactile<\/li>\n<li>Tension: 220-240 V<\/li>\n<li>Long:\n<ul>\n<li>52 cm<\/li>\n<li>83 cm<\/li>\n<\/ul>\n<\/li>\n<\/ul>","protected":false},"excerpt":{"rendered":"<p>Si vous pensez r\u00e9nover votre cuisine, achetez Plaque \u00e0 Induction BEKO HIXI64700UF 60 cm 7400 W et d\u00b4autres produits BEKO ! Produit \u00e0 brancher: Oui Type de prise: Prise EU Type: Plaque \u00e0 Induction Int\u00e9gr\u00e9 Bloc d\u2019Alimentation: r\u00e9seau \u00e9lectrique C\u00e2ble \u00e9lectrique Couleur: Noir Largeur: 60 cm Caract\u00e9ristiques: Minuterie Verrouillage pour enfants \u00c9cran integr\u00e9 Commande tactile [&hellip;]<\/p>\n","protected":false},"featured_media":58928,"comment_status":"open","ping_status":"closed","template":"","meta":[],"product_brand":[825],"product_cat":[60,77,78],"product_tag":[55,56],"class_list":{"0":"post-58929","1":"product","2":"type-product","3":"status-publish","4":"has-post-thumbnail","6":"product_brand-brandp_1255","7":"product_cat-cuisine-gourmet","8":"product_cat-petit-electromenager","9":"product_cat-plaques-de-cuisson","10":"product_tag-tag_926","11":"product_tag-tag_930","13":"first","14":"instock","15":"taxable","16":"shipping-taxable","17":"purchasable","18":"product-type-simple"},"_links":{"self":[{"href":"https:\/\/bigbuy.tupique.com\/en\/wp-json\/wp\/v2\/product\/58929","targetHints":{"allow":["GET"]}}],"collection":[{"href":"https:\/\/bigbuy.tupique.com\/en\/wp-json\/wp\/v2\/product"}],"about":[{"href":"https:\/\/bigbuy.tupique.com\/en\/wp-json\/wp\/v2\/types\/product"}],"replies":[{"embeddable":true,"href":"https:\/\/bigbuy.tupique.com\/en\/wp-json\/wp\/v2\/comments?post=58929"}],"wp:featuredmedia":[{"embeddable":true,"href":"https:\/\/bigbuy.tupique.com\/en\/wp-json\/wp\/v2\/media\/58928"}],"wp:attachment":[{"href":"https:\/\/bigbuy.tupique.com\/en\/wp-json\/wp\/v2\/media?parent=58929"}],"wp:term":[{"taxonomy":"product_brand","embeddable":true,"href":"https:\/\/bigbuy.tupique.com\/en\/wp-json\/wp\/v2\/product_brand?post=58929"},{"taxonomy":"product_cat","embeddable":true,"href":"https:\/\/bigbuy.tupique.com\/en\/wp-json\/wp\/v2\/product_cat?post=58929"},{"taxonomy":"product_tag","embeddable":true,"href":"https:\/\/bigbuy.tupique.com\/en\/wp-json\/wp\/v2\/product_tag?post=58929"}],"curies":[{"name":"wp","href":"https:\/\/api.w.org\/{rel}","templated":true}]}}