{"id":58913,"date":"2026-04-01T14:22:12","date_gmt":"2026-04-01T13:22:12","guid":{"rendered":"https:\/\/bigbuy.tupique.com\/produto\/refrigerator-samsung-rt31cg5624s9es-steel\/"},"modified":"2026-04-15T01:27:28","modified_gmt":"2026-04-15T00:27:28","slug":"refrigerator-samsung-rt31cg5624s9es-steel","status":"publish","type":"product","link":"https:\/\/bigbuy.tupique.com\/en\/produto\/refrigerator-samsung-rt31cg5624s9es-steel\/","title":{"rendered":"R\u00e9frig\u00e9rateur Samsung RT31CG5624S9ES Acier"},"content":{"rendered":"<p>Si vous pensez r\u00e9nover votre cuisine, achetez <b>R\u00e9frig\u00e9rateur Samsung RT31CG5624S9ES Acier<\/b> et d\u00b4autres <b>produits Samsung<\/b> !<\/p>\n<p>Le <b>r\u00e9frig\u00e9rateur Samsung RT31CG5624S9ES<\/b> se distingue comme une solution efficace et moderne pour la conservation des aliments, con\u00e7u pour s\u2019int\u00e9grer facilement dans des espaces avec une <b>largeur de 60 cm<\/b> et des <b>dimensions approximatives de 172 x 60 cm<\/b>. Sa finition en <b>acier<\/b> offre un aspect \u00e9l\u00e9gant et contemporain qui s\u2019accorde avec diff\u00e9rents styles de cuisine. Ce mod\u00e8le int\u00e8gre la technologie <b>Inverter<\/b>, qui optimise la consommation d\u2019\u00e9nergie et r\u00e9duit le niveau sonore, contribuant \u00e0 une plus grande durabilit\u00e9 du compresseur et \u00e0 un fonctionnement plus silencieux. Il dispose de la <b>connectivit\u00e9 Wi-Fi<\/b>, une fonctionnalit\u00e9 avanc\u00e9e permettant de contr\u00f4ler et de surveiller le r\u00e9frig\u00e9rateur via des applications mobiles, facilitant la gestion de ses performances et des alertes \u00e0 distance pour plus de confort. La <b>classe \u00e9nerg\u00e9tique E<\/b> indique un bon \u00e9quilibre entre puissance et efficacit\u00e9, adapt\u00e9 aux utilisateurs recherchant un compromis entre consommation et performances. Con\u00e7u par Samsung, ce r\u00e9frig\u00e9rateur allie technologie et fonctionnalit\u00e9, offrant une capacit\u00e9 et des dimensions pens\u00e9es pour les foyers n\u00e9cessitant un appareil fiable et polyvalent pour leur r\u00e9frig\u00e9ration. Son design et sa technologie en font une option pratique et avanc\u00e9e dans sa cat\u00e9gorie, id\u00e9ale pour ceux qui valorisent la connectivit\u00e9 et les \u00e9conomies d\u2019\u00e9nergie dans un appareil de taille moyenne.<\/p>\n<ul>\n<li>Produit \u00e0 brancher: Oui<\/li>\n<li>Type de prise: Prise EU<\/li>\n<li>Bloc d\u2019Alimentation: r\u00e9seau \u00e9lectrique<\/li>\n<li>Couleur: Acier<\/li>\n<li>Largeur: 60 cm<\/li>\n<li>Caract\u00e9ristiques: \u00c9cran integr\u00e9<\/li>\n<li>Connectivit\u00e9: Wi-Fi<\/li>\n<li>Classification \u00e9nerg\u00e9tique: E<\/li>\n<li>Capacit\u00e9: 305 L<\/li>\n<li>Type: LED<\/li>\n<li>Technologie: Inverter<\/li>\n<li>Dimensions approx.: 172 x 60 cm<\/li>\n<li>Direction d&#8217;ouverture: Droite<\/li>\n<li>Niveau sonore: 39 dB<\/li>\n<\/ul>","protected":false},"excerpt":{"rendered":"<p><span class=\"unit-info\">3.0655 &euro; \/ 1 l<\/span><\/p>","protected":false},"featured_media":58911,"comment_status":"open","ping_status":"closed","template":"","meta":[],"product_brand":[183],"product_cat":[60,77,226],"product_tag":[56],"class_list":{"0":"post-58913","1":"product","2":"type-product","3":"status-publish","4":"has-post-thumbnail","6":"product_brand-brandp_576","7":"product_cat-cuisine-gourmet","8":"product_cat-petit-electromenager","9":"product_cat-refrigerateurs-et-congelateurs","10":"product_tag-tag_930","12":"first","13":"instock","14":"taxable","15":"shipping-taxable","16":"purchasable","17":"product-type-simple"},"_links":{"self":[{"href":"https:\/\/bigbuy.tupique.com\/en\/wp-json\/wp\/v2\/product\/58913","targetHints":{"allow":["GET"]}}],"collection":[{"href":"https:\/\/bigbuy.tupique.com\/en\/wp-json\/wp\/v2\/product"}],"about":[{"href":"https:\/\/bigbuy.tupique.com\/en\/wp-json\/wp\/v2\/types\/product"}],"replies":[{"embeddable":true,"href":"https:\/\/bigbuy.tupique.com\/en\/wp-json\/wp\/v2\/comments?post=58913"}],"wp:featuredmedia":[{"embeddable":true,"href":"https:\/\/bigbuy.tupique.com\/en\/wp-json\/wp\/v2\/media\/58911"}],"wp:attachment":[{"href":"https:\/\/bigbuy.tupique.com\/en\/wp-json\/wp\/v2\/media?parent=58913"}],"wp:term":[{"taxonomy":"product_brand","embeddable":true,"href":"https:\/\/bigbuy.tupique.com\/en\/wp-json\/wp\/v2\/product_brand?post=58913"},{"taxonomy":"product_cat","embeddable":true,"href":"https:\/\/bigbuy.tupique.com\/en\/wp-json\/wp\/v2\/product_cat?post=58913"},{"taxonomy":"product_tag","embeddable":true,"href":"https:\/\/bigbuy.tupique.com\/en\/wp-json\/wp\/v2\/product_tag?post=58913"}],"curies":[{"name":"wp","href":"https:\/\/api.w.org\/{rel}","templated":true}]}}